{"id":94,"date":"2016-03-31T14:05:47","date_gmt":"2016-03-31T14:05:47","guid":{"rendered":"http:\/\/visit.remich.lightbulb.lu\/?page_id=94"},"modified":"2026-02-25T14:19:13","modified_gmt":"2026-02-25T13:19:13","slug":"syndicat-dinitiative","status":"publish","type":"page","link":"https:\/\/visitremich.lu\/lb\/la-ville\/syndicat-dinitiative\/","title":{"rendered":"Syndicat d&#8217;Initiative"},"content":{"rendered":"<p>De Syndicat d&#8217;Initiative vun der Stad R\u00e9imech ass responsabel fir eng Rei un Aktivit\u00e9iten, d\u00e9i ganz Joer zu R\u00e9imech sinn. D&#8217;Haaptaufgab l\u00e4it an der Promotioun vu R\u00e9imech \u00a0a fir Visiteuren unzez\u00e9ien.<\/p>\n<p><img loading=\"lazy\" decoding=\"async\" class=\"size-medium wp-image-6367 alignleft\" src=\"https:\/\/visitremich.lu\/wp-content\/uploads\/sites\/2\/2023\/12\/AE_0818-200x300.jpg\" alt=\"\" width=\"200\" height=\"300\" srcset=\"https:\/\/visitremich.lu\/wp-content\/uploads\/sites\/2\/2023\/12\/AE_0818-200x300.jpg 200w, https:\/\/visitremich.lu\/wp-content\/uploads\/sites\/2\/2023\/12\/AE_0818-683x1024.jpg 683w, https:\/\/visitremich.lu\/wp-content\/uploads\/sites\/2\/2023\/12\/AE_0818.jpg 1334w\" sizes=\"auto, (max-width: 200px) 100vw, 200px\" \/>De Syndicat organis\u00e9iert verschidden Eventer am Joer, d\u00e9i feste Bestanddeel vu R\u00e9imech an der ganzer Regioun sinn. Ervirhiewe kann een hei dat bel\u00e9ifte Bacchusfescht de 15. August, de Kleeschen, deen den 1. Sonndeg am Dezember mam Sch\u00ebff k\u00ebnnt oder awer d&#8217;Ouschteree\u00ebrsich op Ouschtersonndeg an och d&#8217;F\u00eate de la Musique.<\/p>\n<p>Eng vun den Haaptattraktioune vu R\u00e9imech ass de Minigolf op der Esplanade. Et ass ee vun deene gr\u00e9isste Minigolfen an der Groussregioun a g\u00ebtt vum Syndicat bedriwwen. S\u00e4it 2009 ass um Site och een 250m laange Minicar-Parcours. Ausserdeem gouf 2016 e Waasserbuer a Form vun engem Krunn um Site install\u00e9iert, deen och ganz g\u00e4r vun de Visiteure fotograf\u00e9iert g\u00ebtt.<\/p>\n<p>Um Site vum Minigolf kann een awer och Cornhole spillen, V\u00ebloe lounen oder e Wine Hike buchen \u2013 eng perfekt M\u00e9iglechkeet fir gl\u00e4ichz\u00e4iteg d&#8217;Regioun ze entdecken, e b\u00ebsse Sport ze maachen an d\u00e9i lokal W\u00e4iner ze schmaachen.<\/p>\n<p>De Syndicat d\u2019Initiative leet e granze grousse Fokus op de Service um Client an dat vun der Begr\u00e9issung iwwer d&#8217;Bereetstellung vu Brosch\u00fcre bis zur Berodung. M\u00e9i Infoe kritt Dir an der Tourist Info, um Rez-de-Chauss\u00e9e vum Centre visit Remich, dat vum renomm\u00e9ierte l\u00ebtzebuergeschen Architekt Fran\u00e7ois Valentiny designed gouf.<\/p>\n<h3><b class=\"\">Geschicht an Hannergrond vum Syndicat<\/b><\/h3>\n<p>De Syndicat d\u2019Initiative et de Tourisme vun der Stad R\u00e9imech gouf 1965 gegr\u00ebnnt an eis eng gemengn\u00ebtzeg Organisatioun. Dow\u00e9inst si mir op de Benevolat ugewisen a free\u00ebn eis iwwer all Fr\u00e4iw\u00ebllegen, deen eis w\u00ebll a w\u00e9i enger Form och \u00ebmmer h\u00ebllefen. W\u00ebll Dir g\u00e4r Member beim Syndicat ginn oder op fr\u00e4iw\u00eblleger Basis bei eis matschaffen, da sch\u00e9ckt eis einfach eng Email op <a class=\"\" title=\"mailto:syndrem@pt.lu\" href=\"mailto:syndrem@pt.lu\" target=\"_new\" rel=\"noopener noreferrer\">syndrem@pt.lu<\/a>. Konditioune ginn et keng. Gutt Laut an einfach Loscht fir eppes fir R\u00e9imech ze maache ginn duer.<\/p>\n<div class=\"\"><\/div>\n","protected":false},"excerpt":{"rendered":"<p>De Syndicat d&#8217;Initiative vun der Stad R\u00e9imech ass responsabel fir eng Rei un Aktivit\u00e9iten, d\u00e9i ganz Joer zu R\u00e9imech sinn. D&#8217;Haaptaufgab l\u00e4it an der Promotioun vu R\u00e9imech \u00a0a fir Visiteuren unzez\u00e9ien. De Syndicat organis\u00e9iert verschidden Eventer am Joer, d\u00e9i feste Bestanddeel vu R\u00e9imech an der ganzer Regioun sinn. Ervirhiewe kann een hei dat bel\u00e9ifte Bacchusfescht&#8230;  <a class=\"excerpt-read-more\" href=\"https:\/\/visitremich.lu\/lb\/la-ville\/syndicat-dinitiative\/\" title=\"LiesenSyndicat d&#8217;Initiative\">Lire plus &raquo;<\/a><\/p>\n","protected":false},"author":1,"featured_media":6382,"parent":27,"menu_order":5,"comment_status":"closed","ping_status":"closed","template":"page-with-sidebar.php","meta":{"_acf_changed":false,"footnotes":""},"class_list":["post-94","page","type-page","status-publish","has-post-thumbnail","hentry"],"acf":[],"yoast_head":"<!-- This site is optimized with the Yoast SEO plugin v26.7 - https:\/\/yoast.com\/wordpress\/plugins\/seo\/ -->\n<title>Syndicat d&#039;Initiative - Visit Remich<\/title>\n<meta name=\"robots\" content=\"index, follow, max-snippet:-1, max-image-preview:large, max-video-preview:-1\" \/>\n<link rel=\"canonical\" href=\"https:\/\/visitremich.lu\/la-ville\/syndicat-dinitiative\/\" \/>\n<meta property=\"og:locale\" content=\"en_US\" \/>\n<meta property=\"og:type\" content=\"article\" \/>\n<meta property=\"og:title\" content=\"Syndicat d&#039;Initiative - Visit Remich\" \/>\n<meta property=\"og:description\" content=\"De Syndicat d&#8217;Initiative vun der Stad R\u00e9imech ass responsabel fir eng Rei un Aktivit\u00e9iten, d\u00e9i ganz Joer zu R\u00e9imech sinn. D&#8217;Haaptaufgab l\u00e4it an der Promotioun vu R\u00e9imech \u00a0a fir Visiteuren unzez\u00e9ien. De Syndicat organis\u00e9iert verschidden Eventer am Joer, d\u00e9i feste Bestanddeel vu R\u00e9imech an der ganzer Regioun sinn. Ervirhiewe kann een hei dat bel\u00e9ifte Bacchusfescht... Lire plus &raquo;\" \/>\n<meta property=\"og:url\" content=\"https:\/\/visitremich.lu\/la-ville\/syndicat-dinitiative\/\" \/>\n<meta property=\"og:site_name\" content=\"Visit Remich\" \/>\n<meta property=\"article:modified_time\" content=\"2026-02-25T13:19:13+00:00\" \/>\n<meta property=\"og:image\" content=\"https:\/\/visitremich.lu\/wp-content\/uploads\/sites\/2\/2023\/12\/Drone-Remich-5-1024x576.png\" \/>\n\t<meta property=\"og:image:width\" content=\"1024\" \/>\n\t<meta property=\"og:image:height\" content=\"576\" \/>\n\t<meta property=\"og:image:type\" content=\"image\/png\" \/>\n<meta name=\"twitter:card\" content=\"summary_large_image\" \/>\n<meta name=\"twitter:label1\" content=\"Est. reading time\" \/>\n\t<meta name=\"twitter:data1\" content=\"3 minutes\" \/>\n<script type=\"application\/ld+json\" class=\"yoast-schema-graph\">{\"@context\":\"https:\/\/schema.org\",\"@graph\":[{\"@type\":\"WebPage\",\"@id\":\"https:\/\/visitremich.lu\/la-ville\/syndicat-dinitiative\/\",\"url\":\"https:\/\/visitremich.lu\/la-ville\/syndicat-dinitiative\/\",\"name\":\"Syndicat d'Initiative - Visit Remich\",\"isPartOf\":{\"@id\":\"https:\/\/visitremich.lu\/de\/#website\"},\"primaryImageOfPage\":{\"@id\":\"https:\/\/visitremich.lu\/la-ville\/syndicat-dinitiative\/#primaryimage\"},\"image\":{\"@id\":\"https:\/\/visitremich.lu\/la-ville\/syndicat-dinitiative\/#primaryimage\"},\"thumbnailUrl\":\"https:\/\/visitremich.lu\/wp-content\/uploads\/sites\/2\/2023\/12\/Drone-Remich-5.png\",\"datePublished\":\"2016-03-31T14:05:47+00:00\",\"dateModified\":\"2026-02-25T13:19:13+00:00\",\"breadcrumb\":{\"@id\":\"https:\/\/visitremich.lu\/la-ville\/syndicat-dinitiative\/#breadcrumb\"},\"inLanguage\":\"lb-LU\",\"potentialAction\":[{\"@type\":\"ReadAction\",\"target\":[\"https:\/\/visitremich.lu\/la-ville\/syndicat-dinitiative\/\"]}]},{\"@type\":\"ImageObject\",\"inLanguage\":\"lb-LU\",\"@id\":\"https:\/\/visitremich.lu\/la-ville\/syndicat-dinitiative\/#primaryimage\",\"url\":\"https:\/\/visitremich.lu\/wp-content\/uploads\/sites\/2\/2023\/12\/Drone-Remich-5.png\",\"contentUrl\":\"https:\/\/visitremich.lu\/wp-content\/uploads\/sites\/2\/2023\/12\/Drone-Remich-5.png\",\"width\":2000,\"height\":1125},{\"@type\":\"BreadcrumbList\",\"@id\":\"https:\/\/visitremich.lu\/la-ville\/syndicat-dinitiative\/#breadcrumb\",\"itemListElement\":[{\"@type\":\"ListItem\",\"position\":1,\"name\":\"Home\",\"item\":\"https:\/\/visitremich.lu\/de\/\"},{\"@type\":\"ListItem\",\"position\":2,\"name\":\"D&#8217;Stad\",\"item\":\"https:\/\/visitremich.lu\/lb\/la-ville\/\"},{\"@type\":\"ListItem\",\"position\":3,\"name\":\"Syndicat d&#8217;Initiative\"}]},{\"@type\":\"WebSite\",\"@id\":\"https:\/\/visitremich.lu\/de\/#website\",\"url\":\"https:\/\/visitremich.lu\/de\/\",\"name\":\"Visit Remich\",\"description\":\"\",\"potentialAction\":[{\"@type\":\"SearchAction\",\"target\":{\"@type\":\"EntryPoint\",\"urlTemplate\":\"https:\/\/visitremich.lu\/de\/?s={search_term_string}\"},\"query-input\":{\"@type\":\"PropertyValueSpecification\",\"valueRequired\":true,\"valueName\":\"search_term_string\"}}],\"inLanguage\":\"lb-LU\"}]}<\/script>\n<!-- \/ Yoast SEO plugin. -->","yoast_head_json":{"title":"Syndicat d'Initiative - Visit Remich","robots":{"index":"index","follow":"follow","max-snippet":"max-snippet:-1","max-image-preview":"max-image-preview:large","max-video-preview":"max-video-preview:-1"},"canonical":"https:\/\/visitremich.lu\/la-ville\/syndicat-dinitiative\/","og_locale":"en_US","og_type":"article","og_title":"Syndicat d'Initiative - Visit Remich","og_description":"De Syndicat d&#8217;Initiative vun der Stad R\u00e9imech ass responsabel fir eng Rei un Aktivit\u00e9iten, d\u00e9i ganz Joer zu R\u00e9imech sinn. D&#8217;Haaptaufgab l\u00e4it an der Promotioun vu R\u00e9imech \u00a0a fir Visiteuren unzez\u00e9ien. De Syndicat organis\u00e9iert verschidden Eventer am Joer, d\u00e9i feste Bestanddeel vu R\u00e9imech an der ganzer Regioun sinn. Ervirhiewe kann een hei dat bel\u00e9ifte Bacchusfescht... Lire plus &raquo;","og_url":"https:\/\/visitremich.lu\/la-ville\/syndicat-dinitiative\/","og_site_name":"Visit Remich","article_modified_time":"2026-02-25T13:19:13+00:00","og_image":[{"width":1024,"height":576,"url":"https:\/\/visitremich.lu\/wp-content\/uploads\/sites\/2\/2023\/12\/Drone-Remich-5-1024x576.png","type":"image\/png"}],"twitter_card":"summary_large_image","twitter_misc":{"Est. reading time":"3 minutes"},"schema":{"@context":"https:\/\/schema.org","@graph":[{"@type":"WebPage","@id":"https:\/\/visitremich.lu\/la-ville\/syndicat-dinitiative\/","url":"https:\/\/visitremich.lu\/la-ville\/syndicat-dinitiative\/","name":"Syndicat d'Initiative - Visit Remich","isPartOf":{"@id":"https:\/\/visitremich.lu\/de\/#website"},"primaryImageOfPage":{"@id":"https:\/\/visitremich.lu\/la-ville\/syndicat-dinitiative\/#primaryimage"},"image":{"@id":"https:\/\/visitremich.lu\/la-ville\/syndicat-dinitiative\/#primaryimage"},"thumbnailUrl":"https:\/\/visitremich.lu\/wp-content\/uploads\/sites\/2\/2023\/12\/Drone-Remich-5.png","datePublished":"2016-03-31T14:05:47+00:00","dateModified":"2026-02-25T13:19:13+00:00","breadcrumb":{"@id":"https:\/\/visitremich.lu\/la-ville\/syndicat-dinitiative\/#breadcrumb"},"inLanguage":"lb-LU","potentialAction":[{"@type":"ReadAction","target":["https:\/\/visitremich.lu\/la-ville\/syndicat-dinitiative\/"]}]},{"@type":"ImageObject","inLanguage":"lb-LU","@id":"https:\/\/visitremich.lu\/la-ville\/syndicat-dinitiative\/#primaryimage","url":"https:\/\/visitremich.lu\/wp-content\/uploads\/sites\/2\/2023\/12\/Drone-Remich-5.png","contentUrl":"https:\/\/visitremich.lu\/wp-content\/uploads\/sites\/2\/2023\/12\/Drone-Remich-5.png","width":2000,"height":1125},{"@type":"BreadcrumbList","@id":"https:\/\/visitremich.lu\/la-ville\/syndicat-dinitiative\/#breadcrumb","itemListElement":[{"@type":"ListItem","position":1,"name":"Home","item":"https:\/\/visitremich.lu\/de\/"},{"@type":"ListItem","position":2,"name":"D&#8217;Stad","item":"https:\/\/visitremich.lu\/lb\/la-ville\/"},{"@type":"ListItem","position":3,"name":"Syndicat d&#8217;Initiative"}]},{"@type":"WebSite","@id":"https:\/\/visitremich.lu\/de\/#website","url":"https:\/\/visitremich.lu\/de\/","name":"Visit Remich","description":"","potentialAction":[{"@type":"SearchAction","target":{"@type":"EntryPoint","urlTemplate":"https:\/\/visitremich.lu\/de\/?s={search_term_string}"},"query-input":{"@type":"PropertyValueSpecification","valueRequired":true,"valueName":"search_term_string"}}],"inLanguage":"lb-LU"}]}},"_links":{"self":[{"href":"https:\/\/visitremich.lu\/lb\/wp-json\/wp\/v2\/pages\/94","targetHints":{"allow":["GET"]}}],"collection":[{"href":"https:\/\/visitremich.lu\/lb\/wp-json\/wp\/v2\/pages"}],"about":[{"href":"https:\/\/visitremich.lu\/lb\/wp-json\/wp\/v2\/types\/page"}],"author":[{"embeddable":true,"href":"https:\/\/visitremich.lu\/lb\/wp-json\/wp\/v2\/users\/1"}],"replies":[{"embeddable":true,"href":"https:\/\/visitremich.lu\/lb\/wp-json\/wp\/v2\/comments?post=94"}],"version-history":[{"count":30,"href":"https:\/\/visitremich.lu\/lb\/wp-json\/wp\/v2\/pages\/94\/revisions"}],"predecessor-version":[{"id":8494,"href":"https:\/\/visitremich.lu\/lb\/wp-json\/wp\/v2\/pages\/94\/revisions\/8494"}],"up":[{"embeddable":true,"href":"https:\/\/visitremich.lu\/lb\/wp-json\/wp\/v2\/pages\/27"}],"wp:featuredmedia":[{"embeddable":true,"href":"https:\/\/visitremich.lu\/lb\/wp-json\/wp\/v2\/media\/6382"}],"wp:attachment":[{"href":"https:\/\/visitremich.lu\/lb\/wp-json\/wp\/v2\/media?parent=94"}],"curies":[{"name":"wp","href":"https:\/\/api.w.org\/{rel}","templated":true}]}}