{"id":92,"date":"2016-03-31T14:05:20","date_gmt":"2016-03-31T14:05:20","guid":{"rendered":"http:\/\/visit.remich.lightbulb.lu\/?page_id=92"},"modified":"2024-09-10T14:22:42","modified_gmt":"2024-09-10T13:22:42","slug":"introductioun","status":"publish","type":"page","link":"https:\/\/visitremich.lu\/lb\/la-ville\/introductioun\/","title":{"rendered":"Moien"},"content":{"rendered":"<p>R\u00e9imech, oder an der Antik &#8220;Remacum&#8221; genannt, woar fr\u00e9ier een Dr\u00e9i- an Aangelpunkt fir F\u00ebscher a Bootsm\u00e4nner. W\u00e4hrend de leschte Joerhonnerten gouf d&#8217;Stad \u00ebmmer r\u00ebm vu sengen Eruewerer zerst\u00e9iert, sou dass eng Festung ronder\u00ebm opgebaut gouf, vun d\u00e4r een haut nach d&#8217;Iwwerreschter ka gesinn.<\/p>\n<p>Haut ass R\u00e9imech eng kleng Touristestad op der Europastreck Saarbr\u00e9cken-L\u00ebtzebuerg. Hei bef\u00ebnnt ee sech an engem romantesche Panorama vu W\u00e9ngerten an dichte B\u00ebscher, d\u00e9i R\u00e9imech w\u00e9i en Amphitheater \u00ebmginn. An d&#8217;B\u00fchn ass d&#8217;Musel. Um Bord vum Floss kann een iwwert d\u00e9i 3 Kilometer laang Promenad tr\u00ebppelen, \u00ebnnert de Kiichten- a Lannebeem erduerch, a sech d&#8217;Booter, d&#8217;Sch\u00ebffer oder eng Hellewull u Waassersportaktivit\u00e9iten ukucken.<\/p>\n<p>Dee ber\u00fchmte Bacchus-Bur vum l\u00ebtzebuerger Artist Will Lofy, bitt op de m\u00e9i waarmen Deeg eng kill Erfr\u00ebschung, a g\u00ebtt souguer Grond fir all Joer e Summerfest do ronder\u00ebm ze feieren.<\/p>\n<p>M\u00e4 kuckt Iech R\u00e9imech och g\u00e4re vu m\u00e9i no un, an entdeckt d\u00e9i kleng charmant G\u00e4sselcher, mat de verw\u00e9nkelten Ecken an Z\u00e4itzeien aus historesch wichtegen Z\u00e4iten. Duerch d&#8217;Porte St Nicolas, d\u00e9i zu Eiere vum Schutzpatroun vun de F\u00ebscher a Bootsm\u00e4nner opgebaut gouf, k\u00ebnnt een an d&#8217;Rue St. Cunibert, wou d&#8217;Gebuertshaus vun d\u00ebsem Gottesmann steet, deen am 7. Joerhonnert Erzb\u00ebschof vu K\u00f6ln woar. D\u00e9i n\u00e4chst Statioun op \u00c4rer Entdeckungsrees ass dann d&#8217;H\u00e4erz vu R\u00e9imech mat enger Fousg\u00e4ngerzon, klenge Plazen, Font\u00e4nen, a G\u00e4sselcher d\u00e9i heiansdo sou enk sinn dass ee knapps laanschtenee k\u00ebnnt. Den Tuerm vun der Dekanatskierch zu R\u00e9imech, iwwregens nationalt Kulturierwen, huet de Bl\u00e9ck iwwert d\u00e9i ganz Stad an de Park Brill mat sengem Weier, enger Spillplaz, enger Kulturb\u00fchn an den Tennisterrainen.<\/p>\n<p>Um Waasser ginn et eng s\u00ebllegen Touristesch\u00ebffer, wou ee kann un Touren deelhuelen a vu wou et m\u00e9iglech ass den Dr\u00e4il\u00e4nnereck mam Sch\u00ebff ze entdecken. E puer Meter weider bef\u00ebnnt sech den Touristebureau mam Rentabike, enger Spillplaz an engem vun de gr\u00e9isste Mini-Golf-Terrainen aus der Groussregioun. Sitt Dir\u00a0schonn an d\u00e4r Richtung \u00ebnnerwee, k\u00ebnnt Dir\u00a0och direkt e puer Meter weider goe bis bei d&#8217;oppe Schw\u00e4mm, wou Dir k\u00ebnnt vun engem virgeheizte Bas\u00e9ng mat olympesche\u00a0Moossen profit\u00e9ieren.\u00a0Weiderhi fannen d&#8217;Sportler laanscht d&#8217;Musel eng amenag\u00e9iert V\u00eblospist, oder duerch de B\u00ebsch\u00a0een exigente\u00a0Fitnessparcours.<\/p>\n<p>W\u00e4hrend de Summerm\u00e9int fanne regelm\u00e9isseg Voll\u00e9ks- a Grillfester zu R\u00e9imech statt.\u00a0R\u00e9imech huet eng ofwiesslungsr\u00e4ich Hotels- a Restaurantkultur mat sch\u00e9inen Terrassen an internationalen Highlights.\u00a0W\u00e9inst der perfekter Lag am Dr\u00e4il\u00e4nnereck ass een an n\u00ebmme 40\u00a0km an der Stad L\u00ebtzebuerg\u00a0oder zu Tr\u00e9ier, Saarburg, Sierck\u00a0an anere kulturell Stied, wou sech eng Rees hi s\u00e9cher lount.<\/p>\n<p>Also k\u00ebnnt Dir vu R\u00e9imech profit\u00e9ieren als perfekten Ausgangspunkt vun \u00c4ren \u00c4usflich awer virun allem als M\u00ebttelpunkt vun der W\u00e4ikultur zu L\u00ebtzebuerg. Nieft dem Institut Viti-Vinicole, fannt Dir\u00a0eng s\u00ebllege Kellereien (souguer eng \u00ebnnerierdesch) wou\u00a0Dir och vun Degustatioune vun de beschte l\u00ebtzebuerger Cruen profit\u00e9ieren k\u00ebnnt, d\u00e9i iwwregens Joer fir Joer mat internationale \u00c4uszeeschnunge ge\u00e9iert ginn.<\/p>\n<p>Net zulescht w\u00e9inst all d\u00ebsen Highlights dr\u00e9it R\u00e9imech de passenden Titel: P\u00e4rel vun der Musel.<\/p>\n","protected":false},"excerpt":{"rendered":"<p>R\u00e9imech, oder an der Antik &#8220;Remacum&#8221; genannt, woar fr\u00e9ier een Dr\u00e9i- an Aangelpunkt fir F\u00ebscher a Bootsm\u00e4nner. W\u00e4hrend de leschte Joerhonnerten gouf d&#8217;Stad \u00ebmmer r\u00ebm vu sengen Eruewerer zerst\u00e9iert, sou dass eng Festung ronder\u00ebm opgebaut gouf, vun d\u00e4r een haut nach d&#8217;Iwwerreschter ka gesinn. Haut ass R\u00e9imech eng kleng Touristestad op der Europastreck Saarbr\u00e9cken-L\u00ebtzebuerg. Hei&#8230;  <a class=\"excerpt-read-more\" href=\"https:\/\/visitremich.lu\/lb\/la-ville\/introductioun\/\" title=\"LiesenMoien\">Lire plus &raquo;<\/a><\/p>\n","protected":false},"author":1,"featured_media":501,"parent":27,"menu_order":1,"comment_status":"closed","ping_status":"closed","template":"page-with-sidebar.php","meta":{"_acf_changed":false,"footnotes":""},"class_list":["post-92","page","type-page","status-publish","has-post-thumbnail","hentry"],"acf":[],"yoast_head":"<!-- This site is optimized with the Yoast SEO plugin v26.7 - https:\/\/yoast.com\/wordpress\/plugins\/seo\/ -->\n<title>Moien - Visit Remich<\/title>\n<meta name=\"robots\" content=\"index, follow, max-snippet:-1, max-image-preview:large, max-video-preview:-1\" \/>\n<link rel=\"canonical\" href=\"https:\/\/visitremich.lu\/lb\/la-ville\/introductioun\/\" \/>\n<meta property=\"og:locale\" content=\"en_US\" \/>\n<meta property=\"og:type\" content=\"article\" \/>\n<meta property=\"og:title\" content=\"Moien - Visit Remich\" \/>\n<meta property=\"og:description\" content=\"R\u00e9imech, oder an der Antik &#8220;Remacum&#8221; genannt, woar fr\u00e9ier een Dr\u00e9i- an Aangelpunkt fir F\u00ebscher a Bootsm\u00e4nner. W\u00e4hrend de leschte Joerhonnerten gouf d&#8217;Stad \u00ebmmer r\u00ebm vu sengen Eruewerer zerst\u00e9iert, sou dass eng Festung ronder\u00ebm opgebaut gouf, vun d\u00e4r een haut nach d&#8217;Iwwerreschter ka gesinn. Haut ass R\u00e9imech eng kleng Touristestad op der Europastreck Saarbr\u00e9cken-L\u00ebtzebuerg. Hei... Lire plus &raquo;\" \/>\n<meta property=\"og:url\" content=\"https:\/\/visitremich.lu\/lb\/la-ville\/introductioun\/\" \/>\n<meta property=\"og:site_name\" content=\"Visit Remich\" \/>\n<meta property=\"article:modified_time\" content=\"2024-09-10T13:22:42+00:00\" \/>\n<meta property=\"og:image\" content=\"https:\/\/visitremich.lu\/wp-content\/uploads\/sites\/2\/2016\/03\/309B4773.jpg\" \/>\n\t<meta property=\"og:image:width\" content=\"2000\" \/>\n\t<meta property=\"og:image:height\" content=\"1333\" \/>\n\t<meta property=\"og:image:type\" content=\"image\/jpeg\" \/>\n<meta name=\"twitter:card\" content=\"summary_large_image\" \/>\n<meta name=\"twitter:label1\" content=\"Est. reading time\" \/>\n\t<meta name=\"twitter:data1\" content=\"3 minutes\" \/>\n<script type=\"application\/ld+json\" class=\"yoast-schema-graph\">{\"@context\":\"https:\/\/schema.org\",\"@graph\":[{\"@type\":\"WebPage\",\"@id\":\"https:\/\/visitremich.lu\/lb\/la-ville\/introductioun\/\",\"url\":\"https:\/\/visitremich.lu\/lb\/la-ville\/introductioun\/\",\"name\":\"Moien - Visit Remich\",\"isPartOf\":{\"@id\":\"https:\/\/visitremich.lu\/de\/#website\"},\"primaryImageOfPage\":{\"@id\":\"https:\/\/visitremich.lu\/lb\/la-ville\/introductioun\/#primaryimage\"},\"image\":{\"@id\":\"https:\/\/visitremich.lu\/lb\/la-ville\/introductioun\/#primaryimage\"},\"thumbnailUrl\":\"https:\/\/visitremich.lu\/wp-content\/uploads\/sites\/2\/2016\/03\/309B4773.jpg\",\"datePublished\":\"2016-03-31T14:05:20+00:00\",\"dateModified\":\"2024-09-10T13:22:42+00:00\",\"breadcrumb\":{\"@id\":\"https:\/\/visitremich.lu\/lb\/la-ville\/introductioun\/#breadcrumb\"},\"inLanguage\":\"lb-LU\",\"potentialAction\":[{\"@type\":\"ReadAction\",\"target\":[\"https:\/\/visitremich.lu\/lb\/la-ville\/introductioun\/\"]}]},{\"@type\":\"ImageObject\",\"inLanguage\":\"lb-LU\",\"@id\":\"https:\/\/visitremich.lu\/lb\/la-ville\/introductioun\/#primaryimage\",\"url\":\"https:\/\/visitremich.lu\/wp-content\/uploads\/sites\/2\/2016\/03\/309B4773.jpg\",\"contentUrl\":\"https:\/\/visitremich.lu\/wp-content\/uploads\/sites\/2\/2016\/03\/309B4773.jpg\",\"width\":2000,\"height\":1333},{\"@type\":\"BreadcrumbList\",\"@id\":\"https:\/\/visitremich.lu\/lb\/la-ville\/introductioun\/#breadcrumb\",\"itemListElement\":[{\"@type\":\"ListItem\",\"position\":1,\"name\":\"Home\",\"item\":\"https:\/\/visitremich.lu\/de\/\"},{\"@type\":\"ListItem\",\"position\":2,\"name\":\"D&#8217;Stad\",\"item\":\"https:\/\/visitremich.lu\/lb\/la-ville\/\"},{\"@type\":\"ListItem\",\"position\":3,\"name\":\"Moien\"}]},{\"@type\":\"WebSite\",\"@id\":\"https:\/\/visitremich.lu\/de\/#website\",\"url\":\"https:\/\/visitremich.lu\/de\/\",\"name\":\"Visit Remich\",\"description\":\"\",\"potentialAction\":[{\"@type\":\"SearchAction\",\"target\":{\"@type\":\"EntryPoint\",\"urlTemplate\":\"https:\/\/visitremich.lu\/de\/?s={search_term_string}\"},\"query-input\":{\"@type\":\"PropertyValueSpecification\",\"valueRequired\":true,\"valueName\":\"search_term_string\"}}],\"inLanguage\":\"lb-LU\"}]}<\/script>\n<!-- \/ Yoast SEO plugin. -->","yoast_head_json":{"title":"Moien - Visit Remich","robots":{"index":"index","follow":"follow","max-snippet":"max-snippet:-1","max-image-preview":"max-image-preview:large","max-video-preview":"max-video-preview:-1"},"canonical":"https:\/\/visitremich.lu\/lb\/la-ville\/introductioun\/","og_locale":"en_US","og_type":"article","og_title":"Moien - Visit Remich","og_description":"R\u00e9imech, oder an der Antik &#8220;Remacum&#8221; genannt, woar fr\u00e9ier een Dr\u00e9i- an Aangelpunkt fir F\u00ebscher a Bootsm\u00e4nner. W\u00e4hrend de leschte Joerhonnerten gouf d&#8217;Stad \u00ebmmer r\u00ebm vu sengen Eruewerer zerst\u00e9iert, sou dass eng Festung ronder\u00ebm opgebaut gouf, vun d\u00e4r een haut nach d&#8217;Iwwerreschter ka gesinn. Haut ass R\u00e9imech eng kleng Touristestad op der Europastreck Saarbr\u00e9cken-L\u00ebtzebuerg. Hei... Lire plus &raquo;","og_url":"https:\/\/visitremich.lu\/lb\/la-ville\/introductioun\/","og_site_name":"Visit Remich","article_modified_time":"2024-09-10T13:22:42+00:00","og_image":[{"width":2000,"height":1333,"url":"https:\/\/visitremich.lu\/wp-content\/uploads\/sites\/2\/2016\/03\/309B4773.jpg","type":"image\/jpeg"}],"twitter_card":"summary_large_image","twitter_misc":{"Est. reading time":"3 minutes"},"schema":{"@context":"https:\/\/schema.org","@graph":[{"@type":"WebPage","@id":"https:\/\/visitremich.lu\/lb\/la-ville\/introductioun\/","url":"https:\/\/visitremich.lu\/lb\/la-ville\/introductioun\/","name":"Moien - Visit Remich","isPartOf":{"@id":"https:\/\/visitremich.lu\/de\/#website"},"primaryImageOfPage":{"@id":"https:\/\/visitremich.lu\/lb\/la-ville\/introductioun\/#primaryimage"},"image":{"@id":"https:\/\/visitremich.lu\/lb\/la-ville\/introductioun\/#primaryimage"},"thumbnailUrl":"https:\/\/visitremich.lu\/wp-content\/uploads\/sites\/2\/2016\/03\/309B4773.jpg","datePublished":"2016-03-31T14:05:20+00:00","dateModified":"2024-09-10T13:22:42+00:00","breadcrumb":{"@id":"https:\/\/visitremich.lu\/lb\/la-ville\/introductioun\/#breadcrumb"},"inLanguage":"lb-LU","potentialAction":[{"@type":"ReadAction","target":["https:\/\/visitremich.lu\/lb\/la-ville\/introductioun\/"]}]},{"@type":"ImageObject","inLanguage":"lb-LU","@id":"https:\/\/visitremich.lu\/lb\/la-ville\/introductioun\/#primaryimage","url":"https:\/\/visitremich.lu\/wp-content\/uploads\/sites\/2\/2016\/03\/309B4773.jpg","contentUrl":"https:\/\/visitremich.lu\/wp-content\/uploads\/sites\/2\/2016\/03\/309B4773.jpg","width":2000,"height":1333},{"@type":"BreadcrumbList","@id":"https:\/\/visitremich.lu\/lb\/la-ville\/introductioun\/#breadcrumb","itemListElement":[{"@type":"ListItem","position":1,"name":"Home","item":"https:\/\/visitremich.lu\/de\/"},{"@type":"ListItem","position":2,"name":"D&#8217;Stad","item":"https:\/\/visitremich.lu\/lb\/la-ville\/"},{"@type":"ListItem","position":3,"name":"Moien"}]},{"@type":"WebSite","@id":"https:\/\/visitremich.lu\/de\/#website","url":"https:\/\/visitremich.lu\/de\/","name":"Visit Remich","description":"","potentialAction":[{"@type":"SearchAction","target":{"@type":"EntryPoint","urlTemplate":"https:\/\/visitremich.lu\/de\/?s={search_term_string}"},"query-input":{"@type":"PropertyValueSpecification","valueRequired":true,"valueName":"search_term_string"}}],"inLanguage":"lb-LU"}]}},"_links":{"self":[{"href":"https:\/\/visitremich.lu\/lb\/wp-json\/wp\/v2\/pages\/92","targetHints":{"allow":["GET"]}}],"collection":[{"href":"https:\/\/visitremich.lu\/lb\/wp-json\/wp\/v2\/pages"}],"about":[{"href":"https:\/\/visitremich.lu\/lb\/wp-json\/wp\/v2\/types\/page"}],"author":[{"embeddable":true,"href":"https:\/\/visitremich.lu\/lb\/wp-json\/wp\/v2\/users\/1"}],"replies":[{"embeddable":true,"href":"https:\/\/visitremich.lu\/lb\/wp-json\/wp\/v2\/comments?post=92"}],"version-history":[{"count":12,"href":"https:\/\/visitremich.lu\/lb\/wp-json\/wp\/v2\/pages\/92\/revisions"}],"predecessor-version":[{"id":3577,"href":"https:\/\/visitremich.lu\/lb\/wp-json\/wp\/v2\/pages\/92\/revisions\/3577"}],"up":[{"embeddable":true,"href":"https:\/\/visitremich.lu\/lb\/wp-json\/wp\/v2\/pages\/27"}],"wp:featuredmedia":[{"embeddable":true,"href":"https:\/\/visitremich.lu\/lb\/wp-json\/wp\/v2\/media\/501"}],"wp:attachment":[{"href":"https:\/\/visitremich.lu\/lb\/wp-json\/wp\/v2\/media?parent=92"}],"curies":[{"name":"wp","href":"https:\/\/api.w.org\/{rel}","templated":true}]}}