{"id":79,"date":"2016-03-31T11:33:45","date_gmt":"2016-03-31T11:33:45","guid":{"rendered":"http:\/\/visit.remich.lightbulb.lu\/?page_id=79"},"modified":"2016-08-01T15:26:17","modified_gmt":"2016-08-01T13:26:17","slug":"fetes-viticoles","status":"publish","type":"page","link":"https:\/\/visitremich.lu\/lb\/vin-et-terroir\/fetes-viticoles\/","title":{"rendered":"W\u00e4ifester"},"content":{"rendered":"<p class=\"qtranxs-available-languages-message qtranxs-available-languages-message-lb\">Leider ass d\u00ebse B\u00e4itrag just op <a href=\"https:\/\/visitremich.lu\/de\/wp-json\/wp\/v2\/pages\/79\" class=\"qtranxs-available-language-link qtranxs-available-language-link-de\" title=\"DE\">DE<\/a> an <a href=\"https:\/\/visitremich.lu\/en\/wp-json\/wp\/v2\/pages\/79\" class=\"qtranxs-available-language-link qtranxs-available-language-link-en\" title=\"EN\">EN<\/a> disponibel. For the sake of viewer convenience, the content is shown below in one of the available alternative languages. You may click one of the links to switch the site language to another available language.<\/p>\n<p>Von Fr\u00fchling bis Sp\u00e4therbst &#8211; mit einem deutlichen Schwerpunkt im Sommer \u2013 bieten die zahlreichen Weinfeste und der Brennertag zum Auftakt der winterlichen Brennsaison eine hervorragende Gelegenheit, in ausgelassener Runde die Weine und Br\u00e4nde der Region und die sympathischen Mosellaner kennen zu lernen.<\/p>\n","protected":false},"excerpt":{"rendered":"<p>Leider ass d\u00ebse B\u00e4itrag just op DE an EN disponibel. For the sake of viewer convenience, the content is shown below in one of the available alternative languages. You may click one of the links to switch the site language to another available language. Von Fr\u00fchling bis Sp\u00e4therbst &#8211; mit einem deutlichen Schwerpunkt im Sommer&#8230;  <a class=\"excerpt-read-more\" href=\"https:\/\/visitremich.lu\/lb\/vin-et-terroir\/fetes-viticoles\/\" title=\"LiesenW\u00e4ifester\">Lire plus &raquo;<\/a><\/p>\n","protected":false},"author":1,"featured_media":136,"parent":34,"menu_order":2,"comment_status":"closed","ping_status":"closed","template":"page-activities-list.php","meta":{"_acf_changed":false,"footnotes":""},"class_list":["post-79","page","type-page","status-publish","has-post-thumbnail","hentry"],"acf":[],"yoast_head":"<!-- This site is optimized with the Yoast SEO plugin v26.7 - https:\/\/yoast.com\/wordpress\/plugins\/seo\/ -->\n<title>W\u00e4ifester - Visit Remich<\/title>\n<meta name=\"robots\" content=\"index, follow, max-snippet:-1, max-image-preview:large, max-video-preview:-1\" \/>\n<link rel=\"canonical\" href=\"https:\/\/visitremich.lu\/lb\/vin-et-terroir\/fetes-viticoles\/\" \/>\n<meta property=\"og:locale\" content=\"en_US\" \/>\n<meta property=\"og:type\" content=\"article\" \/>\n<meta property=\"og:title\" content=\"W\u00e4ifester - Visit Remich\" \/>\n<meta property=\"og:description\" content=\"Leider ass d\u00ebse B\u00e4itrag just op DE an EN disponibel. For the sake of viewer convenience, the content is shown below in one of the available alternative languages. You may click one of the links to switch the site language to another available language. Von Fr\u00fchling bis Sp\u00e4therbst &#8211; mit einem deutlichen Schwerpunkt im Sommer... Lire plus &raquo;\" \/>\n<meta property=\"og:url\" content=\"https:\/\/visitremich.lu\/lb\/vin-et-terroir\/fetes-viticoles\/\" \/>\n<meta property=\"og:site_name\" content=\"Visit Remich\" \/>\n<meta property=\"article:modified_time\" content=\"2016-08-01T13:26:17+00:00\" \/>\n<meta property=\"og:image\" content=\"https:\/\/visitremich.lu\/wp-content\/uploads\/sites\/2\/2016\/03\/309B4848-e1460014719206.jpg\" \/>\n\t<meta property=\"og:image:width\" content=\"1333\" \/>\n\t<meta property=\"og:image:height\" content=\"2000\" \/>\n\t<meta property=\"og:image:type\" content=\"image\/jpeg\" \/>\n<meta name=\"twitter:card\" content=\"summary_large_image\" \/>\n<script type=\"application\/ld+json\" class=\"yoast-schema-graph\">{\"@context\":\"https:\/\/schema.org\",\"@graph\":[{\"@type\":\"WebPage\",\"@id\":\"https:\/\/visitremich.lu\/lb\/vin-et-terroir\/fetes-viticoles\/\",\"url\":\"https:\/\/visitremich.lu\/lb\/vin-et-terroir\/fetes-viticoles\/\",\"name\":\"W\u00e4ifester - Visit Remich\",\"isPartOf\":{\"@id\":\"https:\/\/visitremich.lu\/de\/#website\"},\"primaryImageOfPage\":{\"@id\":\"https:\/\/visitremich.lu\/lb\/vin-et-terroir\/fetes-viticoles\/#primaryimage\"},\"image\":{\"@id\":\"https:\/\/visitremich.lu\/lb\/vin-et-terroir\/fetes-viticoles\/#primaryimage\"},\"thumbnailUrl\":\"https:\/\/visitremich.lu\/wp-content\/uploads\/sites\/2\/2016\/03\/309B4848-e1460014719206.jpg\",\"datePublished\":\"2016-03-31T11:33:45+00:00\",\"dateModified\":\"2016-08-01T13:26:17+00:00\",\"breadcrumb\":{\"@id\":\"https:\/\/visitremich.lu\/lb\/vin-et-terroir\/fetes-viticoles\/#breadcrumb\"},\"inLanguage\":\"lb-LU\",\"potentialAction\":[{\"@type\":\"ReadAction\",\"target\":[\"https:\/\/visitremich.lu\/lb\/vin-et-terroir\/fetes-viticoles\/\"]}]},{\"@type\":\"ImageObject\",\"inLanguage\":\"lb-LU\",\"@id\":\"https:\/\/visitremich.lu\/lb\/vin-et-terroir\/fetes-viticoles\/#primaryimage\",\"url\":\"https:\/\/visitremich.lu\/wp-content\/uploads\/sites\/2\/2016\/03\/309B4848-e1460014719206.jpg\",\"contentUrl\":\"https:\/\/visitremich.lu\/wp-content\/uploads\/sites\/2\/2016\/03\/309B4848-e1460014719206.jpg\",\"width\":1333,\"height\":2000},{\"@type\":\"BreadcrumbList\",\"@id\":\"https:\/\/visitremich.lu\/lb\/vin-et-terroir\/fetes-viticoles\/#breadcrumb\",\"itemListElement\":[{\"@type\":\"ListItem\",\"position\":1,\"name\":\"Home\",\"item\":\"https:\/\/visitremich.lu\/de\/\"},{\"@type\":\"ListItem\",\"position\":2,\"name\":\"W\u00e4in an Terroir\",\"item\":\"https:\/\/visitremich.lu\/lb\/vin-et-terroir\/\"},{\"@type\":\"ListItem\",\"position\":3,\"name\":\"W\u00e4ifester\"}]},{\"@type\":\"WebSite\",\"@id\":\"https:\/\/visitremich.lu\/de\/#website\",\"url\":\"https:\/\/visitremich.lu\/de\/\",\"name\":\"Visit Remich\",\"description\":\"\",\"potentialAction\":[{\"@type\":\"SearchAction\",\"target\":{\"@type\":\"EntryPoint\",\"urlTemplate\":\"https:\/\/visitremich.lu\/de\/?s={search_term_string}\"},\"query-input\":{\"@type\":\"PropertyValueSpecification\",\"valueRequired\":true,\"valueName\":\"search_term_string\"}}],\"inLanguage\":\"lb-LU\"}]}<\/script>\n<!-- \/ Yoast SEO plugin. -->","yoast_head_json":{"title":"W\u00e4ifester - Visit Remich","robots":{"index":"index","follow":"follow","max-snippet":"max-snippet:-1","max-image-preview":"max-image-preview:large","max-video-preview":"max-video-preview:-1"},"canonical":"https:\/\/visitremich.lu\/lb\/vin-et-terroir\/fetes-viticoles\/","og_locale":"en_US","og_type":"article","og_title":"W\u00e4ifester - Visit Remich","og_description":"Leider ass d\u00ebse B\u00e4itrag just op DE an EN disponibel. For the sake of viewer convenience, the content is shown below in one of the available alternative languages. You may click one of the links to switch the site language to another available language. Von Fr\u00fchling bis Sp\u00e4therbst &#8211; mit einem deutlichen Schwerpunkt im Sommer... Lire plus &raquo;","og_url":"https:\/\/visitremich.lu\/lb\/vin-et-terroir\/fetes-viticoles\/","og_site_name":"Visit Remich","article_modified_time":"2016-08-01T13:26:17+00:00","og_image":[{"width":1333,"height":2000,"url":"https:\/\/visitremich.lu\/wp-content\/uploads\/sites\/2\/2016\/03\/309B4848-e1460014719206.jpg","type":"image\/jpeg"}],"twitter_card":"summary_large_image","schema":{"@context":"https:\/\/schema.org","@graph":[{"@type":"WebPage","@id":"https:\/\/visitremich.lu\/lb\/vin-et-terroir\/fetes-viticoles\/","url":"https:\/\/visitremich.lu\/lb\/vin-et-terroir\/fetes-viticoles\/","name":"W\u00e4ifester - Visit Remich","isPartOf":{"@id":"https:\/\/visitremich.lu\/de\/#website"},"primaryImageOfPage":{"@id":"https:\/\/visitremich.lu\/lb\/vin-et-terroir\/fetes-viticoles\/#primaryimage"},"image":{"@id":"https:\/\/visitremich.lu\/lb\/vin-et-terroir\/fetes-viticoles\/#primaryimage"},"thumbnailUrl":"https:\/\/visitremich.lu\/wp-content\/uploads\/sites\/2\/2016\/03\/309B4848-e1460014719206.jpg","datePublished":"2016-03-31T11:33:45+00:00","dateModified":"2016-08-01T13:26:17+00:00","breadcrumb":{"@id":"https:\/\/visitremich.lu\/lb\/vin-et-terroir\/fetes-viticoles\/#breadcrumb"},"inLanguage":"lb-LU","potentialAction":[{"@type":"ReadAction","target":["https:\/\/visitremich.lu\/lb\/vin-et-terroir\/fetes-viticoles\/"]}]},{"@type":"ImageObject","inLanguage":"lb-LU","@id":"https:\/\/visitremich.lu\/lb\/vin-et-terroir\/fetes-viticoles\/#primaryimage","url":"https:\/\/visitremich.lu\/wp-content\/uploads\/sites\/2\/2016\/03\/309B4848-e1460014719206.jpg","contentUrl":"https:\/\/visitremich.lu\/wp-content\/uploads\/sites\/2\/2016\/03\/309B4848-e1460014719206.jpg","width":1333,"height":2000},{"@type":"BreadcrumbList","@id":"https:\/\/visitremich.lu\/lb\/vin-et-terroir\/fetes-viticoles\/#breadcrumb","itemListElement":[{"@type":"ListItem","position":1,"name":"Home","item":"https:\/\/visitremich.lu\/de\/"},{"@type":"ListItem","position":2,"name":"W\u00e4in an Terroir","item":"https:\/\/visitremich.lu\/lb\/vin-et-terroir\/"},{"@type":"ListItem","position":3,"name":"W\u00e4ifester"}]},{"@type":"WebSite","@id":"https:\/\/visitremich.lu\/de\/#website","url":"https:\/\/visitremich.lu\/de\/","name":"Visit Remich","description":"","potentialAction":[{"@type":"SearchAction","target":{"@type":"EntryPoint","urlTemplate":"https:\/\/visitremich.lu\/de\/?s={search_term_string}"},"query-input":{"@type":"PropertyValueSpecification","valueRequired":true,"valueName":"search_term_string"}}],"inLanguage":"lb-LU"}]}},"_links":{"self":[{"href":"https:\/\/visitremich.lu\/lb\/wp-json\/wp\/v2\/pages\/79","targetHints":{"allow":["GET"]}}],"collection":[{"href":"https:\/\/visitremich.lu\/lb\/wp-json\/wp\/v2\/pages"}],"about":[{"href":"https:\/\/visitremich.lu\/lb\/wp-json\/wp\/v2\/types\/page"}],"author":[{"embeddable":true,"href":"https:\/\/visitremich.lu\/lb\/wp-json\/wp\/v2\/users\/1"}],"replies":[{"embeddable":true,"href":"https:\/\/visitremich.lu\/lb\/wp-json\/wp\/v2\/comments?post=79"}],"version-history":[{"count":5,"href":"https:\/\/visitremich.lu\/lb\/wp-json\/wp\/v2\/pages\/79\/revisions"}],"predecessor-version":[{"id":1308,"href":"https:\/\/visitremich.lu\/lb\/wp-json\/wp\/v2\/pages\/79\/revisions\/1308"}],"up":[{"embeddable":true,"href":"https:\/\/visitremich.lu\/lb\/wp-json\/wp\/v2\/pages\/34"}],"wp:featuredmedia":[{"embeddable":true,"href":"https:\/\/visitremich.lu\/lb\/wp-json\/wp\/v2\/media\/136"}],"wp:attachment":[{"href":"https:\/\/visitremich.lu\/lb\/wp-json\/wp\/v2\/media?parent=79"}],"curies":[{"name":"wp","href":"https:\/\/api.w.org\/{rel}","templated":true}]}}