{"id":75,"date":"2016-03-31T11:31:33","date_gmt":"2016-03-31T11:31:33","guid":{"rendered":"http:\/\/visit.remich.lightbulb.lu\/?page_id=75"},"modified":"2017-12-01T11:04:46","modified_gmt":"2017-12-01T10:04:46","slug":"sun-days","status":"publish","type":"page","link":"https:\/\/visitremich.lu\/lb\/que-faire\/sun-days\/","title":{"rendered":"Summer Days"},"content":{"rendered":"<p class=\"qtranxs-available-languages-message qtranxs-available-languages-message-lb\">Leider ass d\u00ebse B\u00e4itrag just op <a href=\"https:\/\/visitremich.lu\/fr\/wp-json\/wp\/v2\/pages\/75\" class=\"qtranxs-available-language-link qtranxs-available-language-link-fr\" title=\"FR\">FR<\/a> an <a href=\"https:\/\/visitremich.lu\/de\/wp-json\/wp\/v2\/pages\/75\" class=\"qtranxs-available-language-link qtranxs-available-language-link-de\" title=\"DE\">DE<\/a> disponibel. For the sake of viewer convenience, the content is shown below in one of the available alternative languages. You may click one of the links to switch the site language to another available language.<\/p>\n<p><em><span style=\"color: #404040;font-family: Calibri Light\">Un \u00e9t\u00e9 tr\u00e8s actif s\u2019annonce \u00e0 Remich, perle de la Moselle, avec maints \u00e9v\u00e8nements et activit\u00e9s de loisirs durant les weekends dans notre pittoresque ville mosellane.<\/span><\/em><\/p>\n<p><em><span style=\"color: #404040;font-family: Calibri Light\">Des moments forts tels que les \u00e9v\u00e8nements sportifs \u00ab\u00a0Ironman Moselle\u00a0\u00bb en juin ainsi que le semi-marathon \u00ab\u00a0Route du Vin\u00a0\u00bb le long de la Moselle en septembre en font partie. Ces manifestations tr\u00e8s populaires seront encadr\u00e9es par le programme d\u2019activit\u00e9 des viticulteurs, des commer\u00e7ants et des exploitants Horeca de la ville. Sur la place Dr F. Kons, des manifestations pour les enfants et des concerts feront le bonheur des visiteurs, sans oublier les traditionnelles f\u00eates champ\u00eatres des associations locales au \u00ab\u00a0Gr\u00e9in\u00a0\u00bb le long de la Moselle.<\/span><\/em><\/p>\n","protected":false},"excerpt":{"rendered":"<p>Leider ass d\u00ebse B\u00e4itrag just op FR an DE disponibel. For the sake of viewer convenience, the content is shown below in one of the available alternative languages. You may click one of the links to switch the site language to another available language. Un \u00e9t\u00e9 tr\u00e8s actif s\u2019annonce \u00e0 Remich, perle de la Moselle,&#8230;  <a class=\"excerpt-read-more\" href=\"https:\/\/visitremich.lu\/lb\/que-faire\/sun-days\/\" title=\"LiesenSummer Days\">Lire plus &raquo;<\/a><\/p>\n","protected":false},"author":1,"featured_media":426,"parent":32,"menu_order":6,"comment_status":"closed","ping_status":"closed","template":"page-activities-list.php","meta":{"_acf_changed":false,"footnotes":""},"class_list":["post-75","page","type-page","status-publish","has-post-thumbnail","hentry"],"acf":[],"yoast_head":"<!-- This site is optimized with the Yoast SEO plugin v26.7 - https:\/\/yoast.com\/wordpress\/plugins\/seo\/ -->\n<title>Summer Days - Visit Remich<\/title>\n<meta name=\"robots\" content=\"index, follow, max-snippet:-1, max-image-preview:large, max-video-preview:-1\" \/>\n<link rel=\"canonical\" href=\"https:\/\/visitremich.lu\/lb\/que-faire\/sun-days\/\" \/>\n<meta property=\"og:locale\" content=\"en_US\" \/>\n<meta property=\"og:type\" content=\"article\" \/>\n<meta property=\"og:title\" content=\"Summer Days - Visit Remich\" \/>\n<meta property=\"og:description\" content=\"Leider ass d\u00ebse B\u00e4itrag just op FR an DE disponibel. For the sake of viewer convenience, the content is shown below in one of the available alternative languages. You may click one of the links to switch the site language to another available language. Un \u00e9t\u00e9 tr\u00e8s actif s\u2019annonce \u00e0 Remich, perle de la Moselle,... Lire plus &raquo;\" \/>\n<meta property=\"og:url\" content=\"https:\/\/visitremich.lu\/lb\/que-faire\/sun-days\/\" \/>\n<meta property=\"og:site_name\" content=\"Visit Remich\" \/>\n<meta property=\"article:modified_time\" content=\"2017-12-01T10:04:46+00:00\" \/>\n<meta property=\"og:image\" content=\"https:\/\/visitremich.lu\/wp-content\/uploads\/sites\/2\/2016\/03\/Routeduvin2014__02-1.jpg\" \/>\n\t<meta property=\"og:image:width\" content=\"2000\" \/>\n\t<meta property=\"og:image:height\" content=\"359\" \/>\n\t<meta property=\"og:image:type\" content=\"image\/jpeg\" \/>\n<meta name=\"twitter:card\" content=\"summary_large_image\" \/>\n<meta name=\"twitter:label1\" content=\"Est. reading time\" \/>\n\t<meta name=\"twitter:data1\" content=\"1 minute\" \/>\n<script type=\"application\/ld+json\" class=\"yoast-schema-graph\">{\"@context\":\"https:\/\/schema.org\",\"@graph\":[{\"@type\":\"WebPage\",\"@id\":\"https:\/\/visitremich.lu\/lb\/que-faire\/sun-days\/\",\"url\":\"https:\/\/visitremich.lu\/lb\/que-faire\/sun-days\/\",\"name\":\"Summer Days - Visit Remich\",\"isPartOf\":{\"@id\":\"https:\/\/visitremich.lu\/de\/#website\"},\"primaryImageOfPage\":{\"@id\":\"https:\/\/visitremich.lu\/lb\/que-faire\/sun-days\/#primaryimage\"},\"image\":{\"@id\":\"https:\/\/visitremich.lu\/lb\/que-faire\/sun-days\/#primaryimage\"},\"thumbnailUrl\":\"https:\/\/visitremich.lu\/wp-content\/uploads\/sites\/2\/2016\/03\/Routeduvin2014__02-1.jpg\",\"datePublished\":\"2016-03-31T11:31:33+00:00\",\"dateModified\":\"2017-12-01T10:04:46+00:00\",\"breadcrumb\":{\"@id\":\"https:\/\/visitremich.lu\/lb\/que-faire\/sun-days\/#breadcrumb\"},\"inLanguage\":\"lb-LU\",\"potentialAction\":[{\"@type\":\"ReadAction\",\"target\":[\"https:\/\/visitremich.lu\/lb\/que-faire\/sun-days\/\"]}]},{\"@type\":\"ImageObject\",\"inLanguage\":\"lb-LU\",\"@id\":\"https:\/\/visitremich.lu\/lb\/que-faire\/sun-days\/#primaryimage\",\"url\":\"https:\/\/visitremich.lu\/wp-content\/uploads\/sites\/2\/2016\/03\/Routeduvin2014__02-1.jpg\",\"contentUrl\":\"https:\/\/visitremich.lu\/wp-content\/uploads\/sites\/2\/2016\/03\/Routeduvin2014__02-1.jpg\",\"width\":2000,\"height\":359},{\"@type\":\"BreadcrumbList\",\"@id\":\"https:\/\/visitremich.lu\/lb\/que-faire\/sun-days\/#breadcrumb\",\"itemListElement\":[{\"@type\":\"ListItem\",\"position\":1,\"name\":\"Home\",\"item\":\"https:\/\/visitremich.lu\/de\/\"},{\"@type\":\"ListItem\",\"position\":2,\"name\":\"Erleben\",\"item\":\"https:\/\/visitremich.lu\/de\/que-faire\/\"},{\"@type\":\"ListItem\",\"position\":3,\"name\":\"Summer Days\"}]},{\"@type\":\"WebSite\",\"@id\":\"https:\/\/visitremich.lu\/de\/#website\",\"url\":\"https:\/\/visitremich.lu\/de\/\",\"name\":\"Visit Remich\",\"description\":\"\",\"potentialAction\":[{\"@type\":\"SearchAction\",\"target\":{\"@type\":\"EntryPoint\",\"urlTemplate\":\"https:\/\/visitremich.lu\/de\/?s={search_term_string}\"},\"query-input\":{\"@type\":\"PropertyValueSpecification\",\"valueRequired\":true,\"valueName\":\"search_term_string\"}}],\"inLanguage\":\"lb-LU\"}]}<\/script>\n<!-- \/ Yoast SEO plugin. -->","yoast_head_json":{"title":"Summer Days - Visit Remich","robots":{"index":"index","follow":"follow","max-snippet":"max-snippet:-1","max-image-preview":"max-image-preview:large","max-video-preview":"max-video-preview:-1"},"canonical":"https:\/\/visitremich.lu\/lb\/que-faire\/sun-days\/","og_locale":"en_US","og_type":"article","og_title":"Summer Days - Visit Remich","og_description":"Leider ass d\u00ebse B\u00e4itrag just op FR an DE disponibel. For the sake of viewer convenience, the content is shown below in one of the available alternative languages. You may click one of the links to switch the site language to another available language. Un \u00e9t\u00e9 tr\u00e8s actif s\u2019annonce \u00e0 Remich, perle de la Moselle,... Lire plus &raquo;","og_url":"https:\/\/visitremich.lu\/lb\/que-faire\/sun-days\/","og_site_name":"Visit Remich","article_modified_time":"2017-12-01T10:04:46+00:00","og_image":[{"width":2000,"height":359,"url":"https:\/\/visitremich.lu\/wp-content\/uploads\/sites\/2\/2016\/03\/Routeduvin2014__02-1.jpg","type":"image\/jpeg"}],"twitter_card":"summary_large_image","twitter_misc":{"Est. reading time":"1 minute"},"schema":{"@context":"https:\/\/schema.org","@graph":[{"@type":"WebPage","@id":"https:\/\/visitremich.lu\/lb\/que-faire\/sun-days\/","url":"https:\/\/visitremich.lu\/lb\/que-faire\/sun-days\/","name":"Summer Days - Visit Remich","isPartOf":{"@id":"https:\/\/visitremich.lu\/de\/#website"},"primaryImageOfPage":{"@id":"https:\/\/visitremich.lu\/lb\/que-faire\/sun-days\/#primaryimage"},"image":{"@id":"https:\/\/visitremich.lu\/lb\/que-faire\/sun-days\/#primaryimage"},"thumbnailUrl":"https:\/\/visitremich.lu\/wp-content\/uploads\/sites\/2\/2016\/03\/Routeduvin2014__02-1.jpg","datePublished":"2016-03-31T11:31:33+00:00","dateModified":"2017-12-01T10:04:46+00:00","breadcrumb":{"@id":"https:\/\/visitremich.lu\/lb\/que-faire\/sun-days\/#breadcrumb"},"inLanguage":"lb-LU","potentialAction":[{"@type":"ReadAction","target":["https:\/\/visitremich.lu\/lb\/que-faire\/sun-days\/"]}]},{"@type":"ImageObject","inLanguage":"lb-LU","@id":"https:\/\/visitremich.lu\/lb\/que-faire\/sun-days\/#primaryimage","url":"https:\/\/visitremich.lu\/wp-content\/uploads\/sites\/2\/2016\/03\/Routeduvin2014__02-1.jpg","contentUrl":"https:\/\/visitremich.lu\/wp-content\/uploads\/sites\/2\/2016\/03\/Routeduvin2014__02-1.jpg","width":2000,"height":359},{"@type":"BreadcrumbList","@id":"https:\/\/visitremich.lu\/lb\/que-faire\/sun-days\/#breadcrumb","itemListElement":[{"@type":"ListItem","position":1,"name":"Home","item":"https:\/\/visitremich.lu\/de\/"},{"@type":"ListItem","position":2,"name":"Erleben","item":"https:\/\/visitremich.lu\/de\/que-faire\/"},{"@type":"ListItem","position":3,"name":"Summer Days"}]},{"@type":"WebSite","@id":"https:\/\/visitremich.lu\/de\/#website","url":"https:\/\/visitremich.lu\/de\/","name":"Visit Remich","description":"","potentialAction":[{"@type":"SearchAction","target":{"@type":"EntryPoint","urlTemplate":"https:\/\/visitremich.lu\/de\/?s={search_term_string}"},"query-input":{"@type":"PropertyValueSpecification","valueRequired":true,"valueName":"search_term_string"}}],"inLanguage":"lb-LU"}]}},"_links":{"self":[{"href":"https:\/\/visitremich.lu\/lb\/wp-json\/wp\/v2\/pages\/75","targetHints":{"allow":["GET"]}}],"collection":[{"href":"https:\/\/visitremich.lu\/lb\/wp-json\/wp\/v2\/pages"}],"about":[{"href":"https:\/\/visitremich.lu\/lb\/wp-json\/wp\/v2\/types\/page"}],"author":[{"embeddable":true,"href":"https:\/\/visitremich.lu\/lb\/wp-json\/wp\/v2\/users\/1"}],"replies":[{"embeddable":true,"href":"https:\/\/visitremich.lu\/lb\/wp-json\/wp\/v2\/comments?post=75"}],"version-history":[{"count":7,"href":"https:\/\/visitremich.lu\/lb\/wp-json\/wp\/v2\/pages\/75\/revisions"}],"predecessor-version":[{"id":2681,"href":"https:\/\/visitremich.lu\/lb\/wp-json\/wp\/v2\/pages\/75\/revisions\/2681"}],"up":[{"embeddable":true,"href":"https:\/\/visitremich.lu\/lb\/wp-json\/wp\/v2\/pages\/32"}],"wp:featuredmedia":[{"embeddable":true,"href":"https:\/\/visitremich.lu\/lb\/wp-json\/wp\/v2\/media\/426"}],"wp:attachment":[{"href":"https:\/\/visitremich.lu\/lb\/wp-json\/wp\/v2\/media?parent=75"}],"curies":[{"name":"wp","href":"https:\/\/api.w.org\/{rel}","templated":true}]}}