{"id":429,"date":"2016-04-20T11:22:44","date_gmt":"2016-04-20T11:22:44","guid":{"rendered":"http:\/\/visit.remich.lightbulb.lu\/?page_id=429"},"modified":"2019-09-26T12:35:12","modified_gmt":"2019-09-26T11:35:12","slug":"office-regional-du-tourisme","status":"publish","type":"page","link":"https:\/\/visitremich.lu\/lb\/la-ville\/office-regional-du-tourisme\/","title":{"rendered":"Office R\u00e9gional du Tourisme"},"content":{"rendered":"<p><span class=\"text-blue\"><strong><span style=\"font-size: x-large\">\u201eSimply unplugged\u201c an der l\u00ebtzebuerger Muselregioun<\/span><\/strong><\/span><\/p>\n<p><span style=\"color: #000000;font-family: Times New Roman\">Am Miselerland kann ee sech et gutt goe loossen. D\u2019Musel verleeft als romantesch Grenz t\u00ebscht L\u00ebtzebuerg an D\u00e4itschland. Riets a l\u00e9nks vum Floss leien d\u2019W\u00e4ibierger an deenen d\u2019Drauwe fir den excellente Muselw\u00e4in r\u00e4ifen. Erlieft d\u00ebs Regioun ganz gemittlech mam Sch\u00ebff, um V\u00eblo oder zu Fouss. Och d\u2019Hannerland \u2013 n\u00ebmmen e puer Kilometer vum Floss ewech \u2013 waard drop zu Fouss, um V\u00eblo oder vl\u00e4it mam Trakter entdeckt ze ginn. Et kann een duerch d\u2019Uebstwise wanderen, duerch d\u00e9i charmant Dierfer tr\u00ebppelen oder ganz einfach an de Fiels- a Wiselandschaften duerchootmen.<\/span><\/p>\n<p>Fir m\u00e9i Infoen iwwert d&#8217;Region <a href=\"http:\/\/www.visitmoselle.lu\" target=\"_blank\">www.visitmoselle.lu<\/a><\/p>\n<p>Photo credit: S. Luca<\/p>\n<p>&nbsp;<\/p>\n","protected":false},"excerpt":{"rendered":"<p>\u201eSimply unplugged\u201c an der l\u00ebtzebuerger Muselregioun Am Miselerland kann ee sech et gutt goe loossen. D\u2019Musel verleeft als romantesch Grenz t\u00ebscht L\u00ebtzebuerg an D\u00e4itschland. Riets a l\u00e9nks vum Floss leien d\u2019W\u00e4ibierger an deenen d\u2019Drauwe fir den excellente Muselw\u00e4in r\u00e4ifen. Erlieft d\u00ebs Regioun ganz gemittlech mam Sch\u00ebff, um V\u00eblo oder zu Fouss. Och d\u2019Hannerland \u2013 n\u00ebmmen&#8230;  <a class=\"excerpt-read-more\" href=\"https:\/\/visitremich.lu\/lb\/la-ville\/office-regional-du-tourisme\/\" title=\"LiesenOffice R\u00e9gional du Tourisme\">Lire plus &raquo;<\/a><\/p>\n","protected":false},"author":2,"featured_media":650,"parent":27,"menu_order":6,"comment_status":"closed","ping_status":"closed","template":"page-with-sidebar.php","meta":{"_acf_changed":false,"footnotes":""},"class_list":["post-429","page","type-page","status-publish","has-post-thumbnail","hentry"],"acf":[],"yoast_head":"<!-- This site is optimized with the Yoast SEO plugin v26.7 - https:\/\/yoast.com\/wordpress\/plugins\/seo\/ -->\n<title>Office R\u00e9gional du Tourisme - Visit Remich<\/title>\n<meta name=\"robots\" content=\"index, follow, max-snippet:-1, max-image-preview:large, max-video-preview:-1\" \/>\n<link rel=\"canonical\" href=\"https:\/\/visitremich.lu\/lb\/la-ville\/office-regional-du-tourisme\/\" \/>\n<meta property=\"og:locale\" content=\"en_US\" \/>\n<meta property=\"og:type\" content=\"article\" \/>\n<meta property=\"og:title\" content=\"Office R\u00e9gional du Tourisme - Visit Remich\" \/>\n<meta property=\"og:description\" content=\"\u201eSimply unplugged\u201c an der l\u00ebtzebuerger Muselregioun Am Miselerland kann ee sech et gutt goe loossen. D\u2019Musel verleeft als romantesch Grenz t\u00ebscht L\u00ebtzebuerg an D\u00e4itschland. Riets a l\u00e9nks vum Floss leien d\u2019W\u00e4ibierger an deenen d\u2019Drauwe fir den excellente Muselw\u00e4in r\u00e4ifen. Erlieft d\u00ebs Regioun ganz gemittlech mam Sch\u00ebff, um V\u00eblo oder zu Fouss. Och d\u2019Hannerland \u2013 n\u00ebmmen... Lire plus &raquo;\" \/>\n<meta property=\"og:url\" content=\"https:\/\/visitremich.lu\/lb\/la-ville\/office-regional-du-tourisme\/\" \/>\n<meta property=\"og:site_name\" content=\"Visit Remich\" \/>\n<meta property=\"article:modified_time\" content=\"2019-09-26T11:35:12+00:00\" \/>\n<meta property=\"og:image\" content=\"https:\/\/visitremich.lu\/wp-content\/uploads\/sites\/2\/2016\/05\/Vue-de-la-r\u00e9gion-Moselle-en-Montgolfi\u00e8re-\u00a9-S.-LUCA.jpg\" \/>\n\t<meta property=\"og:image:width\" content=\"2000\" \/>\n\t<meta property=\"og:image:height\" content=\"1325\" \/>\n\t<meta property=\"og:image:type\" content=\"image\/jpeg\" \/>\n<meta name=\"twitter:card\" content=\"summary_large_image\" \/>\n<meta name=\"twitter:label1\" content=\"Est. reading time\" \/>\n\t<meta name=\"twitter:data1\" content=\"1 minute\" \/>\n<script type=\"application\/ld+json\" class=\"yoast-schema-graph\">{\"@context\":\"https:\/\/schema.org\",\"@graph\":[{\"@type\":\"WebPage\",\"@id\":\"https:\/\/visitremich.lu\/lb\/la-ville\/office-regional-du-tourisme\/\",\"url\":\"https:\/\/visitremich.lu\/lb\/la-ville\/office-regional-du-tourisme\/\",\"name\":\"Office R\u00e9gional du Tourisme - Visit Remich\",\"isPartOf\":{\"@id\":\"https:\/\/visitremich.lu\/de\/#website\"},\"primaryImageOfPage\":{\"@id\":\"https:\/\/visitremich.lu\/lb\/la-ville\/office-regional-du-tourisme\/#primaryimage\"},\"image\":{\"@id\":\"https:\/\/visitremich.lu\/lb\/la-ville\/office-regional-du-tourisme\/#primaryimage\"},\"thumbnailUrl\":\"https:\/\/visitremich.lu\/wp-content\/uploads\/sites\/2\/2016\/05\/Vue-de-la-r\u00e9gion-Moselle-en-Montgolfi\u00e8re-\u00a9-S.-LUCA.jpg\",\"datePublished\":\"2016-04-20T11:22:44+00:00\",\"dateModified\":\"2019-09-26T11:35:12+00:00\",\"breadcrumb\":{\"@id\":\"https:\/\/visitremich.lu\/lb\/la-ville\/office-regional-du-tourisme\/#breadcrumb\"},\"inLanguage\":\"lb-LU\",\"potentialAction\":[{\"@type\":\"ReadAction\",\"target\":[\"https:\/\/visitremich.lu\/lb\/la-ville\/office-regional-du-tourisme\/\"]}]},{\"@type\":\"ImageObject\",\"inLanguage\":\"lb-LU\",\"@id\":\"https:\/\/visitremich.lu\/lb\/la-ville\/office-regional-du-tourisme\/#primaryimage\",\"url\":\"https:\/\/visitremich.lu\/wp-content\/uploads\/sites\/2\/2016\/05\/Vue-de-la-r\u00e9gion-Moselle-en-Montgolfi\u00e8re-\u00a9-S.-LUCA.jpg\",\"contentUrl\":\"https:\/\/visitremich.lu\/wp-content\/uploads\/sites\/2\/2016\/05\/Vue-de-la-r\u00e9gion-Moselle-en-Montgolfi\u00e8re-\u00a9-S.-LUCA.jpg\",\"width\":2000,\"height\":1325},{\"@type\":\"BreadcrumbList\",\"@id\":\"https:\/\/visitremich.lu\/lb\/la-ville\/office-regional-du-tourisme\/#breadcrumb\",\"itemListElement\":[{\"@type\":\"ListItem\",\"position\":1,\"name\":\"Home\",\"item\":\"https:\/\/visitremich.lu\/de\/\"},{\"@type\":\"ListItem\",\"position\":2,\"name\":\"D&#8217;Stad\",\"item\":\"https:\/\/visitremich.lu\/lb\/la-ville\/\"},{\"@type\":\"ListItem\",\"position\":3,\"name\":\"Office R\u00e9gional du Tourisme\"}]},{\"@type\":\"WebSite\",\"@id\":\"https:\/\/visitremich.lu\/de\/#website\",\"url\":\"https:\/\/visitremich.lu\/de\/\",\"name\":\"Visit Remich\",\"description\":\"\",\"potentialAction\":[{\"@type\":\"SearchAction\",\"target\":{\"@type\":\"EntryPoint\",\"urlTemplate\":\"https:\/\/visitremich.lu\/de\/?s={search_term_string}\"},\"query-input\":{\"@type\":\"PropertyValueSpecification\",\"valueRequired\":true,\"valueName\":\"search_term_string\"}}],\"inLanguage\":\"lb-LU\"}]}<\/script>\n<!-- \/ Yoast SEO plugin. -->","yoast_head_json":{"title":"Office R\u00e9gional du Tourisme - Visit Remich","robots":{"index":"index","follow":"follow","max-snippet":"max-snippet:-1","max-image-preview":"max-image-preview:large","max-video-preview":"max-video-preview:-1"},"canonical":"https:\/\/visitremich.lu\/lb\/la-ville\/office-regional-du-tourisme\/","og_locale":"en_US","og_type":"article","og_title":"Office R\u00e9gional du Tourisme - Visit Remich","og_description":"\u201eSimply unplugged\u201c an der l\u00ebtzebuerger Muselregioun Am Miselerland kann ee sech et gutt goe loossen. D\u2019Musel verleeft als romantesch Grenz t\u00ebscht L\u00ebtzebuerg an D\u00e4itschland. Riets a l\u00e9nks vum Floss leien d\u2019W\u00e4ibierger an deenen d\u2019Drauwe fir den excellente Muselw\u00e4in r\u00e4ifen. Erlieft d\u00ebs Regioun ganz gemittlech mam Sch\u00ebff, um V\u00eblo oder zu Fouss. Och d\u2019Hannerland \u2013 n\u00ebmmen... Lire plus &raquo;","og_url":"https:\/\/visitremich.lu\/lb\/la-ville\/office-regional-du-tourisme\/","og_site_name":"Visit Remich","article_modified_time":"2019-09-26T11:35:12+00:00","og_image":[{"width":2000,"height":1325,"url":"https:\/\/visitremich.lu\/wp-content\/uploads\/sites\/2\/2016\/05\/Vue-de-la-r\u00e9gion-Moselle-en-Montgolfi\u00e8re-\u00a9-S.-LUCA.jpg","type":"image\/jpeg"}],"twitter_card":"summary_large_image","twitter_misc":{"Est. reading time":"1 minute"},"schema":{"@context":"https:\/\/schema.org","@graph":[{"@type":"WebPage","@id":"https:\/\/visitremich.lu\/lb\/la-ville\/office-regional-du-tourisme\/","url":"https:\/\/visitremich.lu\/lb\/la-ville\/office-regional-du-tourisme\/","name":"Office R\u00e9gional du Tourisme - Visit Remich","isPartOf":{"@id":"https:\/\/visitremich.lu\/de\/#website"},"primaryImageOfPage":{"@id":"https:\/\/visitremich.lu\/lb\/la-ville\/office-regional-du-tourisme\/#primaryimage"},"image":{"@id":"https:\/\/visitremich.lu\/lb\/la-ville\/office-regional-du-tourisme\/#primaryimage"},"thumbnailUrl":"https:\/\/visitremich.lu\/wp-content\/uploads\/sites\/2\/2016\/05\/Vue-de-la-r\u00e9gion-Moselle-en-Montgolfi\u00e8re-\u00a9-S.-LUCA.jpg","datePublished":"2016-04-20T11:22:44+00:00","dateModified":"2019-09-26T11:35:12+00:00","breadcrumb":{"@id":"https:\/\/visitremich.lu\/lb\/la-ville\/office-regional-du-tourisme\/#breadcrumb"},"inLanguage":"lb-LU","potentialAction":[{"@type":"ReadAction","target":["https:\/\/visitremich.lu\/lb\/la-ville\/office-regional-du-tourisme\/"]}]},{"@type":"ImageObject","inLanguage":"lb-LU","@id":"https:\/\/visitremich.lu\/lb\/la-ville\/office-regional-du-tourisme\/#primaryimage","url":"https:\/\/visitremich.lu\/wp-content\/uploads\/sites\/2\/2016\/05\/Vue-de-la-r\u00e9gion-Moselle-en-Montgolfi\u00e8re-\u00a9-S.-LUCA.jpg","contentUrl":"https:\/\/visitremich.lu\/wp-content\/uploads\/sites\/2\/2016\/05\/Vue-de-la-r\u00e9gion-Moselle-en-Montgolfi\u00e8re-\u00a9-S.-LUCA.jpg","width":2000,"height":1325},{"@type":"BreadcrumbList","@id":"https:\/\/visitremich.lu\/lb\/la-ville\/office-regional-du-tourisme\/#breadcrumb","itemListElement":[{"@type":"ListItem","position":1,"name":"Home","item":"https:\/\/visitremich.lu\/de\/"},{"@type":"ListItem","position":2,"name":"D&#8217;Stad","item":"https:\/\/visitremich.lu\/lb\/la-ville\/"},{"@type":"ListItem","position":3,"name":"Office R\u00e9gional du Tourisme"}]},{"@type":"WebSite","@id":"https:\/\/visitremich.lu\/de\/#website","url":"https:\/\/visitremich.lu\/de\/","name":"Visit Remich","description":"","potentialAction":[{"@type":"SearchAction","target":{"@type":"EntryPoint","urlTemplate":"https:\/\/visitremich.lu\/de\/?s={search_term_string}"},"query-input":{"@type":"PropertyValueSpecification","valueRequired":true,"valueName":"search_term_string"}}],"inLanguage":"lb-LU"}]}},"_links":{"self":[{"href":"https:\/\/visitremich.lu\/lb\/wp-json\/wp\/v2\/pages\/429","targetHints":{"allow":["GET"]}}],"collection":[{"href":"https:\/\/visitremich.lu\/lb\/wp-json\/wp\/v2\/pages"}],"about":[{"href":"https:\/\/visitremich.lu\/lb\/wp-json\/wp\/v2\/types\/page"}],"author":[{"embeddable":true,"href":"https:\/\/visitremich.lu\/lb\/wp-json\/wp\/v2\/users\/2"}],"replies":[{"embeddable":true,"href":"https:\/\/visitremich.lu\/lb\/wp-json\/wp\/v2\/comments?post=429"}],"version-history":[{"count":10,"href":"https:\/\/visitremich.lu\/lb\/wp-json\/wp\/v2\/pages\/429\/revisions"}],"predecessor-version":[{"id":1301,"href":"https:\/\/visitremich.lu\/lb\/wp-json\/wp\/v2\/pages\/429\/revisions\/1301"}],"up":[{"embeddable":true,"href":"https:\/\/visitremich.lu\/lb\/wp-json\/wp\/v2\/pages\/27"}],"wp:featuredmedia":[{"embeddable":true,"href":"https:\/\/visitremich.lu\/lb\/wp-json\/wp\/v2\/media\/650"}],"wp:attachment":[{"href":"https:\/\/visitremich.lu\/lb\/wp-json\/wp\/v2\/media?parent=429"}],"curies":[{"name":"wp","href":"https:\/\/api.w.org\/{rel}","templated":true}]}}