{"id":3992,"date":"2020-10-20T12:43:41","date_gmt":"2020-10-20T11:43:41","guid":{"rendered":"http:\/\/visitremich.lu\/?page_id=3992"},"modified":"2025-10-21T07:08:16","modified_gmt":"2025-10-21T06:08:16","slug":"wanterfestival","status":"publish","type":"page","link":"https:\/\/visitremich.lu\/lb\/que-faire\/cool-days\/wanterfestival\/","title":{"rendered":"De Wanterfestival | Chr\u00ebschtmoart &amp; synthetesch \u00c4ispist"},"content":{"rendered":"<p>Chr\u00ebscht-St\u00ebmmung op der Dr F. Kons Plaz mat Deko, Iess- a Gedr\u00e9nksst\u00e4nn, musikaleschen Animatiounen an enger iwwerdecktener \u00c4ispist.<\/p>\n","protected":false},"excerpt":{"rendered":"<p>Chr\u00ebscht-St\u00ebmmung op der Dr F. Kons Plaz mat Deko, Iess- a Gedr\u00e9nksst\u00e4nn, musikaleschen Animatiounen an enger iwwerdecktener \u00c4ispist.<\/p>\n","protected":false},"author":4,"featured_media":6814,"parent":77,"menu_order":0,"comment_status":"closed","ping_status":"closed","template":"page-activity.php","meta":{"_acf_changed":false,"footnotes":""},"class_list":["post-3992","page","type-page","status-publish","has-post-thumbnail","hentry"],"acf":[],"yoast_head":"<!-- This site is optimized with the Yoast SEO plugin v26.7 - https:\/\/yoast.com\/wordpress\/plugins\/seo\/ -->\n<title>De Wanterfestival | Chr\u00ebschtmoart &amp; synthetesch \u00c4ispist - Visit Remich<\/title>\n<meta name=\"robots\" content=\"index, follow, max-snippet:-1, max-image-preview:large, max-video-preview:-1\" \/>\n<link rel=\"canonical\" href=\"https:\/\/visitremich.lu\/que-faire\/cool-days\/wanterfestival\/\" \/>\n<meta property=\"og:locale\" content=\"en_US\" \/>\n<meta property=\"og:type\" content=\"article\" \/>\n<meta property=\"og:title\" content=\"De Wanterfestival | Chr\u00ebschtmoart &amp; synthetesch \u00c4ispist - Visit Remich\" \/>\n<meta property=\"og:description\" content=\"Chr\u00ebscht-St\u00ebmmung op der Dr F. Kons Plaz mat Deko, Iess- a Gedr\u00e9nksst\u00e4nn, musikaleschen Animatiounen an enger iwwerdecktener \u00c4ispist.\" \/>\n<meta property=\"og:url\" content=\"https:\/\/visitremich.lu\/que-faire\/cool-days\/wanterfestival\/\" \/>\n<meta property=\"og:site_name\" content=\"Visit Remich\" \/>\n<meta property=\"article:modified_time\" content=\"2025-10-21T06:08:16+00:00\" \/>\n<meta property=\"og:image\" content=\"https:\/\/visitremich.lu\/wp-content\/uploads\/sites\/2\/2024\/10\/Remich-Chreschtmoart-2023-byMS-0017-Enhanced-NR.jpg\" \/>\n\t<meta property=\"og:image:width\" content=\"1600\" \/>\n\t<meta property=\"og:image:height\" content=\"1067\" \/>\n\t<meta property=\"og:image:type\" content=\"image\/jpeg\" \/>\n<meta name=\"twitter:card\" content=\"summary_large_image\" \/>\n<meta name=\"twitter:label1\" content=\"Est. reading time\" \/>\n\t<meta name=\"twitter:data1\" content=\"1 minute\" \/>\n<script type=\"application\/ld+json\" class=\"yoast-schema-graph\">{\"@context\":\"https:\/\/schema.org\",\"@graph\":[{\"@type\":\"WebPage\",\"@id\":\"https:\/\/visitremich.lu\/que-faire\/cool-days\/wanterfestival\/\",\"url\":\"https:\/\/visitremich.lu\/que-faire\/cool-days\/wanterfestival\/\",\"name\":\"De Wanterfestival | Chr\u00ebschtmoart &amp; synthetesch \u00c4ispist - Visit Remich\",\"isPartOf\":{\"@id\":\"https:\/\/visitremich.lu\/de\/#website\"},\"primaryImageOfPage\":{\"@id\":\"https:\/\/visitremich.lu\/que-faire\/cool-days\/wanterfestival\/#primaryimage\"},\"image\":{\"@id\":\"https:\/\/visitremich.lu\/que-faire\/cool-days\/wanterfestival\/#primaryimage\"},\"thumbnailUrl\":\"https:\/\/visitremich.lu\/wp-content\/uploads\/sites\/2\/2024\/10\/Remich-Chreschtmoart-2023-byMS-0017-Enhanced-NR.jpg\",\"datePublished\":\"2020-10-20T11:43:41+00:00\",\"dateModified\":\"2025-10-21T06:08:16+00:00\",\"breadcrumb\":{\"@id\":\"https:\/\/visitremich.lu\/que-faire\/cool-days\/wanterfestival\/#breadcrumb\"},\"inLanguage\":\"lb-LU\",\"potentialAction\":[{\"@type\":\"ReadAction\",\"target\":[\"https:\/\/visitremich.lu\/que-faire\/cool-days\/wanterfestival\/\"]}]},{\"@type\":\"ImageObject\",\"inLanguage\":\"lb-LU\",\"@id\":\"https:\/\/visitremich.lu\/que-faire\/cool-days\/wanterfestival\/#primaryimage\",\"url\":\"https:\/\/visitremich.lu\/wp-content\/uploads\/sites\/2\/2024\/10\/Remich-Chreschtmoart-2023-byMS-0017-Enhanced-NR.jpg\",\"contentUrl\":\"https:\/\/visitremich.lu\/wp-content\/uploads\/sites\/2\/2024\/10\/Remich-Chreschtmoart-2023-byMS-0017-Enhanced-NR.jpg\",\"width\":1600,\"height\":1067},{\"@type\":\"BreadcrumbList\",\"@id\":\"https:\/\/visitremich.lu\/que-faire\/cool-days\/wanterfestival\/#breadcrumb\",\"itemListElement\":[{\"@type\":\"ListItem\",\"position\":1,\"name\":\"Home\",\"item\":\"https:\/\/visitremich.lu\/de\/\"},{\"@type\":\"ListItem\",\"position\":2,\"name\":\"Erleben\",\"item\":\"https:\/\/visitremich.lu\/de\/que-faire\/\"},{\"@type\":\"ListItem\",\"position\":3,\"name\":\"Winter Days\",\"item\":\"https:\/\/visitremich.lu\/lb\/que-faire\/cool-days\/\"},{\"@type\":\"ListItem\",\"position\":4,\"name\":\"De Wanterfestival | Chr\u00ebschtmoart &amp; synthetesch \u00c4ispist\"}]},{\"@type\":\"WebSite\",\"@id\":\"https:\/\/visitremich.lu\/de\/#website\",\"url\":\"https:\/\/visitremich.lu\/de\/\",\"name\":\"Visit Remich\",\"description\":\"\",\"potentialAction\":[{\"@type\":\"SearchAction\",\"target\":{\"@type\":\"EntryPoint\",\"urlTemplate\":\"https:\/\/visitremich.lu\/de\/?s={search_term_string}\"},\"query-input\":{\"@type\":\"PropertyValueSpecification\",\"valueRequired\":true,\"valueName\":\"search_term_string\"}}],\"inLanguage\":\"lb-LU\"}]}<\/script>\n<!-- \/ Yoast SEO plugin. -->","yoast_head_json":{"title":"De Wanterfestival | Chr\u00ebschtmoart &amp; synthetesch \u00c4ispist - Visit Remich","robots":{"index":"index","follow":"follow","max-snippet":"max-snippet:-1","max-image-preview":"max-image-preview:large","max-video-preview":"max-video-preview:-1"},"canonical":"https:\/\/visitremich.lu\/que-faire\/cool-days\/wanterfestival\/","og_locale":"en_US","og_type":"article","og_title":"De Wanterfestival | Chr\u00ebschtmoart &amp; synthetesch \u00c4ispist - Visit Remich","og_description":"Chr\u00ebscht-St\u00ebmmung op der Dr F. Kons Plaz mat Deko, Iess- a Gedr\u00e9nksst\u00e4nn, musikaleschen Animatiounen an enger iwwerdecktener \u00c4ispist.","og_url":"https:\/\/visitremich.lu\/que-faire\/cool-days\/wanterfestival\/","og_site_name":"Visit Remich","article_modified_time":"2025-10-21T06:08:16+00:00","og_image":[{"width":1600,"height":1067,"url":"https:\/\/visitremich.lu\/wp-content\/uploads\/sites\/2\/2024\/10\/Remich-Chreschtmoart-2023-byMS-0017-Enhanced-NR.jpg","type":"image\/jpeg"}],"twitter_card":"summary_large_image","twitter_misc":{"Est. reading time":"1 minute"},"schema":{"@context":"https:\/\/schema.org","@graph":[{"@type":"WebPage","@id":"https:\/\/visitremich.lu\/que-faire\/cool-days\/wanterfestival\/","url":"https:\/\/visitremich.lu\/que-faire\/cool-days\/wanterfestival\/","name":"De Wanterfestival | Chr\u00ebschtmoart &amp; synthetesch \u00c4ispist - Visit Remich","isPartOf":{"@id":"https:\/\/visitremich.lu\/de\/#website"},"primaryImageOfPage":{"@id":"https:\/\/visitremich.lu\/que-faire\/cool-days\/wanterfestival\/#primaryimage"},"image":{"@id":"https:\/\/visitremich.lu\/que-faire\/cool-days\/wanterfestival\/#primaryimage"},"thumbnailUrl":"https:\/\/visitremich.lu\/wp-content\/uploads\/sites\/2\/2024\/10\/Remich-Chreschtmoart-2023-byMS-0017-Enhanced-NR.jpg","datePublished":"2020-10-20T11:43:41+00:00","dateModified":"2025-10-21T06:08:16+00:00","breadcrumb":{"@id":"https:\/\/visitremich.lu\/que-faire\/cool-days\/wanterfestival\/#breadcrumb"},"inLanguage":"lb-LU","potentialAction":[{"@type":"ReadAction","target":["https:\/\/visitremich.lu\/que-faire\/cool-days\/wanterfestival\/"]}]},{"@type":"ImageObject","inLanguage":"lb-LU","@id":"https:\/\/visitremich.lu\/que-faire\/cool-days\/wanterfestival\/#primaryimage","url":"https:\/\/visitremich.lu\/wp-content\/uploads\/sites\/2\/2024\/10\/Remich-Chreschtmoart-2023-byMS-0017-Enhanced-NR.jpg","contentUrl":"https:\/\/visitremich.lu\/wp-content\/uploads\/sites\/2\/2024\/10\/Remich-Chreschtmoart-2023-byMS-0017-Enhanced-NR.jpg","width":1600,"height":1067},{"@type":"BreadcrumbList","@id":"https:\/\/visitremich.lu\/que-faire\/cool-days\/wanterfestival\/#breadcrumb","itemListElement":[{"@type":"ListItem","position":1,"name":"Home","item":"https:\/\/visitremich.lu\/de\/"},{"@type":"ListItem","position":2,"name":"Erleben","item":"https:\/\/visitremich.lu\/de\/que-faire\/"},{"@type":"ListItem","position":3,"name":"Winter Days","item":"https:\/\/visitremich.lu\/lb\/que-faire\/cool-days\/"},{"@type":"ListItem","position":4,"name":"De Wanterfestival | Chr\u00ebschtmoart &amp; synthetesch \u00c4ispist"}]},{"@type":"WebSite","@id":"https:\/\/visitremich.lu\/de\/#website","url":"https:\/\/visitremich.lu\/de\/","name":"Visit Remich","description":"","potentialAction":[{"@type":"SearchAction","target":{"@type":"EntryPoint","urlTemplate":"https:\/\/visitremich.lu\/de\/?s={search_term_string}"},"query-input":{"@type":"PropertyValueSpecification","valueRequired":true,"valueName":"search_term_string"}}],"inLanguage":"lb-LU"}]}},"_links":{"self":[{"href":"https:\/\/visitremich.lu\/lb\/wp-json\/wp\/v2\/pages\/3992","targetHints":{"allow":["GET"]}}],"collection":[{"href":"https:\/\/visitremich.lu\/lb\/wp-json\/wp\/v2\/pages"}],"about":[{"href":"https:\/\/visitremich.lu\/lb\/wp-json\/wp\/v2\/types\/page"}],"author":[{"embeddable":true,"href":"https:\/\/visitremich.lu\/lb\/wp-json\/wp\/v2\/users\/4"}],"replies":[{"embeddable":true,"href":"https:\/\/visitremich.lu\/lb\/wp-json\/wp\/v2\/comments?post=3992"}],"version-history":[{"count":5,"href":"https:\/\/visitremich.lu\/lb\/wp-json\/wp\/v2\/pages\/3992\/revisions"}],"predecessor-version":[{"id":8384,"href":"https:\/\/visitremich.lu\/lb\/wp-json\/wp\/v2\/pages\/3992\/revisions\/8384"}],"up":[{"embeddable":true,"href":"https:\/\/visitremich.lu\/lb\/wp-json\/wp\/v2\/pages\/77"}],"wp:featuredmedia":[{"embeddable":true,"href":"https:\/\/visitremich.lu\/lb\/wp-json\/wp\/v2\/media\/6814"}],"wp:attachment":[{"href":"https:\/\/visitremich.lu\/lb\/wp-json\/wp\/v2\/media?parent=3992"}],"curies":[{"name":"wp","href":"https:\/\/api.w.org\/{rel}","templated":true}]}}