{"id":34,"date":"2016-03-30T12:37:44","date_gmt":"2016-03-30T12:37:44","guid":{"rendered":"http:\/\/visit.remich.lightbulb.lu\/?page_id=34"},"modified":"2016-04-20T09:21:03","modified_gmt":"2016-04-20T09:21:03","slug":"vin-et-terroir","status":"publish","type":"page","link":"https:\/\/visitremich.lu\/lb\/vin-et-terroir\/","title":{"rendered":"W\u00e4in an Terroir"},"content":{"rendered":"<p class=\"qtranxs-available-languages-message qtranxs-available-languages-message-lb\">Leider ass d\u00ebse B\u00e4itrag just op <a href=\"https:\/\/visitremich.lu\/fr\/wp-json\/wp\/v2\/pages\/34\" class=\"qtranxs-available-language-link qtranxs-available-language-link-fr\" title=\"FR\">FR<\/a> an <a href=\"https:\/\/visitremich.lu\/de\/wp-json\/wp\/v2\/pages\/34\" class=\"qtranxs-available-language-link qtranxs-available-language-link-de\" title=\"DE\">DE<\/a> disponibel. For the sake of viewer convenience, the content is shown below in one of the available alternative languages. You may click one of the links to switch the site language to another available language.<\/p>\n<p>La viticulture a marqu\u00e9 de son empreinte la r\u00e9gion Remich Moselle et lui offre son fruit savoureux\u00a0: le vin. Qui dit visite de la ville de Remich, dit visite d\u2019une cave et d\u00e9gustation de vin\u00a0! Remich est \u00e9galement le si\u00e8ge de l\u2019Institut Viti-Vinicole et de la Marque Nationale des Vins.<\/p>\n","protected":false},"excerpt":{"rendered":"<p>Leider ass d\u00ebse B\u00e4itrag just op FR an DE disponibel. For the sake of viewer convenience, the content is shown below in one of the available alternative languages. You may click one of the links to switch the site language to another available language. La viticulture a marqu\u00e9 de son empreinte la r\u00e9gion Remich Moselle&#8230;  <a class=\"excerpt-read-more\" href=\"https:\/\/visitremich.lu\/lb\/vin-et-terroir\/\" title=\"LiesenW\u00e4in an Terroir\">Lire plus &raquo;<\/a><\/p>\n","protected":false},"author":1,"featured_media":0,"parent":0,"menu_order":7,"comment_status":"closed","ping_status":"closed","template":"page-side-by-side.php","meta":{"_acf_changed":false,"footnotes":""},"class_list":["post-34","page","type-page","status-publish","hentry"],"acf":[],"yoast_head":"<!-- This site is optimized with the Yoast SEO plugin v26.7 - https:\/\/yoast.com\/wordpress\/plugins\/seo\/ -->\n<title>W\u00e4in an Terroir - Visit Remich<\/title>\n<meta name=\"robots\" content=\"index, follow, max-snippet:-1, max-image-preview:large, max-video-preview:-1\" \/>\n<link rel=\"canonical\" href=\"https:\/\/visitremich.lu\/lb\/vin-et-terroir\/\" \/>\n<meta property=\"og:locale\" content=\"en_US\" \/>\n<meta property=\"og:type\" content=\"article\" \/>\n<meta property=\"og:title\" content=\"W\u00e4in an Terroir - Visit Remich\" \/>\n<meta property=\"og:description\" content=\"Leider ass d\u00ebse B\u00e4itrag just op FR an DE disponibel. For the sake of viewer convenience, the content is shown below in one of the available alternative languages. You may click one of the links to switch the site language to another available language. La viticulture a marqu\u00e9 de son empreinte la r\u00e9gion Remich Moselle... Lire plus &raquo;\" \/>\n<meta property=\"og:url\" content=\"https:\/\/visitremich.lu\/lb\/vin-et-terroir\/\" \/>\n<meta property=\"og:site_name\" content=\"Visit Remich\" \/>\n<meta property=\"article:modified_time\" content=\"2016-04-20T09:21:03+00:00\" \/>\n<meta name=\"twitter:card\" content=\"summary_large_image\" \/>\n<meta name=\"twitter:label1\" content=\"Est. reading time\" \/>\n\t<meta name=\"twitter:data1\" content=\"1 minute\" \/>\n<script type=\"application\/ld+json\" class=\"yoast-schema-graph\">{\"@context\":\"https:\/\/schema.org\",\"@graph\":[{\"@type\":\"WebPage\",\"@id\":\"https:\/\/visitremich.lu\/lb\/vin-et-terroir\/\",\"url\":\"https:\/\/visitremich.lu\/lb\/vin-et-terroir\/\",\"name\":\"W\u00e4in an Terroir - Visit Remich\",\"isPartOf\":{\"@id\":\"https:\/\/visitremich.lu\/de\/#website\"},\"datePublished\":\"2016-03-30T12:37:44+00:00\",\"dateModified\":\"2016-04-20T09:21:03+00:00\",\"breadcrumb\":{\"@id\":\"https:\/\/visitremich.lu\/lb\/vin-et-terroir\/#breadcrumb\"},\"inLanguage\":\"lb-LU\",\"potentialAction\":[{\"@type\":\"ReadAction\",\"target\":[\"https:\/\/visitremich.lu\/lb\/vin-et-terroir\/\"]}]},{\"@type\":\"BreadcrumbList\",\"@id\":\"https:\/\/visitremich.lu\/lb\/vin-et-terroir\/#breadcrumb\",\"itemListElement\":[{\"@type\":\"ListItem\",\"position\":1,\"name\":\"Home\",\"item\":\"https:\/\/visitremich.lu\/de\/\"},{\"@type\":\"ListItem\",\"position\":2,\"name\":\"W\u00e4in an Terroir\"}]},{\"@type\":\"WebSite\",\"@id\":\"https:\/\/visitremich.lu\/de\/#website\",\"url\":\"https:\/\/visitremich.lu\/de\/\",\"name\":\"Visit Remich\",\"description\":\"\",\"potentialAction\":[{\"@type\":\"SearchAction\",\"target\":{\"@type\":\"EntryPoint\",\"urlTemplate\":\"https:\/\/visitremich.lu\/de\/?s={search_term_string}\"},\"query-input\":{\"@type\":\"PropertyValueSpecification\",\"valueRequired\":true,\"valueName\":\"search_term_string\"}}],\"inLanguage\":\"lb-LU\"}]}<\/script>\n<!-- \/ Yoast SEO plugin. -->","yoast_head_json":{"title":"W\u00e4in an Terroir - Visit Remich","robots":{"index":"index","follow":"follow","max-snippet":"max-snippet:-1","max-image-preview":"max-image-preview:large","max-video-preview":"max-video-preview:-1"},"canonical":"https:\/\/visitremich.lu\/lb\/vin-et-terroir\/","og_locale":"en_US","og_type":"article","og_title":"W\u00e4in an Terroir - Visit Remich","og_description":"Leider ass d\u00ebse B\u00e4itrag just op FR an DE disponibel. For the sake of viewer convenience, the content is shown below in one of the available alternative languages. You may click one of the links to switch the site language to another available language. La viticulture a marqu\u00e9 de son empreinte la r\u00e9gion Remich Moselle... Lire plus &raquo;","og_url":"https:\/\/visitremich.lu\/lb\/vin-et-terroir\/","og_site_name":"Visit Remich","article_modified_time":"2016-04-20T09:21:03+00:00","twitter_card":"summary_large_image","twitter_misc":{"Est. reading time":"1 minute"},"schema":{"@context":"https:\/\/schema.org","@graph":[{"@type":"WebPage","@id":"https:\/\/visitremich.lu\/lb\/vin-et-terroir\/","url":"https:\/\/visitremich.lu\/lb\/vin-et-terroir\/","name":"W\u00e4in an Terroir - Visit Remich","isPartOf":{"@id":"https:\/\/visitremich.lu\/de\/#website"},"datePublished":"2016-03-30T12:37:44+00:00","dateModified":"2016-04-20T09:21:03+00:00","breadcrumb":{"@id":"https:\/\/visitremich.lu\/lb\/vin-et-terroir\/#breadcrumb"},"inLanguage":"lb-LU","potentialAction":[{"@type":"ReadAction","target":["https:\/\/visitremich.lu\/lb\/vin-et-terroir\/"]}]},{"@type":"BreadcrumbList","@id":"https:\/\/visitremich.lu\/lb\/vin-et-terroir\/#breadcrumb","itemListElement":[{"@type":"ListItem","position":1,"name":"Home","item":"https:\/\/visitremich.lu\/de\/"},{"@type":"ListItem","position":2,"name":"W\u00e4in an Terroir"}]},{"@type":"WebSite","@id":"https:\/\/visitremich.lu\/de\/#website","url":"https:\/\/visitremich.lu\/de\/","name":"Visit Remich","description":"","potentialAction":[{"@type":"SearchAction","target":{"@type":"EntryPoint","urlTemplate":"https:\/\/visitremich.lu\/de\/?s={search_term_string}"},"query-input":{"@type":"PropertyValueSpecification","valueRequired":true,"valueName":"search_term_string"}}],"inLanguage":"lb-LU"}]}},"_links":{"self":[{"href":"https:\/\/visitremich.lu\/lb\/wp-json\/wp\/v2\/pages\/34","targetHints":{"allow":["GET"]}}],"collection":[{"href":"https:\/\/visitremich.lu\/lb\/wp-json\/wp\/v2\/pages"}],"about":[{"href":"https:\/\/visitremich.lu\/lb\/wp-json\/wp\/v2\/types\/page"}],"author":[{"embeddable":true,"href":"https:\/\/visitremich.lu\/lb\/wp-json\/wp\/v2\/users\/1"}],"replies":[{"embeddable":true,"href":"https:\/\/visitremich.lu\/lb\/wp-json\/wp\/v2\/comments?post=34"}],"version-history":[{"count":4,"href":"https:\/\/visitremich.lu\/lb\/wp-json\/wp\/v2\/pages\/34\/revisions"}],"predecessor-version":[{"id":401,"href":"https:\/\/visitremich.lu\/lb\/wp-json\/wp\/v2\/pages\/34\/revisions\/401"}],"wp:attachment":[{"href":"https:\/\/visitremich.lu\/lb\/wp-json\/wp\/v2\/media?parent=34"}],"curies":[{"name":"wp","href":"https:\/\/api.w.org\/{rel}","templated":true}]}}