{"id":2,"date":"2016-03-10T09:14:31","date_gmt":"2016-03-10T09:14:31","guid":{"rendered":"http:\/\/visit.remich.lightbulb.lu\/?page_id=2"},"modified":"2025-01-21T08:49:17","modified_gmt":"2025-01-21T07:49:17","slug":"sample-page","status":"publish","type":"page","link":"https:\/\/visitremich.lu\/lb\/","title":{"rendered":"R\u00e9imech, P\u00e4rel vun der Musel"},"content":{"rendered":"<div id=\"video-embed-535\" class=\"lightbulb-video-embed-container\"><iframe loading=\"lazy\" title=\"visit Remich \u2013 Entdeckt R\u00e9imech mam Lis\" src=\"https:\/\/www.youtube.com\/embed\/5KjpAAyZ87Y?feature=oembed\" width=\"500\" height=\"281\" frameborder=\"0\" allowfullscreen=\"allowfullscreen\"><\/iframe><\/div>\n<p>R\u00e9imech &#8211; d&#8217;P\u00e4rel vun der Musel &#8211; ass eng kleng touristesch Stad op der europ\u00e4escher Strooss am Dr\u00e4il\u00e4nnereck t\u00ebscht L\u00ebtzebuerg, Frankr\u00e4ich an D\u00e4itschland. De wonnersch\u00e9ine Panorama vu W\u00e9ngerten a B\u00ebscher \u00ebmkreest d&#8217;Stad w\u00e9i en Amphitheater.<\/p>\n<p>Laanscht de Bord vun der Musel f\u00e9iert eng 3 km laang Promenade mat Bierken a Kiischtebeem, d\u00e9i m\u00e9i w\u00e9i n\u00ebmmen invit\u00e9iert fir en Tierchen ze flan\u00e9ieren! Gemittlech Terrassen, W\u00e4i schmaache bei engem W\u00e9nzer, en Tour mam Sch\u00ebff&#8230; R\u00e9imech\u00a0bitt\u00a0vill\u00a0Aktivit\u00e9ite\u00a0fir jiddereen!<\/p>\n","protected":false},"excerpt":{"rendered":"<p>R\u00e9imech &#8211; d&#8217;P\u00e4rel vun der Musel &#8211; ass eng kleng touristesch Stad op der europ\u00e4escher Strooss am Dr\u00e4il\u00e4nnereck t\u00ebscht L\u00ebtzebuerg, Frankr\u00e4ich an D\u00e4itschland. De wonnersch\u00e9ine Panorama vu W\u00e9ngerten a B\u00ebscher \u00ebmkreest d&#8217;Stad w\u00e9i en Amphitheater. Laanscht de Bord vun der Musel f\u00e9iert eng 3 km laang Promenade mat Bierken a Kiischtebeem, d\u00e9i m\u00e9i w\u00e9i n\u00ebmmen&#8230;  <a class=\"excerpt-read-more\" href=\"https:\/\/visitremich.lu\/lb\/\" title=\"LiesenR\u00e9imech, P\u00e4rel vun der Musel\">Lire plus &raquo;<\/a><\/p>\n","protected":false},"author":1,"featured_media":118,"parent":0,"menu_order":1,"comment_status":"closed","ping_status":"open","template":"page-home.php","meta":{"_acf_changed":false,"footnotes":""},"class_list":["post-2","page","type-page","status-publish","has-post-thumbnail","hentry"],"acf":[],"yoast_head":"<!-- This site is optimized with the Yoast SEO plugin v26.7 - https:\/\/yoast.com\/wordpress\/plugins\/seo\/ -->\n<title>R\u00e9imech, P\u00e4rel vun der Musel - Visit Remich<\/title>\n<meta name=\"robots\" content=\"index, follow, max-snippet:-1, max-image-preview:large, max-video-preview:-1\" \/>\n<link rel=\"canonical\" href=\"https:\/\/visitremich.lu\/de\/\" \/>\n<meta property=\"og:locale\" content=\"en_US\" \/>\n<meta property=\"og:type\" content=\"article\" \/>\n<meta property=\"og:title\" content=\"R\u00e9imech, P\u00e4rel vun der Musel - Visit Remich\" \/>\n<meta property=\"og:description\" content=\"R\u00e9imech &#8211; d&#8217;P\u00e4rel vun der Musel &#8211; ass eng kleng touristesch Stad op der europ\u00e4escher Strooss am Dr\u00e4il\u00e4nnereck t\u00ebscht L\u00ebtzebuerg, Frankr\u00e4ich an D\u00e4itschland. De wonnersch\u00e9ine Panorama vu W\u00e9ngerten a B\u00ebscher \u00ebmkreest d&#8217;Stad w\u00e9i en Amphitheater. Laanscht de Bord vun der Musel f\u00e9iert eng 3 km laang Promenade mat Bierken a Kiischtebeem, d\u00e9i m\u00e9i w\u00e9i n\u00ebmmen... Lire plus &raquo;\" \/>\n<meta property=\"og:url\" content=\"https:\/\/visitremich.lu\/de\/\" \/>\n<meta property=\"og:site_name\" content=\"Visit Remich\" \/>\n<meta property=\"article:modified_time\" content=\"2025-01-21T07:49:17+00:00\" \/>\n<meta property=\"og:image\" content=\"https:\/\/visitremich.lu\/wp-content\/uploads\/sites\/2\/2016\/03\/featured-home.jpg\" \/>\n\t<meta property=\"og:image:width\" content=\"1800\" \/>\n\t<meta property=\"og:image:height\" content=\"662\" \/>\n\t<meta property=\"og:image:type\" content=\"image\/jpeg\" \/>\n<meta name=\"twitter:card\" content=\"summary_large_image\" \/>\n<meta name=\"twitter:label1\" content=\"Est. reading time\" \/>\n\t<meta name=\"twitter:data1\" content=\"1 minute\" \/>\n<script type=\"application\/ld+json\" class=\"yoast-schema-graph\">{\"@context\":\"https:\/\/schema.org\",\"@graph\":[{\"@type\":\"WebPage\",\"@id\":\"https:\/\/visitremich.lu\/de\/\",\"url\":\"https:\/\/visitremich.lu\/de\/\",\"name\":\"R\u00e9imech, P\u00e4rel vun der Musel - Visit Remich\",\"isPartOf\":{\"@id\":\"https:\/\/visitremich.lu\/de\/#website\"},\"primaryImageOfPage\":{\"@id\":\"https:\/\/visitremich.lu\/de\/#primaryimage\"},\"image\":{\"@id\":\"https:\/\/visitremich.lu\/de\/#primaryimage\"},\"thumbnailUrl\":\"https:\/\/visitremich.lu\/wp-content\/uploads\/sites\/2\/2016\/03\/featured-home.jpg\",\"datePublished\":\"2016-03-10T09:14:31+00:00\",\"dateModified\":\"2025-01-21T07:49:17+00:00\",\"breadcrumb\":{\"@id\":\"https:\/\/visitremich.lu\/de\/#breadcrumb\"},\"inLanguage\":\"lb-LU\",\"potentialAction\":[{\"@type\":\"ReadAction\",\"target\":[\"https:\/\/visitremich.lu\/de\/\"]}]},{\"@type\":\"ImageObject\",\"inLanguage\":\"lb-LU\",\"@id\":\"https:\/\/visitremich.lu\/de\/#primaryimage\",\"url\":\"https:\/\/visitremich.lu\/wp-content\/uploads\/sites\/2\/2016\/03\/featured-home.jpg\",\"contentUrl\":\"https:\/\/visitremich.lu\/wp-content\/uploads\/sites\/2\/2016\/03\/featured-home.jpg\",\"width\":1800,\"height\":662},{\"@type\":\"BreadcrumbList\",\"@id\":\"https:\/\/visitremich.lu\/de\/#breadcrumb\",\"itemListElement\":[{\"@type\":\"ListItem\",\"position\":1,\"name\":\"Home\",\"item\":\"https:\/\/visitremich.lu\/de\/\"},{\"@type\":\"ListItem\",\"position\":2,\"name\":\"Remich, Perle der Mosel\"}]},{\"@type\":\"WebSite\",\"@id\":\"https:\/\/visitremich.lu\/de\/#website\",\"url\":\"https:\/\/visitremich.lu\/de\/\",\"name\":\"Visit Remich\",\"description\":\"\",\"potentialAction\":[{\"@type\":\"SearchAction\",\"target\":{\"@type\":\"EntryPoint\",\"urlTemplate\":\"https:\/\/visitremich.lu\/de\/?s={search_term_string}\"},\"query-input\":{\"@type\":\"PropertyValueSpecification\",\"valueRequired\":true,\"valueName\":\"search_term_string\"}}],\"inLanguage\":\"lb-LU\"}]}<\/script>\n<!-- \/ Yoast SEO plugin. -->","yoast_head_json":{"title":"R\u00e9imech, P\u00e4rel vun der Musel - Visit Remich","robots":{"index":"index","follow":"follow","max-snippet":"max-snippet:-1","max-image-preview":"max-image-preview:large","max-video-preview":"max-video-preview:-1"},"canonical":"https:\/\/visitremich.lu\/de\/","og_locale":"en_US","og_type":"article","og_title":"R\u00e9imech, P\u00e4rel vun der Musel - Visit Remich","og_description":"R\u00e9imech &#8211; d&#8217;P\u00e4rel vun der Musel &#8211; ass eng kleng touristesch Stad op der europ\u00e4escher Strooss am Dr\u00e4il\u00e4nnereck t\u00ebscht L\u00ebtzebuerg, Frankr\u00e4ich an D\u00e4itschland. De wonnersch\u00e9ine Panorama vu W\u00e9ngerten a B\u00ebscher \u00ebmkreest d&#8217;Stad w\u00e9i en Amphitheater. Laanscht de Bord vun der Musel f\u00e9iert eng 3 km laang Promenade mat Bierken a Kiischtebeem, d\u00e9i m\u00e9i w\u00e9i n\u00ebmmen... Lire plus &raquo;","og_url":"https:\/\/visitremich.lu\/de\/","og_site_name":"Visit Remich","article_modified_time":"2025-01-21T07:49:17+00:00","og_image":[{"width":1800,"height":662,"url":"https:\/\/visitremich.lu\/wp-content\/uploads\/sites\/2\/2016\/03\/featured-home.jpg","type":"image\/jpeg"}],"twitter_card":"summary_large_image","twitter_misc":{"Est. reading time":"1 minute"},"schema":{"@context":"https:\/\/schema.org","@graph":[{"@type":"WebPage","@id":"https:\/\/visitremich.lu\/de\/","url":"https:\/\/visitremich.lu\/de\/","name":"R\u00e9imech, P\u00e4rel vun der Musel - Visit Remich","isPartOf":{"@id":"https:\/\/visitremich.lu\/de\/#website"},"primaryImageOfPage":{"@id":"https:\/\/visitremich.lu\/de\/#primaryimage"},"image":{"@id":"https:\/\/visitremich.lu\/de\/#primaryimage"},"thumbnailUrl":"https:\/\/visitremich.lu\/wp-content\/uploads\/sites\/2\/2016\/03\/featured-home.jpg","datePublished":"2016-03-10T09:14:31+00:00","dateModified":"2025-01-21T07:49:17+00:00","breadcrumb":{"@id":"https:\/\/visitremich.lu\/de\/#breadcrumb"},"inLanguage":"lb-LU","potentialAction":[{"@type":"ReadAction","target":["https:\/\/visitremich.lu\/de\/"]}]},{"@type":"ImageObject","inLanguage":"lb-LU","@id":"https:\/\/visitremich.lu\/de\/#primaryimage","url":"https:\/\/visitremich.lu\/wp-content\/uploads\/sites\/2\/2016\/03\/featured-home.jpg","contentUrl":"https:\/\/visitremich.lu\/wp-content\/uploads\/sites\/2\/2016\/03\/featured-home.jpg","width":1800,"height":662},{"@type":"BreadcrumbList","@id":"https:\/\/visitremich.lu\/de\/#breadcrumb","itemListElement":[{"@type":"ListItem","position":1,"name":"Home","item":"https:\/\/visitremich.lu\/de\/"},{"@type":"ListItem","position":2,"name":"Remich, Perle der Mosel"}]},{"@type":"WebSite","@id":"https:\/\/visitremich.lu\/de\/#website","url":"https:\/\/visitremich.lu\/de\/","name":"Visit Remich","description":"","potentialAction":[{"@type":"SearchAction","target":{"@type":"EntryPoint","urlTemplate":"https:\/\/visitremich.lu\/de\/?s={search_term_string}"},"query-input":{"@type":"PropertyValueSpecification","valueRequired":true,"valueName":"search_term_string"}}],"inLanguage":"lb-LU"}]}},"_links":{"self":[{"href":"https:\/\/visitremich.lu\/lb\/wp-json\/wp\/v2\/pages\/2","targetHints":{"allow":["GET"]}}],"collection":[{"href":"https:\/\/visitremich.lu\/lb\/wp-json\/wp\/v2\/pages"}],"about":[{"href":"https:\/\/visitremich.lu\/lb\/wp-json\/wp\/v2\/types\/page"}],"author":[{"embeddable":true,"href":"https:\/\/visitremich.lu\/lb\/wp-json\/wp\/v2\/users\/1"}],"replies":[{"embeddable":true,"href":"https:\/\/visitremich.lu\/lb\/wp-json\/wp\/v2\/comments?post=2"}],"version-history":[{"count":20,"href":"https:\/\/visitremich.lu\/lb\/wp-json\/wp\/v2\/pages\/2\/revisions"}],"predecessor-version":[{"id":7068,"href":"https:\/\/visitremich.lu\/lb\/wp-json\/wp\/v2\/pages\/2\/revisions\/7068"}],"wp:featuredmedia":[{"embeddable":true,"href":"https:\/\/visitremich.lu\/lb\/wp-json\/wp\/v2\/media\/118"}],"wp:attachment":[{"href":"https:\/\/visitremich.lu\/lb\/wp-json\/wp\/v2\/media?parent=2"}],"curies":[{"name":"wp","href":"https:\/\/api.w.org\/{rel}","templated":true}]}}