{"id":111,"date":"2016-03-31T14:19:12","date_gmt":"2016-03-31T14:19:12","guid":{"rendered":"http:\/\/visit.remich.lightbulb.lu\/?page_id=111"},"modified":"2018-07-30T09:50:01","modified_gmt":"2018-07-30T08:50:01","slug":"bedengungen-a-conditiounen","status":"publish","type":"page","link":"https:\/\/visitremich.lu\/lb\/bedengungen-a-conditiounen\/","title":{"rendered":"Impressum"},"content":{"rendered":"<h2 class=\"p1\">Editioun \u2013 Gestaltung \u2013 Entw\u00e9cklung vum Site<\/h2>\n<p class=\"p1\">D\u00ebse Site g\u00ebtt vun der Stad R\u00e9imech edit\u00e9iert.<\/p>\n<p class=\"p1\">De Site gouf vu Lightbulb realis\u00e9iert, a g\u00ebtt och vu Lightbulb heberg\u00e9iert.<\/p>\n<p class=\"p1\">Wann Dir Froen iwwer d\u00ebse Site a s\u00e4in Inhalt hutt oder d&#8217;Stad R\u00e9imech kontakt\u00e9iere w\u00ebllt, da sch\u00e9ckt w.e.g. \u00c4r Noriicht un d&#8217;Adress muriel.kayser@remich.lu oder benotzt de Kontaktformulaire op der Internets\u00e4it.<\/p>\n<h2 class=\"p1\">Rechtlech Aspekter<\/h2>\n<p class=\"p1\">D&#8217;Stad R\u00e9imech \u00ebnnerh\u00e4lt d\u00ebse Site, fir dem Publikum Zougang zu Informatiounen iwwer d&#8217;Stad ze erm\u00e9iglechen. Zil ass et, aktuell a korrekt Informatiounen ze verbreeden. Mir bem\u00e9ien eis, Feeler, d\u00e9i eis matgedeelt ginn, ze verbesseren.<\/p>\n<p class=\"p1\">D&#8217;Stad R\u00e9imech iwwerh\u00eblt awer \u00ebnner kenger Form Verantwortung am Zesummenhang mam Material, dat um Site publiz\u00e9iert g\u00ebtt: d&#8217;Stad R\u00e9imech lehnt all Verantwortung fir d&#8217;Benotzung vun den Informatiounen aus de S\u00e4iten, d\u00e9i op d\u00ebsem Site ver\u00ebffentlecht ginn, of.<\/p>\n<p class=\"p1\">Den Inhalt g\u00ebtt zu Informatiounszwecker ver\u00ebffentlecht. En \u00ebmfaasst Informatiounen, d\u00e9i \u00ebnner \u00cbmst\u00e4nn net komplett, vollst\u00e4nneg, exakt oder aktuell sinn. Am Fall vun Divergenzen t\u00ebschent den Texter, d\u00e9i op d\u00ebsem Site publiz\u00e9iert ginn, an den Originaldokumenter, g\u00ebllen d&#8217;Originaldokumenter an hirer ver\u00ebffentlechter Form.<\/p>\n<p class=\"p1\">De Site verweist heiansdo op extern Sitten, op d\u00e9i d&#8217;Stad R\u00e9imech keen Afloss huet a fir d\u00e9i si keng Verantwortung iwwerh\u00eblt. D&#8217;Stad R\u00e9imech ass net responsabel fir Schied, d\u00e9i duerch d&#8217;Benotze vun d\u00ebsem Site un \u00c4rer Computerinstallatioun entstoe k\u00e9inten. D\u00ebs Klausel iwwer den Ausschloss vun der Responsabilit\u00e9it d\u00e9ngt net dozou, Ufuerderungen aus de uwendbare Gesetzer ze \u00ebmgoen oder d&#8217;Responsabilit\u00e9it an deene F\u00e4ll auszeschl\u00e9issen, an deenen se opgrond vun de genannte Gesetzer net ausgeschloss gi kann.<\/p>\n<h2 class=\"p1\">Dateschutz<\/h2>\n<p class=\"p1\">Bei den Donn\u00e9e\u00ebn, d\u00e9i op eisem Site gesammelt ginn, handelt et sech ausschliisslech \u00ebm pers\u00e9inlech Donn\u00e9e\u00ebn, d\u00e9i Dir fr\u00e4iw\u00eblleg gesp\u00e4ichert hutt, zum Beispill andeems Dir Iech op d&#8217;Newsletter abonn\u00e9iert oder eise Kontaktformulaire benotzt hutt.<\/p>\n<p class=\"p1\">Si ginn op kee Fall un eng kommerziell Gesellschaft oder eng aner Organisatioun baussent der Stad R\u00e9imech weidergeleet.<\/p>\n<p class=\"p1\">Dem Kapitel VI vum Gesetz vum 2. August 2002 iwwer de Schutz vu Persoune beim Traitement vu pers\u00e9inlechen Donn\u00e9e\u00ebn no (m\u00e9i doriwwer op http:\/\/www.legilux.lu\/) verf\u00fc\u00fcgt Dir iwwer verschidde Rechter, dozou zielt besonnesch d&#8217;Recht, op d&#8217;Informatiounen, d\u00e9i Iech betreffen, zouzegr\u00e4ifen, a falsch Informatiounen ze verbesseren. Wann Dir d\u00ebs Rechter aus\u00fcbe w\u00ebllt, da sch\u00e9ckt w.e.g. eng Noriicht un d&#8217;Adress dpd@remich.lu oder benotzt de Kontaktformulaire .<\/p>\n<h2 class=\"p1\"><b>Copyright <\/b><\/h2>\n<p class=\"p1\">\u00a9 Stad R\u00e9imech<\/p>\n<p class=\"p1\">Wann n\u00e4ischt anescht uginn ass, ass d&#8217;Reproduktioun vun den Informatiounen, d\u00e9i op d\u00ebsem Site ver\u00ebffentlecht ginn, fir net kommerziell Zwecker erlaabt, \u00ebnnert der Konditioun, datt d&#8217;Quell ausdr\u00e9cklech genannt g\u00ebtt.<\/p>\n<h2 class=\"p1\"><b>Cookien<\/b><\/h2>\n<p class=\"p1\">D\u00ebse Site benotzt Cookien, fir de Confort vun der Benotzung an \u00c4rem Browser ze verbesseren an anonym Statistiken iwwer d\u2019Notzung um Site ze erstellen. Andeems Dir \u00c4r Navigatioun op d\u00ebsem Site fortsetzt, akzept\u00e9iert Dir den Asaz vu Cookien.<\/p>\n","protected":false},"excerpt":{"rendered":"<p>Editioun \u2013 Gestaltung \u2013 Entw\u00e9cklung vum Site D\u00ebse Site g\u00ebtt vun der Stad R\u00e9imech edit\u00e9iert. De Site gouf vu Lightbulb realis\u00e9iert, a g\u00ebtt och vu Lightbulb heberg\u00e9iert. Wann Dir Froen iwwer d\u00ebse Site a s\u00e4in Inhalt hutt oder d&#8217;Stad R\u00e9imech kontakt\u00e9iere w\u00ebllt, da sch\u00e9ckt w.e.g. \u00c4r Noriicht un d&#8217;Adress muriel.kayser@remich.lu oder benotzt de Kontaktformulaire op&#8230;  <a class=\"excerpt-read-more\" href=\"https:\/\/visitremich.lu\/lb\/bedengungen-a-conditiounen\/\" title=\"LiesenImpressum\">Lire plus &raquo;<\/a><\/p>\n","protected":false},"author":1,"featured_media":0,"parent":0,"menu_order":300,"comment_status":"closed","ping_status":"closed","template":"","meta":{"_acf_changed":false,"footnotes":""},"class_list":["post-111","page","type-page","status-publish","hentry"],"acf":[],"yoast_head":"<!-- This site is optimized with the Yoast SEO plugin v26.7 - https:\/\/yoast.com\/wordpress\/plugins\/seo\/ -->\n<title>Impressum - Visit Remich<\/title>\n<meta name=\"robots\" content=\"index, follow, max-snippet:-1, max-image-preview:large, max-video-preview:-1\" \/>\n<link rel=\"canonical\" href=\"https:\/\/visitremich.lu\/lb\/bedengungen-a-conditiounen\/\" \/>\n<meta property=\"og:locale\" content=\"en_US\" \/>\n<meta property=\"og:type\" content=\"article\" \/>\n<meta property=\"og:title\" content=\"Impressum - Visit Remich\" \/>\n<meta property=\"og:description\" content=\"Editioun \u2013 Gestaltung \u2013 Entw\u00e9cklung vum Site D\u00ebse Site g\u00ebtt vun der Stad R\u00e9imech edit\u00e9iert. De Site gouf vu Lightbulb realis\u00e9iert, a g\u00ebtt och vu Lightbulb heberg\u00e9iert. Wann Dir Froen iwwer d\u00ebse Site a s\u00e4in Inhalt hutt oder d&#8217;Stad R\u00e9imech kontakt\u00e9iere w\u00ebllt, da sch\u00e9ckt w.e.g. \u00c4r Noriicht un d&#8217;Adress muriel.kayser@remich.lu oder benotzt de Kontaktformulaire op... Lire plus &raquo;\" \/>\n<meta property=\"og:url\" content=\"https:\/\/visitremich.lu\/lb\/bedengungen-a-conditiounen\/\" \/>\n<meta property=\"og:site_name\" content=\"Visit Remich\" \/>\n<meta property=\"article:modified_time\" content=\"2018-07-30T08:50:01+00:00\" \/>\n<meta name=\"twitter:card\" content=\"summary_large_image\" \/>\n<meta name=\"twitter:label1\" content=\"Est. reading time\" \/>\n\t<meta name=\"twitter:data1\" content=\"3 minutes\" \/>\n<script type=\"application\/ld+json\" class=\"yoast-schema-graph\">{\"@context\":\"https:\/\/schema.org\",\"@graph\":[{\"@type\":\"WebPage\",\"@id\":\"https:\/\/visitremich.lu\/lb\/bedengungen-a-conditiounen\/\",\"url\":\"https:\/\/visitremich.lu\/lb\/bedengungen-a-conditiounen\/\",\"name\":\"Impressum - Visit Remich\",\"isPartOf\":{\"@id\":\"https:\/\/visitremich.lu\/de\/#website\"},\"datePublished\":\"2016-03-31T14:19:12+00:00\",\"dateModified\":\"2018-07-30T08:50:01+00:00\",\"breadcrumb\":{\"@id\":\"https:\/\/visitremich.lu\/lb\/bedengungen-a-conditiounen\/#breadcrumb\"},\"inLanguage\":\"lb-LU\",\"potentialAction\":[{\"@type\":\"ReadAction\",\"target\":[\"https:\/\/visitremich.lu\/lb\/bedengungen-a-conditiounen\/\"]}]},{\"@type\":\"BreadcrumbList\",\"@id\":\"https:\/\/visitremich.lu\/lb\/bedengungen-a-conditiounen\/#breadcrumb\",\"itemListElement\":[{\"@type\":\"ListItem\",\"position\":1,\"name\":\"Home\",\"item\":\"https:\/\/visitremich.lu\/de\/\"},{\"@type\":\"ListItem\",\"position\":2,\"name\":\"Impressum\"}]},{\"@type\":\"WebSite\",\"@id\":\"https:\/\/visitremich.lu\/de\/#website\",\"url\":\"https:\/\/visitremich.lu\/de\/\",\"name\":\"Visit Remich\",\"description\":\"\",\"potentialAction\":[{\"@type\":\"SearchAction\",\"target\":{\"@type\":\"EntryPoint\",\"urlTemplate\":\"https:\/\/visitremich.lu\/de\/?s={search_term_string}\"},\"query-input\":{\"@type\":\"PropertyValueSpecification\",\"valueRequired\":true,\"valueName\":\"search_term_string\"}}],\"inLanguage\":\"lb-LU\"}]}<\/script>\n<!-- \/ Yoast SEO plugin. -->","yoast_head_json":{"title":"Impressum - Visit Remich","robots":{"index":"index","follow":"follow","max-snippet":"max-snippet:-1","max-image-preview":"max-image-preview:large","max-video-preview":"max-video-preview:-1"},"canonical":"https:\/\/visitremich.lu\/lb\/bedengungen-a-conditiounen\/","og_locale":"en_US","og_type":"article","og_title":"Impressum - Visit Remich","og_description":"Editioun \u2013 Gestaltung \u2013 Entw\u00e9cklung vum Site D\u00ebse Site g\u00ebtt vun der Stad R\u00e9imech edit\u00e9iert. De Site gouf vu Lightbulb realis\u00e9iert, a g\u00ebtt och vu Lightbulb heberg\u00e9iert. Wann Dir Froen iwwer d\u00ebse Site a s\u00e4in Inhalt hutt oder d&#8217;Stad R\u00e9imech kontakt\u00e9iere w\u00ebllt, da sch\u00e9ckt w.e.g. \u00c4r Noriicht un d&#8217;Adress muriel.kayser@remich.lu oder benotzt de Kontaktformulaire op... Lire plus &raquo;","og_url":"https:\/\/visitremich.lu\/lb\/bedengungen-a-conditiounen\/","og_site_name":"Visit Remich","article_modified_time":"2018-07-30T08:50:01+00:00","twitter_card":"summary_large_image","twitter_misc":{"Est. reading time":"3 minutes"},"schema":{"@context":"https:\/\/schema.org","@graph":[{"@type":"WebPage","@id":"https:\/\/visitremich.lu\/lb\/bedengungen-a-conditiounen\/","url":"https:\/\/visitremich.lu\/lb\/bedengungen-a-conditiounen\/","name":"Impressum - Visit Remich","isPartOf":{"@id":"https:\/\/visitremich.lu\/de\/#website"},"datePublished":"2016-03-31T14:19:12+00:00","dateModified":"2018-07-30T08:50:01+00:00","breadcrumb":{"@id":"https:\/\/visitremich.lu\/lb\/bedengungen-a-conditiounen\/#breadcrumb"},"inLanguage":"lb-LU","potentialAction":[{"@type":"ReadAction","target":["https:\/\/visitremich.lu\/lb\/bedengungen-a-conditiounen\/"]}]},{"@type":"BreadcrumbList","@id":"https:\/\/visitremich.lu\/lb\/bedengungen-a-conditiounen\/#breadcrumb","itemListElement":[{"@type":"ListItem","position":1,"name":"Home","item":"https:\/\/visitremich.lu\/de\/"},{"@type":"ListItem","position":2,"name":"Impressum"}]},{"@type":"WebSite","@id":"https:\/\/visitremich.lu\/de\/#website","url":"https:\/\/visitremich.lu\/de\/","name":"Visit Remich","description":"","potentialAction":[{"@type":"SearchAction","target":{"@type":"EntryPoint","urlTemplate":"https:\/\/visitremich.lu\/de\/?s={search_term_string}"},"query-input":{"@type":"PropertyValueSpecification","valueRequired":true,"valueName":"search_term_string"}}],"inLanguage":"lb-LU"}]}},"_links":{"self":[{"href":"https:\/\/visitremich.lu\/lb\/wp-json\/wp\/v2\/pages\/111","targetHints":{"allow":["GET"]}}],"collection":[{"href":"https:\/\/visitremich.lu\/lb\/wp-json\/wp\/v2\/pages"}],"about":[{"href":"https:\/\/visitremich.lu\/lb\/wp-json\/wp\/v2\/types\/page"}],"author":[{"embeddable":true,"href":"https:\/\/visitremich.lu\/lb\/wp-json\/wp\/v2\/users\/1"}],"replies":[{"embeddable":true,"href":"https:\/\/visitremich.lu\/lb\/wp-json\/wp\/v2\/comments?post=111"}],"version-history":[{"count":4,"href":"https:\/\/visitremich.lu\/lb\/wp-json\/wp\/v2\/pages\/111\/revisions"}],"predecessor-version":[{"id":2981,"href":"https:\/\/visitremich.lu\/lb\/wp-json\/wp\/v2\/pages\/111\/revisions\/2981"}],"wp:attachment":[{"href":"https:\/\/visitremich.lu\/lb\/wp-json\/wp\/v2\/media?parent=111"}],"curies":[{"name":"wp","href":"https:\/\/api.w.org\/{rel}","templated":true}]}}