{"id":94,"date":"2016-03-31T14:05:47","date_gmt":"2016-03-31T14:05:47","guid":{"rendered":"http:\/\/visit.remich.lightbulb.lu\/?page_id=94"},"modified":"2026-02-25T14:19:13","modified_gmt":"2026-02-25T13:19:13","slug":"syndicat-dinitiative","status":"publish","type":"page","link":"https:\/\/visitremich.lu\/fr\/la-ville\/syndicat-dinitiative\/","title":{"rendered":"Syndicat d&rsquo;Initiative"},"content":{"rendered":"<p>L&rsquo;Office du Tourisme de la ville de Remich est responsable d&rsquo;une multitude d&rsquo;activit\u00e9s qui ont lieu au cours de l&rsquo;ann\u00e9e. Sa mission principale est de promouvoir Remich et d&rsquo;attirer les visiteurs dans la ville.<\/p>\n<p><img loading=\"lazy\" decoding=\"async\" class=\"size-medium wp-image-6367 alignleft\" src=\"https:\/\/visitremich.lu\/wp-content\/uploads\/sites\/2\/2023\/12\/AE_0818-200x300.jpg\" alt=\"\" width=\"200\" height=\"300\" srcset=\"https:\/\/visitremich.lu\/wp-content\/uploads\/sites\/2\/2023\/12\/AE_0818-200x300.jpg 200w, https:\/\/visitremich.lu\/wp-content\/uploads\/sites\/2\/2023\/12\/AE_0818-683x1024.jpg 683w, https:\/\/visitremich.lu\/wp-content\/uploads\/sites\/2\/2023\/12\/AE_0818.jpg 1334w\" sizes=\"auto, (max-width: 200px) 100vw, 200px\" \/>Le Syndicat organise une multitude de manifestations qui sont devenues des institutions bien \u00e9tablies \u00e0 Remich et dans la r\u00e9gion. Citons par exemple le tr\u00e8s populaire \u00ab\u00a0Bacchusfescht\u00a0\u00bb le 15 ao\u00fbt, l&rsquo;\u00e9v\u00e9nement \u00ab\u00a0St Nicolas arrive en bateau\u00a0\u00bb le premier dimanche de d\u00e9cembre et la \u00ab\u00a0Chasse aux \u0153ufs de P\u00e2ques\u00a0\u00bb le dimanche de P\u00e2ques et la F\u00eate de la Musique.<\/p>\n<p>L&rsquo;une des principales attractions de Remich est le mini-golf situ\u00e9 le long de l&rsquo;esplanade. Ce dernier compte parmi les plus grands terrains de minigolf de la Grande R\u00e9gion et est g\u00e9r\u00e9 par le Syndicat d&rsquo;Initiative. Depuis 2009, un circuit de minicars de 250 m\u00e8tres de long vient compl\u00e9ter les attractions de la ville. En avril 2016, une fontaine en forme de robinet autonome a \u00e9t\u00e9 ajout\u00e9e, compl\u00e9tant ainsi l&rsquo;image attrayante et moderne du terrain de minigolf et de minicar. Depuis son inauguration, la fontaine du robinet a \u00e9t\u00e9 photographi\u00e9e d&rsquo;innombrables fois.<\/p>\n<p>Vous pouvez \u00e9galement y faire une partie de cornhole, louer un v\u00e9lo ou r\u00e9server l&rsquo;une de nos c\u00e9l\u00e8bres randonn\u00e9es viticoles. Une excellente fa\u00e7on d&rsquo;explorer la r\u00e9gion, de faire du sport et de d\u00e9couvrir des vins exceptionnels.<\/p>\n<p>Le Syndicat d&rsquo;Initiative accorde une importance particuli\u00e8re au service client \u2013 de la fourniture d&rsquo;informations et de conseils \u00e0 l&rsquo;accueil des visiteurs. Pour plus d&rsquo;informations veuillez visiter l&rsquo;office du tourisme au \u00ab\u00a0Centre visit Remich\u00a0\u00bb, situ\u00e9 au rez-de-chauss\u00e9e de l&rsquo;\u00e9l\u00e9gant b\u00e2timent blanc cr\u00e9\u00e9 par le c\u00e9l\u00e8bre architecte luxembourgeois Fran\u00e7ois Valentiny.<\/p>\n<h3><b class=\"\">Histoire et contexte du Syndicat<\/b><\/h3>\n<p>Le Syndicat d&rsquo;Initiative et de Tourisme de la Ville de Remich a \u00e9t\u00e9 cr\u00e9\u00e9 en 1965 et est une organisation sans but lucratif. En tant que tel, le syndicat d\u00e9pend de b\u00e9n\u00e9voles qui contribuent par leur temps, leurs comp\u00e9tences et leur soutien \u00e0 la planification et \u00e0 la r\u00e9alisation des \u00e9v\u00e9nements. Si vous souhaitez devenir membre ou b\u00e9n\u00e9vole, il vous suffit de nous envoyer un e-mail \u00e0 <a href=\"mailto:syndrem@pt.lu\">syndrem@pt.lu<\/a>.<\/p>\n<p>Aucune condition particuli\u00e8re n&rsquo;est requise. Apportez simplement votre volont\u00e9 et votre bonne humeur et rejoignez notre \u00e9quipe sympathique et comp\u00e9tente.<\/p>\n<div class=\"\"><\/div>\n","protected":false},"excerpt":{"rendered":"<p>L&rsquo;Office du Tourisme de la ville de Remich est responsable d&rsquo;une multitude d&rsquo;activit\u00e9s qui ont lieu au cours de l&rsquo;ann\u00e9e. Sa mission principale est de promouvoir Remich et d&rsquo;attirer les visiteurs dans la ville. Le Syndicat organise une multitude de manifestations qui sont devenues des institutions bien \u00e9tablies \u00e0 Remich et dans la r\u00e9gion. Citons&#8230;  <a class=\"excerpt-read-more\" href=\"https:\/\/visitremich.lu\/fr\/la-ville\/syndicat-dinitiative\/\" title=\"LiesenSyndicat d&rsquo;Initiative\">Lire la suite \u00bb<\/a><\/p>\n","protected":false},"author":1,"featured_media":6382,"parent":27,"menu_order":5,"comment_status":"closed","ping_status":"closed","template":"page-with-sidebar.php","meta":{"_acf_changed":false,"footnotes":""},"class_list":["post-94","page","type-page","status-publish","has-post-thumbnail","hentry"],"acf":[],"yoast_head":"<!-- This site is optimized with the Yoast SEO plugin v26.7 - https:\/\/yoast.com\/wordpress\/plugins\/seo\/ -->\n<title>Syndicat d&#039;Initiative - Visit Remich<\/title>\n<meta name=\"robots\" content=\"index, follow, max-snippet:-1, max-image-preview:large, max-video-preview:-1\" \/>\n<link rel=\"canonical\" href=\"https:\/\/visitremich.lu\/la-ville\/syndicat-dinitiative\/\" \/>\n<meta property=\"og:locale\" content=\"fr_FR\" \/>\n<meta property=\"og:type\" content=\"article\" \/>\n<meta property=\"og:title\" content=\"Syndicat d&#039;Initiative - Visit Remich\" \/>\n<meta property=\"og:description\" content=\"L&rsquo;Office du Tourisme de la ville de Remich est responsable d&rsquo;une multitude d&rsquo;activit\u00e9s qui ont lieu au cours de l&rsquo;ann\u00e9e. Sa mission principale est de promouvoir Remich et d&rsquo;attirer les visiteurs dans la ville. Le Syndicat organise une multitude de manifestations qui sont devenues des institutions bien \u00e9tablies \u00e0 Remich et dans la r\u00e9gion. Citons... Lire la suite \u00bb\" \/>\n<meta property=\"og:url\" content=\"https:\/\/visitremich.lu\/la-ville\/syndicat-dinitiative\/\" \/>\n<meta property=\"og:site_name\" content=\"Visit Remich\" \/>\n<meta property=\"article:modified_time\" content=\"2026-02-25T13:19:13+00:00\" \/>\n<meta property=\"og:image\" content=\"https:\/\/visitremich.lu\/wp-content\/uploads\/sites\/2\/2023\/12\/Drone-Remich-5-1024x576.png\" \/>\n\t<meta property=\"og:image:width\" content=\"1024\" \/>\n\t<meta property=\"og:image:height\" content=\"576\" \/>\n\t<meta property=\"og:image:type\" content=\"image\/png\" \/>\n<meta name=\"twitter:card\" content=\"summary_large_image\" \/>\n<meta name=\"twitter:label1\" content=\"Dur\u00e9e de lecture estim\u00e9e\" \/>\n\t<meta name=\"twitter:data1\" content=\"3 minutes\" \/>\n<script type=\"application\/ld+json\" class=\"yoast-schema-graph\">{\"@context\":\"https:\/\/schema.org\",\"@graph\":[{\"@type\":\"WebPage\",\"@id\":\"https:\/\/visitremich.lu\/la-ville\/syndicat-dinitiative\/\",\"url\":\"https:\/\/visitremich.lu\/la-ville\/syndicat-dinitiative\/\",\"name\":\"Syndicat d'Initiative - Visit Remich\",\"isPartOf\":{\"@id\":\"https:\/\/visitremich.lu\/de\/#website\"},\"primaryImageOfPage\":{\"@id\":\"https:\/\/visitremich.lu\/la-ville\/syndicat-dinitiative\/#primaryimage\"},\"image\":{\"@id\":\"https:\/\/visitremich.lu\/la-ville\/syndicat-dinitiative\/#primaryimage\"},\"thumbnailUrl\":\"https:\/\/visitremich.lu\/wp-content\/uploads\/sites\/2\/2023\/12\/Drone-Remich-5.png\",\"datePublished\":\"2016-03-31T14:05:47+00:00\",\"dateModified\":\"2026-02-25T13:19:13+00:00\",\"breadcrumb\":{\"@id\":\"https:\/\/visitremich.lu\/la-ville\/syndicat-dinitiative\/#breadcrumb\"},\"inLanguage\":\"fr-FR\",\"potentialAction\":[{\"@type\":\"ReadAction\",\"target\":[\"https:\/\/visitremich.lu\/la-ville\/syndicat-dinitiative\/\"]}]},{\"@type\":\"ImageObject\",\"inLanguage\":\"fr-FR\",\"@id\":\"https:\/\/visitremich.lu\/la-ville\/syndicat-dinitiative\/#primaryimage\",\"url\":\"https:\/\/visitremich.lu\/wp-content\/uploads\/sites\/2\/2023\/12\/Drone-Remich-5.png\",\"contentUrl\":\"https:\/\/visitremich.lu\/wp-content\/uploads\/sites\/2\/2023\/12\/Drone-Remich-5.png\",\"width\":2000,\"height\":1125},{\"@type\":\"BreadcrumbList\",\"@id\":\"https:\/\/visitremich.lu\/la-ville\/syndicat-dinitiative\/#breadcrumb\",\"itemListElement\":[{\"@type\":\"ListItem\",\"position\":1,\"name\":\"Home\",\"item\":\"https:\/\/visitremich.lu\/de\/\"},{\"@type\":\"ListItem\",\"position\":2,\"name\":\"D&#8217;Stad\",\"item\":\"https:\/\/visitremich.lu\/lb\/la-ville\/\"},{\"@type\":\"ListItem\",\"position\":3,\"name\":\"Syndicat d&#8217;Initiative\"}]},{\"@type\":\"WebSite\",\"@id\":\"https:\/\/visitremich.lu\/de\/#website\",\"url\":\"https:\/\/visitremich.lu\/de\/\",\"name\":\"Visit Remich\",\"description\":\"\",\"potentialAction\":[{\"@type\":\"SearchAction\",\"target\":{\"@type\":\"EntryPoint\",\"urlTemplate\":\"https:\/\/visitremich.lu\/de\/?s={search_term_string}\"},\"query-input\":{\"@type\":\"PropertyValueSpecification\",\"valueRequired\":true,\"valueName\":\"search_term_string\"}}],\"inLanguage\":\"fr-FR\"}]}<\/script>\n<!-- \/ Yoast SEO plugin. -->","yoast_head_json":{"title":"Syndicat d'Initiative - Visit Remich","robots":{"index":"index","follow":"follow","max-snippet":"max-snippet:-1","max-image-preview":"max-image-preview:large","max-video-preview":"max-video-preview:-1"},"canonical":"https:\/\/visitremich.lu\/la-ville\/syndicat-dinitiative\/","og_locale":"fr_FR","og_type":"article","og_title":"Syndicat d'Initiative - Visit Remich","og_description":"L&rsquo;Office du Tourisme de la ville de Remich est responsable d&rsquo;une multitude d&rsquo;activit\u00e9s qui ont lieu au cours de l&rsquo;ann\u00e9e. Sa mission principale est de promouvoir Remich et d&rsquo;attirer les visiteurs dans la ville. Le Syndicat organise une multitude de manifestations qui sont devenues des institutions bien \u00e9tablies \u00e0 Remich et dans la r\u00e9gion. Citons... Lire la suite \u00bb","og_url":"https:\/\/visitremich.lu\/la-ville\/syndicat-dinitiative\/","og_site_name":"Visit Remich","article_modified_time":"2026-02-25T13:19:13+00:00","og_image":[{"width":1024,"height":576,"url":"https:\/\/visitremich.lu\/wp-content\/uploads\/sites\/2\/2023\/12\/Drone-Remich-5-1024x576.png","type":"image\/png"}],"twitter_card":"summary_large_image","twitter_misc":{"Dur\u00e9e de lecture estim\u00e9e":"3 minutes"},"schema":{"@context":"https:\/\/schema.org","@graph":[{"@type":"WebPage","@id":"https:\/\/visitremich.lu\/la-ville\/syndicat-dinitiative\/","url":"https:\/\/visitremich.lu\/la-ville\/syndicat-dinitiative\/","name":"Syndicat d'Initiative - Visit Remich","isPartOf":{"@id":"https:\/\/visitremich.lu\/de\/#website"},"primaryImageOfPage":{"@id":"https:\/\/visitremich.lu\/la-ville\/syndicat-dinitiative\/#primaryimage"},"image":{"@id":"https:\/\/visitremich.lu\/la-ville\/syndicat-dinitiative\/#primaryimage"},"thumbnailUrl":"https:\/\/visitremich.lu\/wp-content\/uploads\/sites\/2\/2023\/12\/Drone-Remich-5.png","datePublished":"2016-03-31T14:05:47+00:00","dateModified":"2026-02-25T13:19:13+00:00","breadcrumb":{"@id":"https:\/\/visitremich.lu\/la-ville\/syndicat-dinitiative\/#breadcrumb"},"inLanguage":"fr-FR","potentialAction":[{"@type":"ReadAction","target":["https:\/\/visitremich.lu\/la-ville\/syndicat-dinitiative\/"]}]},{"@type":"ImageObject","inLanguage":"fr-FR","@id":"https:\/\/visitremich.lu\/la-ville\/syndicat-dinitiative\/#primaryimage","url":"https:\/\/visitremich.lu\/wp-content\/uploads\/sites\/2\/2023\/12\/Drone-Remich-5.png","contentUrl":"https:\/\/visitremich.lu\/wp-content\/uploads\/sites\/2\/2023\/12\/Drone-Remich-5.png","width":2000,"height":1125},{"@type":"BreadcrumbList","@id":"https:\/\/visitremich.lu\/la-ville\/syndicat-dinitiative\/#breadcrumb","itemListElement":[{"@type":"ListItem","position":1,"name":"Home","item":"https:\/\/visitremich.lu\/de\/"},{"@type":"ListItem","position":2,"name":"D&#8217;Stad","item":"https:\/\/visitremich.lu\/lb\/la-ville\/"},{"@type":"ListItem","position":3,"name":"Syndicat d&#8217;Initiative"}]},{"@type":"WebSite","@id":"https:\/\/visitremich.lu\/de\/#website","url":"https:\/\/visitremich.lu\/de\/","name":"Visit Remich","description":"","potentialAction":[{"@type":"SearchAction","target":{"@type":"EntryPoint","urlTemplate":"https:\/\/visitremich.lu\/de\/?s={search_term_string}"},"query-input":{"@type":"PropertyValueSpecification","valueRequired":true,"valueName":"search_term_string"}}],"inLanguage":"fr-FR"}]}},"_links":{"self":[{"href":"https:\/\/visitremich.lu\/fr\/wp-json\/wp\/v2\/pages\/94","targetHints":{"allow":["GET"]}}],"collection":[{"href":"https:\/\/visitremich.lu\/fr\/wp-json\/wp\/v2\/pages"}],"about":[{"href":"https:\/\/visitremich.lu\/fr\/wp-json\/wp\/v2\/types\/page"}],"author":[{"embeddable":true,"href":"https:\/\/visitremich.lu\/fr\/wp-json\/wp\/v2\/users\/1"}],"replies":[{"embeddable":true,"href":"https:\/\/visitremich.lu\/fr\/wp-json\/wp\/v2\/comments?post=94"}],"version-history":[{"count":30,"href":"https:\/\/visitremich.lu\/fr\/wp-json\/wp\/v2\/pages\/94\/revisions"}],"predecessor-version":[{"id":8494,"href":"https:\/\/visitremich.lu\/fr\/wp-json\/wp\/v2\/pages\/94\/revisions\/8494"}],"up":[{"embeddable":true,"href":"https:\/\/visitremich.lu\/fr\/wp-json\/wp\/v2\/pages\/27"}],"wp:featuredmedia":[{"embeddable":true,"href":"https:\/\/visitremich.lu\/fr\/wp-json\/wp\/v2\/media\/6382"}],"wp:attachment":[{"href":"https:\/\/visitremich.lu\/fr\/wp-json\/wp\/v2\/media?parent=94"}],"curies":[{"name":"wp","href":"https:\/\/api.w.org\/{rel}","templated":true}]}}