{"id":92,"date":"2016-03-31T14:05:20","date_gmt":"2016-03-31T14:05:20","guid":{"rendered":"http:\/\/visit.remich.lightbulb.lu\/?page_id=92"},"modified":"2024-09-10T14:22:42","modified_gmt":"2024-09-10T13:22:42","slug":"introductioun","status":"publish","type":"page","link":"https:\/\/visitremich.lu\/fr\/la-ville\/introductioun\/","title":{"rendered":"Bienvenue"},"content":{"rendered":"<p>Remich, l&rsquo;antique Remacum des Romains, fut dans le pass\u00e9 une petite bourgade de p\u00eacheurs et bateliers. Elle fut aux cours des si\u00e8cles \u00e0 maintes reprises mise en cendres par les conqu\u00e9rants de la r\u00e9gion mosellane, ce qui entra\u00eenait la construction de remparts, dont on peut encore voir les vestiges \u00e0 l&rsquo;heure actuelle. Mais aujourd&rsquo;hui, Remich justifie avec fiert\u00e9 sa renomm\u00e9e.<\/p>\n<p>Remich est une petite ville touristique, situ\u00e9e sur la route europ\u00e9enne Sarrebruck-Luxembourg. Ville prosp\u00e8re, centre commercial et administratif, Remich est nich\u00e9e dans un sublime panorama de vignobles et de for\u00eats touffues, qui l&rsquo;entourent comme un amphith\u00e9atre. Au bord de la Moselle,\u00a0une promenade longue de 3 kilom\u00e8tres, sous les tilleuls et les cerisiers aux senteurs parfum\u00e9es, incite \u00e0 suivre des yeux le passage des nombreux chalands et bateaux de plaisance.<\/p>\n<p>La fontaine \u00ab\u00a0Bacchus\u00a0\u00bb de l&rsquo;artiste luxembourgeois Will Lofy offre un peu de fra\u00eecheur pendant les chaudes journ\u00e9es de la belle saison. Regardons de pr\u00e9s Remich la charmante, o\u00f9 il fait bon r\u00eaver en fl\u00e2nant dans\u00a0les vieux quartiers pittoresques aux ruelles tortueuses refl\u00e9tant un pass\u00e9 mill\u00e9naire. Le fouillis de ses toits s&rsquo;abaisse jusqu&rsquo;au rivage, pr\u00e9s du grand pont aux arches \u00e9l\u00e9gantes. Les vestiges des fortifications t\u00e9moignent d&rsquo;un pass\u00e9 historique charg\u00e9.<\/p>\n<p>Par la Porte St Nicolas, \u00e9rig\u00e9e en l&rsquo;honneur du saint patron des p\u00eacheurs et des bateliers, dans la Rue St Nicolas avec sa Vieille Tour, la promenade nous emm\u00e8ne dans la Rue\u00a0St Cunibert, o\u00f9 se trouve la maison natale de ce saint homme, qui fut au 7<sup>e<\/sup>\u00a0si\u00e8cle archev\u00eaque de Cologne et conseiller royal. Notre promenade nous fait ensuite d\u00e9couvrir le c\u0153ur de Remich, avec ses art\u00e8res commerciales pi\u00e9tonnes, agr\u00e9ment\u00e9es de\u00a0belles fontaines, mais aussi ses petites places et ruelles, qui sont parfois si \u00e9troites que l&rsquo;on ne peut se croiser \u00e0 deux personnes.<\/p>\n<p>Le beffroi aust\u00e8re de l&rsquo;\u00e9glise d\u00e9canale, ensemble class\u00e9 monument national, domine la ville et le parc Brill avec son \u00e9tang, o\u00f9 nagent les canards sauvages, son aire de jeux, son plateau culturel et ses courts de tennis. La navigation touristique et de plaisance bat son plein sur\u00a0les bateaux de croisi\u00e8re de tous les pays. Plus loin, au del\u00e0 du bureau d&rsquo;information touristique, se trouve une aire\u00a0de jeux pour enfants g\u00e2t\u00e9s et, dans un merveilleux cadre de verdure un superbe mini-golf ainsi qu&rsquo;une piste pour mini-cars pour le bonheur des plus petits.<\/p>\n<p>Non pas loin de l\u00e0, les sportifs peuvent profiter d\u2019une piscine en plein air aux dimensions olympiques et \u00e0 eau pr\u00e9chauff\u00e9e.<\/p>\n<p>Dans un rayon de 20 kilom\u00e8tres de Remich, 4 autres piscines couvertes sont \u00e0 d\u00e9couvrir, ainsi que le tr\u00e8s r\u00e9put\u00e9 centre thermal de Mondorf-les-Bains. Les amateurs de sport peuvent \u00e9galement pratiquer le ski nautique, la p\u00eache, faire de longues promenades sur des sentiers balis\u00e9s, menant \u00e0 de splendides points de vue sur toute la vall\u00e9e de la Moselle.<\/p>\n<p>La bicyclette est \u00e0 l&rsquo;honneur sur une piste cyclable am\u00e9nag\u00e9e tout le long de la Moselle luxembourgeoise et allemande. Un parcours de fitness invite les fanatiques de jogging dans la for\u00eat communale. Les inconditionnels des jeux de chance trouveront deux splendides casinos dans un rayon de 10 kilom\u00e8tres (Casino 2000 \u00e0 Mondorf-les-Bains et Casino Schloss Berg \u00e0 Nennig).<\/p>\n<p>Pendant la belle saison se d\u00e9roulent tous les weekends des sympathiques f\u00eates avec barbecue et flonflons au bord de la Moselle. Remich dispose d&rsquo;une remarquable infrastructure h\u00f4teli\u00e8re de premier ordre (150 chambres), d&rsquo;une gastronomie tr\u00e8s soign\u00e9e et de belles terrasses.\u00a0La ville se situe au carrefour de trois pays. Dans moins de 40 kilom\u00e8tres \u00e0 la ronde on trouve de merveilleux sites, dont la visite vaut le voyage\u00a0; pour ne citer que les villes de Luxembourg, Tr\u00e8ves, Saarburg, Sierck, etc. Remich constitue donc aussi le point de d\u00e9part id\u00e9al pour faire des excursions. La ville reste toutefois avant tout le centre nerveux de la viticulture luxembourgeoise avec le si\u00e8ge de l&rsquo;Institut Viti-Vinicole et de la Marque Nationale des Vins. De nombreuses caves \u00e0 Remich (dont une souterraine) et dans les villages voisins invitent \u00e0 une visite guid\u00e9e et \u00e0 une d\u00e9gustation des meilleurs crus du terroir.<\/p>\n<p>De m\u00eame, les mus\u00e9es du vin et de la vie mosellane (Ehnen, Bech-Kleinmacher) valent le d\u00e9placement.<\/p>\n<p>Remich est donc \u00e0 juste titre \u00ab\u00a0La Perle de la Moselle\u00a0\u00bb.<\/p>\n<p>&nbsp;<\/p>\n","protected":false},"excerpt":{"rendered":"<p>Remich, l&rsquo;antique Remacum des Romains, fut dans le pass\u00e9 une petite bourgade de p\u00eacheurs et bateliers. Elle fut aux cours des si\u00e8cles \u00e0 maintes reprises mise en cendres par les conqu\u00e9rants de la r\u00e9gion mosellane, ce qui entra\u00eenait la construction de remparts, dont on peut encore voir les vestiges \u00e0 l&rsquo;heure actuelle. Mais aujourd&rsquo;hui, Remich&#8230;  <a class=\"excerpt-read-more\" href=\"https:\/\/visitremich.lu\/fr\/la-ville\/introductioun\/\" title=\"LiesenBienvenue\">Lire la suite \u00bb<\/a><\/p>\n","protected":false},"author":1,"featured_media":501,"parent":27,"menu_order":1,"comment_status":"closed","ping_status":"closed","template":"page-with-sidebar.php","meta":{"_acf_changed":false,"footnotes":""},"class_list":["post-92","page","type-page","status-publish","has-post-thumbnail","hentry"],"acf":[],"yoast_head":"<!-- This site is optimized with the Yoast SEO plugin v26.7 - https:\/\/yoast.com\/wordpress\/plugins\/seo\/ -->\n<title>Bienvenue - Visit Remich<\/title>\n<meta name=\"robots\" content=\"index, follow, max-snippet:-1, max-image-preview:large, max-video-preview:-1\" \/>\n<link rel=\"canonical\" href=\"https:\/\/visitremich.lu\/lb\/la-ville\/introductioun\/\" \/>\n<meta property=\"og:locale\" content=\"fr_FR\" \/>\n<meta property=\"og:type\" content=\"article\" \/>\n<meta property=\"og:title\" content=\"Bienvenue - Visit Remich\" \/>\n<meta property=\"og:description\" content=\"Remich, l&rsquo;antique Remacum des Romains, fut dans le pass\u00e9 une petite bourgade de p\u00eacheurs et bateliers. Elle fut aux cours des si\u00e8cles \u00e0 maintes reprises mise en cendres par les conqu\u00e9rants de la r\u00e9gion mosellane, ce qui entra\u00eenait la construction de remparts, dont on peut encore voir les vestiges \u00e0 l&rsquo;heure actuelle. Mais aujourd&rsquo;hui, Remich... Lire la suite \u00bb\" \/>\n<meta property=\"og:url\" content=\"https:\/\/visitremich.lu\/lb\/la-ville\/introductioun\/\" \/>\n<meta property=\"og:site_name\" content=\"Visit Remich\" \/>\n<meta property=\"article:modified_time\" content=\"2024-09-10T13:22:42+00:00\" \/>\n<meta property=\"og:image\" content=\"https:\/\/visitremich.lu\/wp-content\/uploads\/sites\/2\/2016\/03\/309B4773.jpg\" \/>\n\t<meta property=\"og:image:width\" content=\"2000\" \/>\n\t<meta property=\"og:image:height\" content=\"1333\" \/>\n\t<meta property=\"og:image:type\" content=\"image\/jpeg\" \/>\n<meta name=\"twitter:card\" content=\"summary_large_image\" \/>\n<meta name=\"twitter:label1\" content=\"Dur\u00e9e de lecture estim\u00e9e\" \/>\n\t<meta name=\"twitter:data1\" content=\"4 minutes\" \/>\n<script type=\"application\/ld+json\" class=\"yoast-schema-graph\">{\"@context\":\"https:\/\/schema.org\",\"@graph\":[{\"@type\":\"WebPage\",\"@id\":\"https:\/\/visitremich.lu\/lb\/la-ville\/introductioun\/\",\"url\":\"https:\/\/visitremich.lu\/lb\/la-ville\/introductioun\/\",\"name\":\"Bienvenue - Visit Remich\",\"isPartOf\":{\"@id\":\"https:\/\/visitremich.lu\/de\/#website\"},\"primaryImageOfPage\":{\"@id\":\"https:\/\/visitremich.lu\/lb\/la-ville\/introductioun\/#primaryimage\"},\"image\":{\"@id\":\"https:\/\/visitremich.lu\/lb\/la-ville\/introductioun\/#primaryimage\"},\"thumbnailUrl\":\"https:\/\/visitremich.lu\/wp-content\/uploads\/sites\/2\/2016\/03\/309B4773.jpg\",\"datePublished\":\"2016-03-31T14:05:20+00:00\",\"dateModified\":\"2024-09-10T13:22:42+00:00\",\"breadcrumb\":{\"@id\":\"https:\/\/visitremich.lu\/lb\/la-ville\/introductioun\/#breadcrumb\"},\"inLanguage\":\"fr-FR\",\"potentialAction\":[{\"@type\":\"ReadAction\",\"target\":[\"https:\/\/visitremich.lu\/lb\/la-ville\/introductioun\/\"]}]},{\"@type\":\"ImageObject\",\"inLanguage\":\"fr-FR\",\"@id\":\"https:\/\/visitremich.lu\/lb\/la-ville\/introductioun\/#primaryimage\",\"url\":\"https:\/\/visitremich.lu\/wp-content\/uploads\/sites\/2\/2016\/03\/309B4773.jpg\",\"contentUrl\":\"https:\/\/visitremich.lu\/wp-content\/uploads\/sites\/2\/2016\/03\/309B4773.jpg\",\"width\":2000,\"height\":1333},{\"@type\":\"BreadcrumbList\",\"@id\":\"https:\/\/visitremich.lu\/lb\/la-ville\/introductioun\/#breadcrumb\",\"itemListElement\":[{\"@type\":\"ListItem\",\"position\":1,\"name\":\"Home\",\"item\":\"https:\/\/visitremich.lu\/de\/\"},{\"@type\":\"ListItem\",\"position\":2,\"name\":\"D&#8217;Stad\",\"item\":\"https:\/\/visitremich.lu\/lb\/la-ville\/\"},{\"@type\":\"ListItem\",\"position\":3,\"name\":\"Moien\"}]},{\"@type\":\"WebSite\",\"@id\":\"https:\/\/visitremich.lu\/de\/#website\",\"url\":\"https:\/\/visitremich.lu\/de\/\",\"name\":\"Visit Remich\",\"description\":\"\",\"potentialAction\":[{\"@type\":\"SearchAction\",\"target\":{\"@type\":\"EntryPoint\",\"urlTemplate\":\"https:\/\/visitremich.lu\/de\/?s={search_term_string}\"},\"query-input\":{\"@type\":\"PropertyValueSpecification\",\"valueRequired\":true,\"valueName\":\"search_term_string\"}}],\"inLanguage\":\"fr-FR\"}]}<\/script>\n<!-- \/ Yoast SEO plugin. -->","yoast_head_json":{"title":"Bienvenue - Visit Remich","robots":{"index":"index","follow":"follow","max-snippet":"max-snippet:-1","max-image-preview":"max-image-preview:large","max-video-preview":"max-video-preview:-1"},"canonical":"https:\/\/visitremich.lu\/lb\/la-ville\/introductioun\/","og_locale":"fr_FR","og_type":"article","og_title":"Bienvenue - Visit Remich","og_description":"Remich, l&rsquo;antique Remacum des Romains, fut dans le pass\u00e9 une petite bourgade de p\u00eacheurs et bateliers. Elle fut aux cours des si\u00e8cles \u00e0 maintes reprises mise en cendres par les conqu\u00e9rants de la r\u00e9gion mosellane, ce qui entra\u00eenait la construction de remparts, dont on peut encore voir les vestiges \u00e0 l&rsquo;heure actuelle. Mais aujourd&rsquo;hui, Remich... Lire la suite \u00bb","og_url":"https:\/\/visitremich.lu\/lb\/la-ville\/introductioun\/","og_site_name":"Visit Remich","article_modified_time":"2024-09-10T13:22:42+00:00","og_image":[{"width":2000,"height":1333,"url":"https:\/\/visitremich.lu\/wp-content\/uploads\/sites\/2\/2016\/03\/309B4773.jpg","type":"image\/jpeg"}],"twitter_card":"summary_large_image","twitter_misc":{"Dur\u00e9e de lecture estim\u00e9e":"4 minutes"},"schema":{"@context":"https:\/\/schema.org","@graph":[{"@type":"WebPage","@id":"https:\/\/visitremich.lu\/lb\/la-ville\/introductioun\/","url":"https:\/\/visitremich.lu\/lb\/la-ville\/introductioun\/","name":"Bienvenue - Visit Remich","isPartOf":{"@id":"https:\/\/visitremich.lu\/de\/#website"},"primaryImageOfPage":{"@id":"https:\/\/visitremich.lu\/lb\/la-ville\/introductioun\/#primaryimage"},"image":{"@id":"https:\/\/visitremich.lu\/lb\/la-ville\/introductioun\/#primaryimage"},"thumbnailUrl":"https:\/\/visitremich.lu\/wp-content\/uploads\/sites\/2\/2016\/03\/309B4773.jpg","datePublished":"2016-03-31T14:05:20+00:00","dateModified":"2024-09-10T13:22:42+00:00","breadcrumb":{"@id":"https:\/\/visitremich.lu\/lb\/la-ville\/introductioun\/#breadcrumb"},"inLanguage":"fr-FR","potentialAction":[{"@type":"ReadAction","target":["https:\/\/visitremich.lu\/lb\/la-ville\/introductioun\/"]}]},{"@type":"ImageObject","inLanguage":"fr-FR","@id":"https:\/\/visitremich.lu\/lb\/la-ville\/introductioun\/#primaryimage","url":"https:\/\/visitremich.lu\/wp-content\/uploads\/sites\/2\/2016\/03\/309B4773.jpg","contentUrl":"https:\/\/visitremich.lu\/wp-content\/uploads\/sites\/2\/2016\/03\/309B4773.jpg","width":2000,"height":1333},{"@type":"BreadcrumbList","@id":"https:\/\/visitremich.lu\/lb\/la-ville\/introductioun\/#breadcrumb","itemListElement":[{"@type":"ListItem","position":1,"name":"Home","item":"https:\/\/visitremich.lu\/de\/"},{"@type":"ListItem","position":2,"name":"D&#8217;Stad","item":"https:\/\/visitremich.lu\/lb\/la-ville\/"},{"@type":"ListItem","position":3,"name":"Moien"}]},{"@type":"WebSite","@id":"https:\/\/visitremich.lu\/de\/#website","url":"https:\/\/visitremich.lu\/de\/","name":"Visit Remich","description":"","potentialAction":[{"@type":"SearchAction","target":{"@type":"EntryPoint","urlTemplate":"https:\/\/visitremich.lu\/de\/?s={search_term_string}"},"query-input":{"@type":"PropertyValueSpecification","valueRequired":true,"valueName":"search_term_string"}}],"inLanguage":"fr-FR"}]}},"_links":{"self":[{"href":"https:\/\/visitremich.lu\/fr\/wp-json\/wp\/v2\/pages\/92","targetHints":{"allow":["GET"]}}],"collection":[{"href":"https:\/\/visitremich.lu\/fr\/wp-json\/wp\/v2\/pages"}],"about":[{"href":"https:\/\/visitremich.lu\/fr\/wp-json\/wp\/v2\/types\/page"}],"author":[{"embeddable":true,"href":"https:\/\/visitremich.lu\/fr\/wp-json\/wp\/v2\/users\/1"}],"replies":[{"embeddable":true,"href":"https:\/\/visitremich.lu\/fr\/wp-json\/wp\/v2\/comments?post=92"}],"version-history":[{"count":12,"href":"https:\/\/visitremich.lu\/fr\/wp-json\/wp\/v2\/pages\/92\/revisions"}],"predecessor-version":[{"id":3577,"href":"https:\/\/visitremich.lu\/fr\/wp-json\/wp\/v2\/pages\/92\/revisions\/3577"}],"up":[{"embeddable":true,"href":"https:\/\/visitremich.lu\/fr\/wp-json\/wp\/v2\/pages\/27"}],"wp:featuredmedia":[{"embeddable":true,"href":"https:\/\/visitremich.lu\/fr\/wp-json\/wp\/v2\/media\/501"}],"wp:attachment":[{"href":"https:\/\/visitremich.lu\/fr\/wp-json\/wp\/v2\/media?parent=92"}],"curies":[{"name":"wp","href":"https:\/\/api.w.org\/{rel}","templated":true}]}}