{"id":73,"date":"2016-03-31T11:31:17","date_gmt":"2016-03-31T11:31:17","guid":{"rendered":"http:\/\/visit.remich.lightbulb.lu\/?page_id=73"},"modified":"2016-05-02T14:00:01","modified_gmt":"2016-05-02T14:00:01","slug":"marches","status":"publish","type":"page","link":"https:\/\/visitremich.lu\/fr\/que-faire\/marches\/","title":{"rendered":"March\u00e9s"},"content":{"rendered":"<p>Que vous recherchiez des objets insolites, des v\u00eatements de tous genres ou des produits alimentaires, les grands march\u00e9s du dimanche sauront r\u00e9pondre \u00e0 vos attentes. Envie de plonger dans l\u2019atmosph\u00e8re des puces et de la brocante\u00a0? Le march\u00e9 mensuel de la Place Dr F. Kons vous permettra sans aucun doute de trouver les objets insolites que vous recherchiez.<\/p>\n<p>Profitez \u00e9galement de la musique sur le kiosque avec fanfares et autres groupes musicaux qui vont accompagner votre s\u00e9jour sur les terrasses des caf\u00e9s et restaurants de la Place Dr F. Kons.<\/p>\n<p>&nbsp;<\/p>\n","protected":false},"excerpt":{"rendered":"<p>Que vous recherchiez des objets insolites, des v\u00eatements de tous genres ou des produits alimentaires, les grands march\u00e9s du dimanche sauront r\u00e9pondre \u00e0 vos attentes. Envie de plonger dans l\u2019atmosph\u00e8re des puces et de la brocante\u00a0? Le march\u00e9 mensuel de la Place Dr F. Kons vous permettra sans aucun doute de trouver les objets insolites&#8230;  <a class=\"excerpt-read-more\" href=\"https:\/\/visitremich.lu\/fr\/que-faire\/marches\/\" title=\"LiesenMarch\u00e9s\">Lire la suite \u00bb<\/a><\/p>\n","protected":false},"author":1,"featured_media":425,"parent":32,"menu_order":5,"comment_status":"closed","ping_status":"closed","template":"page-activities-list.php","meta":{"_acf_changed":false,"footnotes":""},"class_list":["post-73","page","type-page","status-publish","has-post-thumbnail","hentry"],"acf":[],"yoast_head":"<!-- This site is optimized with the Yoast SEO plugin v26.7 - https:\/\/yoast.com\/wordpress\/plugins\/seo\/ -->\n<title>March\u00e9s - Visit Remich<\/title>\n<meta name=\"robots\" content=\"index, follow, max-snippet:-1, max-image-preview:large, max-video-preview:-1\" \/>\n<link rel=\"canonical\" href=\"https:\/\/visitremich.lu\/de\/que-faire\/marches\/\" \/>\n<meta property=\"og:locale\" content=\"fr_FR\" \/>\n<meta property=\"og:type\" content=\"article\" \/>\n<meta property=\"og:title\" content=\"March\u00e9s - Visit Remich\" \/>\n<meta property=\"og:description\" content=\"Que vous recherchiez des objets insolites, des v\u00eatements de tous genres ou des produits alimentaires, les grands march\u00e9s du dimanche sauront r\u00e9pondre \u00e0 vos attentes. Envie de plonger dans l\u2019atmosph\u00e8re des puces et de la brocante\u00a0? Le march\u00e9 mensuel de la Place Dr F. Kons vous permettra sans aucun doute de trouver les objets insolites... Lire la suite \u00bb\" \/>\n<meta property=\"og:url\" content=\"https:\/\/visitremich.lu\/de\/que-faire\/marches\/\" \/>\n<meta property=\"og:site_name\" content=\"Visit Remich\" \/>\n<meta property=\"article:modified_time\" content=\"2016-05-02T14:00:01+00:00\" \/>\n<meta property=\"og:image\" content=\"https:\/\/visitremich.lu\/wp-content\/uploads\/sites\/2\/2016\/03\/Screen-Shot-2016-02-22-at-15.06.08-copy-1.png\" \/>\n\t<meta property=\"og:image:width\" content=\"2000\" \/>\n\t<meta property=\"og:image:height\" content=\"319\" \/>\n\t<meta property=\"og:image:type\" content=\"image\/png\" \/>\n<meta name=\"twitter:card\" content=\"summary_large_image\" \/>\n<script type=\"application\/ld+json\" class=\"yoast-schema-graph\">{\"@context\":\"https:\/\/schema.org\",\"@graph\":[{\"@type\":\"WebPage\",\"@id\":\"https:\/\/visitremich.lu\/de\/que-faire\/marches\/\",\"url\":\"https:\/\/visitremich.lu\/de\/que-faire\/marches\/\",\"name\":\"March\u00e9s - Visit Remich\",\"isPartOf\":{\"@id\":\"https:\/\/visitremich.lu\/de\/#website\"},\"primaryImageOfPage\":{\"@id\":\"https:\/\/visitremich.lu\/de\/que-faire\/marches\/#primaryimage\"},\"image\":{\"@id\":\"https:\/\/visitremich.lu\/de\/que-faire\/marches\/#primaryimage\"},\"thumbnailUrl\":\"https:\/\/visitremich.lu\/wp-content\/uploads\/sites\/2\/2016\/03\/Screen-Shot-2016-02-22-at-15.06.08-copy-1.png\",\"datePublished\":\"2016-03-31T11:31:17+00:00\",\"dateModified\":\"2016-05-02T14:00:01+00:00\",\"breadcrumb\":{\"@id\":\"https:\/\/visitremich.lu\/de\/que-faire\/marches\/#breadcrumb\"},\"inLanguage\":\"fr-FR\",\"potentialAction\":[{\"@type\":\"ReadAction\",\"target\":[\"https:\/\/visitremich.lu\/de\/que-faire\/marches\/\"]}]},{\"@type\":\"ImageObject\",\"inLanguage\":\"fr-FR\",\"@id\":\"https:\/\/visitremich.lu\/de\/que-faire\/marches\/#primaryimage\",\"url\":\"https:\/\/visitremich.lu\/wp-content\/uploads\/sites\/2\/2016\/03\/Screen-Shot-2016-02-22-at-15.06.08-copy-1.png\",\"contentUrl\":\"https:\/\/visitremich.lu\/wp-content\/uploads\/sites\/2\/2016\/03\/Screen-Shot-2016-02-22-at-15.06.08-copy-1.png\",\"width\":2000,\"height\":319},{\"@type\":\"BreadcrumbList\",\"@id\":\"https:\/\/visitremich.lu\/de\/que-faire\/marches\/#breadcrumb\",\"itemListElement\":[{\"@type\":\"ListItem\",\"position\":1,\"name\":\"Home\",\"item\":\"https:\/\/visitremich.lu\/de\/\"},{\"@type\":\"ListItem\",\"position\":2,\"name\":\"Erleben\",\"item\":\"https:\/\/visitremich.lu\/de\/que-faire\/\"},{\"@type\":\"ListItem\",\"position\":3,\"name\":\"M\u00e4rkte\"}]},{\"@type\":\"WebSite\",\"@id\":\"https:\/\/visitremich.lu\/de\/#website\",\"url\":\"https:\/\/visitremich.lu\/de\/\",\"name\":\"Visit Remich\",\"description\":\"\",\"potentialAction\":[{\"@type\":\"SearchAction\",\"target\":{\"@type\":\"EntryPoint\",\"urlTemplate\":\"https:\/\/visitremich.lu\/de\/?s={search_term_string}\"},\"query-input\":{\"@type\":\"PropertyValueSpecification\",\"valueRequired\":true,\"valueName\":\"search_term_string\"}}],\"inLanguage\":\"fr-FR\"}]}<\/script>\n<!-- \/ Yoast SEO plugin. -->","yoast_head_json":{"title":"March\u00e9s - Visit Remich","robots":{"index":"index","follow":"follow","max-snippet":"max-snippet:-1","max-image-preview":"max-image-preview:large","max-video-preview":"max-video-preview:-1"},"canonical":"https:\/\/visitremich.lu\/de\/que-faire\/marches\/","og_locale":"fr_FR","og_type":"article","og_title":"March\u00e9s - Visit Remich","og_description":"Que vous recherchiez des objets insolites, des v\u00eatements de tous genres ou des produits alimentaires, les grands march\u00e9s du dimanche sauront r\u00e9pondre \u00e0 vos attentes. Envie de plonger dans l\u2019atmosph\u00e8re des puces et de la brocante\u00a0? Le march\u00e9 mensuel de la Place Dr F. Kons vous permettra sans aucun doute de trouver les objets insolites... Lire la suite \u00bb","og_url":"https:\/\/visitremich.lu\/de\/que-faire\/marches\/","og_site_name":"Visit Remich","article_modified_time":"2016-05-02T14:00:01+00:00","og_image":[{"width":2000,"height":319,"url":"https:\/\/visitremich.lu\/wp-content\/uploads\/sites\/2\/2016\/03\/Screen-Shot-2016-02-22-at-15.06.08-copy-1.png","type":"image\/png"}],"twitter_card":"summary_large_image","schema":{"@context":"https:\/\/schema.org","@graph":[{"@type":"WebPage","@id":"https:\/\/visitremich.lu\/de\/que-faire\/marches\/","url":"https:\/\/visitremich.lu\/de\/que-faire\/marches\/","name":"March\u00e9s - Visit Remich","isPartOf":{"@id":"https:\/\/visitremich.lu\/de\/#website"},"primaryImageOfPage":{"@id":"https:\/\/visitremich.lu\/de\/que-faire\/marches\/#primaryimage"},"image":{"@id":"https:\/\/visitremich.lu\/de\/que-faire\/marches\/#primaryimage"},"thumbnailUrl":"https:\/\/visitremich.lu\/wp-content\/uploads\/sites\/2\/2016\/03\/Screen-Shot-2016-02-22-at-15.06.08-copy-1.png","datePublished":"2016-03-31T11:31:17+00:00","dateModified":"2016-05-02T14:00:01+00:00","breadcrumb":{"@id":"https:\/\/visitremich.lu\/de\/que-faire\/marches\/#breadcrumb"},"inLanguage":"fr-FR","potentialAction":[{"@type":"ReadAction","target":["https:\/\/visitremich.lu\/de\/que-faire\/marches\/"]}]},{"@type":"ImageObject","inLanguage":"fr-FR","@id":"https:\/\/visitremich.lu\/de\/que-faire\/marches\/#primaryimage","url":"https:\/\/visitremich.lu\/wp-content\/uploads\/sites\/2\/2016\/03\/Screen-Shot-2016-02-22-at-15.06.08-copy-1.png","contentUrl":"https:\/\/visitremich.lu\/wp-content\/uploads\/sites\/2\/2016\/03\/Screen-Shot-2016-02-22-at-15.06.08-copy-1.png","width":2000,"height":319},{"@type":"BreadcrumbList","@id":"https:\/\/visitremich.lu\/de\/que-faire\/marches\/#breadcrumb","itemListElement":[{"@type":"ListItem","position":1,"name":"Home","item":"https:\/\/visitremich.lu\/de\/"},{"@type":"ListItem","position":2,"name":"Erleben","item":"https:\/\/visitremich.lu\/de\/que-faire\/"},{"@type":"ListItem","position":3,"name":"M\u00e4rkte"}]},{"@type":"WebSite","@id":"https:\/\/visitremich.lu\/de\/#website","url":"https:\/\/visitremich.lu\/de\/","name":"Visit Remich","description":"","potentialAction":[{"@type":"SearchAction","target":{"@type":"EntryPoint","urlTemplate":"https:\/\/visitremich.lu\/de\/?s={search_term_string}"},"query-input":{"@type":"PropertyValueSpecification","valueRequired":true,"valueName":"search_term_string"}}],"inLanguage":"fr-FR"}]}},"_links":{"self":[{"href":"https:\/\/visitremich.lu\/fr\/wp-json\/wp\/v2\/pages\/73","targetHints":{"allow":["GET"]}}],"collection":[{"href":"https:\/\/visitremich.lu\/fr\/wp-json\/wp\/v2\/pages"}],"about":[{"href":"https:\/\/visitremich.lu\/fr\/wp-json\/wp\/v2\/types\/page"}],"author":[{"embeddable":true,"href":"https:\/\/visitremich.lu\/fr\/wp-json\/wp\/v2\/users\/1"}],"replies":[{"embeddable":true,"href":"https:\/\/visitremich.lu\/fr\/wp-json\/wp\/v2\/comments?post=73"}],"version-history":[{"count":3,"href":"https:\/\/visitremich.lu\/fr\/wp-json\/wp\/v2\/pages\/73\/revisions"}],"predecessor-version":[{"id":475,"href":"https:\/\/visitremich.lu\/fr\/wp-json\/wp\/v2\/pages\/73\/revisions\/475"}],"up":[{"embeddable":true,"href":"https:\/\/visitremich.lu\/fr\/wp-json\/wp\/v2\/pages\/32"}],"wp:featuredmedia":[{"embeddable":true,"href":"https:\/\/visitremich.lu\/fr\/wp-json\/wp\/v2\/media\/425"}],"wp:attachment":[{"href":"https:\/\/visitremich.lu\/fr\/wp-json\/wp\/v2\/media?parent=73"}],"curies":[{"name":"wp","href":"https:\/\/api.w.org\/{rel}","templated":true}]}}