{"id":3175,"date":"2019-03-21T09:07:59","date_gmt":"2019-03-21T08:07:59","guid":{"rendered":"http:\/\/visitremich.lu\/?page_id=3175"},"modified":"2025-06-17T13:33:06","modified_gmt":"2025-06-17T12:33:06","slug":"campcar","status":"publish","type":"page","link":"https:\/\/visitremich.lu\/fr\/loger-et-manger\/campcar\/","title":{"rendered":"Campcar"},"content":{"rendered":"<p>26 emplacements pour camping-cars \u00e0 quelques m\u00e8tres de la Moselle, endroit id\u00e9al pr\u00e8s du centre-ville. Notre station-service offre un ravitaillement en eau potable, vidange des eaux us\u00e9es, vidange des toilettes chimiques, \u00e9lectricit\u00e9.<\/p>\n<p>Sp\u00e9cifications :<\/p>\n<ul>\n<li>Ouvert 24\/24 | 7\/7<\/li>\n<li>Nombre d\u2019emplacements : 26<\/li>\n<li>Taille des emplacements :10&#215;6 m<\/li>\n<li>Poids max. : 7,5t<\/li>\n<li>Prix : 18 \u20ac<\/li>\n<li>Ravitaillement en eau potable<\/li>\n<li>Vidange des eaux us\u00e9es<\/li>\n<li>Vidange des toilettes chimiques<\/li>\n<li>\u00c9lectricit\u00e9 (32 \/ 16A)<\/li>\n<li><strong>pas de r\u00e9servation<\/strong><\/li>\n<\/ul>\n<p><em>*L\u2018aire de stationnement est susceptible d\u2018\u00eatre ferm\u00e9e selon les conditions m\u00e9t\u00e9orologiques.<\/em><\/p>\n","protected":false},"excerpt":{"rendered":"<p>26 emplacements pour camping-cars \u00e0 quelques m\u00e8tres de la Moselle, endroit id\u00e9al pr\u00e8s du centre-ville. Notre station-service offre un ravitaillement en eau potable, vidange des eaux us\u00e9es, vidange des toilettes chimiques, \u00e9lectricit\u00e9. Sp\u00e9cifications : Ouvert 24\/24 | 7\/7 Nombre d\u2019emplacements : 26 Taille des emplacements :10&#215;6 m Poids max. : 7,5t Prix : 18 \u20ac&#8230;  <a class=\"excerpt-read-more\" href=\"https:\/\/visitremich.lu\/fr\/loger-et-manger\/campcar\/\" title=\"LiesenCampcar\">Lire la suite \u00bb<\/a><\/p>\n","protected":false},"author":1,"featured_media":4082,"parent":36,"menu_order":0,"comment_status":"closed","ping_status":"closed","template":"page-with-sidebar.php","meta":{"_acf_changed":false,"footnotes":""},"class_list":["post-3175","page","type-page","status-publish","has-post-thumbnail","hentry"],"acf":[],"yoast_head":"<!-- This site is optimized with the Yoast SEO plugin v26.7 - https:\/\/yoast.com\/wordpress\/plugins\/seo\/ -->\n<title>Campcar - Visit Remich<\/title>\n<meta name=\"robots\" content=\"index, follow, max-snippet:-1, max-image-preview:large, max-video-preview:-1\" \/>\n<link rel=\"canonical\" href=\"https:\/\/visitremich.lu\/en\/loger-et-manger\/campcar\/\" \/>\n<meta property=\"og:locale\" content=\"fr_FR\" \/>\n<meta property=\"og:type\" content=\"article\" \/>\n<meta property=\"og:title\" content=\"Campcar - Visit Remich\" \/>\n<meta property=\"og:description\" content=\"26 emplacements pour camping-cars \u00e0 quelques m\u00e8tres de la Moselle, endroit id\u00e9al pr\u00e8s du centre-ville. Notre station-service offre un ravitaillement en eau potable, vidange des eaux us\u00e9es, vidange des toilettes chimiques, \u00e9lectricit\u00e9. Sp\u00e9cifications : Ouvert 24\/24 | 7\/7 Nombre d\u2019emplacements : 26 Taille des emplacements :10&#215;6 m Poids max. : 7,5t Prix : 18 \u20ac... Lire la suite \u00bb\" \/>\n<meta property=\"og:url\" content=\"https:\/\/visitremich.lu\/en\/loger-et-manger\/campcar\/\" \/>\n<meta property=\"og:site_name\" content=\"Visit Remich\" \/>\n<meta property=\"article:modified_time\" content=\"2025-06-17T12:33:06+00:00\" \/>\n<meta property=\"og:image\" content=\"https:\/\/visitremich.lu\/wp-content\/uploads\/sites\/2\/2021\/04\/DJI_0622.jpg\" \/>\n\t<meta property=\"og:image:width\" content=\"2000\" \/>\n\t<meta property=\"og:image:height\" content=\"1500\" \/>\n\t<meta property=\"og:image:type\" content=\"image\/jpeg\" \/>\n<meta name=\"twitter:card\" content=\"summary_large_image\" \/>\n<script type=\"application\/ld+json\" class=\"yoast-schema-graph\">{\"@context\":\"https:\/\/schema.org\",\"@graph\":[{\"@type\":\"WebPage\",\"@id\":\"https:\/\/visitremich.lu\/en\/loger-et-manger\/campcar\/\",\"url\":\"https:\/\/visitremich.lu\/en\/loger-et-manger\/campcar\/\",\"name\":\"Campcar - Visit Remich\",\"isPartOf\":{\"@id\":\"https:\/\/visitremich.lu\/de\/#website\"},\"primaryImageOfPage\":{\"@id\":\"https:\/\/visitremich.lu\/en\/loger-et-manger\/campcar\/#primaryimage\"},\"image\":{\"@id\":\"https:\/\/visitremich.lu\/en\/loger-et-manger\/campcar\/#primaryimage\"},\"thumbnailUrl\":\"https:\/\/visitremich.lu\/wp-content\/uploads\/sites\/2\/2021\/04\/DJI_0622.jpg\",\"datePublished\":\"2019-03-21T08:07:59+00:00\",\"dateModified\":\"2025-06-17T12:33:06+00:00\",\"breadcrumb\":{\"@id\":\"https:\/\/visitremich.lu\/en\/loger-et-manger\/campcar\/#breadcrumb\"},\"inLanguage\":\"fr-FR\",\"potentialAction\":[{\"@type\":\"ReadAction\",\"target\":[\"https:\/\/visitremich.lu\/en\/loger-et-manger\/campcar\/\"]}]},{\"@type\":\"ImageObject\",\"inLanguage\":\"fr-FR\",\"@id\":\"https:\/\/visitremich.lu\/en\/loger-et-manger\/campcar\/#primaryimage\",\"url\":\"https:\/\/visitremich.lu\/wp-content\/uploads\/sites\/2\/2021\/04\/DJI_0622.jpg\",\"contentUrl\":\"https:\/\/visitremich.lu\/wp-content\/uploads\/sites\/2\/2021\/04\/DJI_0622.jpg\",\"width\":2000,\"height\":1500,\"caption\":\"default\"},{\"@type\":\"BreadcrumbList\",\"@id\":\"https:\/\/visitremich.lu\/en\/loger-et-manger\/campcar\/#breadcrumb\",\"itemListElement\":[{\"@type\":\"ListItem\",\"position\":1,\"name\":\"Home\",\"item\":\"https:\/\/visitremich.lu\/de\/\"},{\"@type\":\"ListItem\",\"position\":2,\"name\":\"Lodge and Eat\",\"item\":\"https:\/\/visitremich.lu\/en\/loger-et-manger\/\"},{\"@type\":\"ListItem\",\"position\":3,\"name\":\"Campcar\"}]},{\"@type\":\"WebSite\",\"@id\":\"https:\/\/visitremich.lu\/de\/#website\",\"url\":\"https:\/\/visitremich.lu\/de\/\",\"name\":\"Visit Remich\",\"description\":\"\",\"potentialAction\":[{\"@type\":\"SearchAction\",\"target\":{\"@type\":\"EntryPoint\",\"urlTemplate\":\"https:\/\/visitremich.lu\/de\/?s={search_term_string}\"},\"query-input\":{\"@type\":\"PropertyValueSpecification\",\"valueRequired\":true,\"valueName\":\"search_term_string\"}}],\"inLanguage\":\"fr-FR\"}]}<\/script>\n<!-- \/ Yoast SEO plugin. -->","yoast_head_json":{"title":"Campcar - Visit Remich","robots":{"index":"index","follow":"follow","max-snippet":"max-snippet:-1","max-image-preview":"max-image-preview:large","max-video-preview":"max-video-preview:-1"},"canonical":"https:\/\/visitremich.lu\/en\/loger-et-manger\/campcar\/","og_locale":"fr_FR","og_type":"article","og_title":"Campcar - Visit Remich","og_description":"26 emplacements pour camping-cars \u00e0 quelques m\u00e8tres de la Moselle, endroit id\u00e9al pr\u00e8s du centre-ville. Notre station-service offre un ravitaillement en eau potable, vidange des eaux us\u00e9es, vidange des toilettes chimiques, \u00e9lectricit\u00e9. Sp\u00e9cifications : Ouvert 24\/24 | 7\/7 Nombre d\u2019emplacements : 26 Taille des emplacements :10&#215;6 m Poids max. : 7,5t Prix : 18 \u20ac... Lire la suite \u00bb","og_url":"https:\/\/visitremich.lu\/en\/loger-et-manger\/campcar\/","og_site_name":"Visit Remich","article_modified_time":"2025-06-17T12:33:06+00:00","og_image":[{"width":2000,"height":1500,"url":"https:\/\/visitremich.lu\/wp-content\/uploads\/sites\/2\/2021\/04\/DJI_0622.jpg","type":"image\/jpeg"}],"twitter_card":"summary_large_image","schema":{"@context":"https:\/\/schema.org","@graph":[{"@type":"WebPage","@id":"https:\/\/visitremich.lu\/en\/loger-et-manger\/campcar\/","url":"https:\/\/visitremich.lu\/en\/loger-et-manger\/campcar\/","name":"Campcar - Visit Remich","isPartOf":{"@id":"https:\/\/visitremich.lu\/de\/#website"},"primaryImageOfPage":{"@id":"https:\/\/visitremich.lu\/en\/loger-et-manger\/campcar\/#primaryimage"},"image":{"@id":"https:\/\/visitremich.lu\/en\/loger-et-manger\/campcar\/#primaryimage"},"thumbnailUrl":"https:\/\/visitremich.lu\/wp-content\/uploads\/sites\/2\/2021\/04\/DJI_0622.jpg","datePublished":"2019-03-21T08:07:59+00:00","dateModified":"2025-06-17T12:33:06+00:00","breadcrumb":{"@id":"https:\/\/visitremich.lu\/en\/loger-et-manger\/campcar\/#breadcrumb"},"inLanguage":"fr-FR","potentialAction":[{"@type":"ReadAction","target":["https:\/\/visitremich.lu\/en\/loger-et-manger\/campcar\/"]}]},{"@type":"ImageObject","inLanguage":"fr-FR","@id":"https:\/\/visitremich.lu\/en\/loger-et-manger\/campcar\/#primaryimage","url":"https:\/\/visitremich.lu\/wp-content\/uploads\/sites\/2\/2021\/04\/DJI_0622.jpg","contentUrl":"https:\/\/visitremich.lu\/wp-content\/uploads\/sites\/2\/2021\/04\/DJI_0622.jpg","width":2000,"height":1500,"caption":"default"},{"@type":"BreadcrumbList","@id":"https:\/\/visitremich.lu\/en\/loger-et-manger\/campcar\/#breadcrumb","itemListElement":[{"@type":"ListItem","position":1,"name":"Home","item":"https:\/\/visitremich.lu\/de\/"},{"@type":"ListItem","position":2,"name":"Lodge and Eat","item":"https:\/\/visitremich.lu\/en\/loger-et-manger\/"},{"@type":"ListItem","position":3,"name":"Campcar"}]},{"@type":"WebSite","@id":"https:\/\/visitremich.lu\/de\/#website","url":"https:\/\/visitremich.lu\/de\/","name":"Visit Remich","description":"","potentialAction":[{"@type":"SearchAction","target":{"@type":"EntryPoint","urlTemplate":"https:\/\/visitremich.lu\/de\/?s={search_term_string}"},"query-input":{"@type":"PropertyValueSpecification","valueRequired":true,"valueName":"search_term_string"}}],"inLanguage":"fr-FR"}]}},"_links":{"self":[{"href":"https:\/\/visitremich.lu\/fr\/wp-json\/wp\/v2\/pages\/3175","targetHints":{"allow":["GET"]}}],"collection":[{"href":"https:\/\/visitremich.lu\/fr\/wp-json\/wp\/v2\/pages"}],"about":[{"href":"https:\/\/visitremich.lu\/fr\/wp-json\/wp\/v2\/types\/page"}],"author":[{"embeddable":true,"href":"https:\/\/visitremich.lu\/fr\/wp-json\/wp\/v2\/users\/1"}],"replies":[{"embeddable":true,"href":"https:\/\/visitremich.lu\/fr\/wp-json\/wp\/v2\/comments?post=3175"}],"version-history":[{"count":11,"href":"https:\/\/visitremich.lu\/fr\/wp-json\/wp\/v2\/pages\/3175\/revisions"}],"predecessor-version":[{"id":6940,"href":"https:\/\/visitremich.lu\/fr\/wp-json\/wp\/v2\/pages\/3175\/revisions\/6940"}],"up":[{"embeddable":true,"href":"https:\/\/visitremich.lu\/fr\/wp-json\/wp\/v2\/pages\/36"}],"wp:featuredmedia":[{"embeddable":true,"href":"https:\/\/visitremich.lu\/fr\/wp-json\/wp\/v2\/media\/4082"}],"wp:attachment":[{"href":"https:\/\/visitremich.lu\/fr\/wp-json\/wp\/v2\/media?parent=3175"}],"curies":[{"name":"wp","href":"https:\/\/api.w.org\/{rel}","templated":true}]}}