{"id":2826,"date":"2018-05-25T09:37:21","date_gmt":"2018-05-25T08:37:21","guid":{"rendered":"http:\/\/visitremich.lu\/?page_id=2826"},"modified":"2025-11-24T08:32:10","modified_gmt":"2025-11-24T07:32:10","slug":"tourist-info","status":"publish","type":"page","link":"https:\/\/visitremich.lu\/fr\/la-ville\/tourist-info\/","title":{"rendered":"Tourist Info"},"content":{"rendered":"<p><em><strong>Bienvenue dans la Tourist Info!<\/strong><\/em><\/p>\n<p>La nouvelle gare routi\u00e8re \u00e9labor\u00e9e par l&rsquo;architecte Fran\u00e7ois Valentiny, vous accueille pour d\u00e9couvrir Remich avec toutes ses facettes.<\/p>\n<p><strong><u>Heures d&rsquo;ouverture 7\/7 <em>:<\/em><\/u><\/strong><\/p>\n<ul>\n<li><strong>jusqu&rsquo;au 31.10.2025 | <\/strong>09:30 &#8211; 18:00<\/li>\n<li><strong>01\/11\/2025 <\/strong>| ferm\u00e9<\/li>\n<li><strong>02\/11\/2025 &#8211; 28\/02\/2026 | <\/strong>08:30 &#8211; 17:00<\/li>\n<li><strong>24\/12\/2025 &#8211; 04\/01\/2026 <\/strong>| ferm\u00e9<\/li>\n<li><strong>01\/03\/2026 &#8211; 31\/10\/2026 | <\/strong>09:30 &#8211; 18:00<\/li>\n<\/ul>\n<p>\u00c0 c\u00f4t\u00e9 du bureau touristique la gare routi\u00e8re h\u00e9berge \u00e9galement les guichets <a href=\"http:\/\/www.navitours.lu\">Navitours <\/a>et <a href=\"https:\/\/www.entente-moselle.lu\/fr\/rentabike\/presentation\">Rent a bike<\/a>.<\/p>\n<img loading=\"lazy\" decoding=\"async\" class=\"alignnone size-medium wp-image-3028\" src=\"https:\/\/visit.remich.lightbulb.lu\/wp-content\/uploads\/sites\/2\/2018\/05\/IMG_6591-240x300.jpg\" alt=\"IMG_6591\" width=\"240\" height=\"300\" srcset=\"https:\/\/visitremich.lu\/wp-content\/uploads\/sites\/2\/2018\/05\/IMG_6591-240x300.jpg 240w, https:\/\/visitremich.lu\/wp-content\/uploads\/sites\/2\/2018\/05\/IMG_6591-819x1024.jpg 819w, https:\/\/visitremich.lu\/wp-content\/uploads\/sites\/2\/2018\/05\/IMG_6591.jpg 1600w\" sizes=\"auto, (max-width: 240px) 100vw, 240px\" \/>\n","protected":false},"excerpt":{"rendered":"<p>Bienvenue dans la Tourist Info! La nouvelle gare routi\u00e8re \u00e9labor\u00e9e par l&rsquo;architecte Fran\u00e7ois Valentiny, vous accueille pour d\u00e9couvrir Remich avec toutes ses facettes. Heures d&rsquo;ouverture 7\/7 : jusqu&rsquo;au 31.10.2025 | 09:30 &#8211; 18:00 01\/11\/2025 | ferm\u00e9 02\/11\/2025 &#8211; 28\/02\/2026 | 08:30 &#8211; 17:00 24\/12\/2025 &#8211; 04\/01\/2026 | ferm\u00e9 01\/03\/2026 &#8211; 31\/10\/2026 | 09:30 &#8211; 18:00&#8230;  <a class=\"excerpt-read-more\" href=\"https:\/\/visitremich.lu\/fr\/la-ville\/tourist-info\/\" title=\"LiesenTourist Info\">Lire la suite \u00bb<\/a><\/p>\n","protected":false},"author":2,"featured_media":2829,"parent":27,"menu_order":2,"comment_status":"closed","ping_status":"closed","template":"page-with-sidebar.php","meta":{"_acf_changed":false,"footnotes":""},"class_list":["post-2826","page","type-page","status-publish","has-post-thumbnail","hentry"],"acf":[],"yoast_head":"<!-- This site is optimized with the Yoast SEO plugin v26.7 - https:\/\/yoast.com\/wordpress\/plugins\/seo\/ -->\n<title>Tourist Info - Visit Remich<\/title>\n<meta name=\"robots\" content=\"index, follow, max-snippet:-1, max-image-preview:large, max-video-preview:-1\" \/>\n<link rel=\"canonical\" href=\"https:\/\/visitremich.lu\/la-ville\/tourist-info\/\" \/>\n<meta property=\"og:locale\" content=\"fr_FR\" \/>\n<meta property=\"og:type\" content=\"article\" \/>\n<meta property=\"og:title\" content=\"Tourist Info - Visit Remich\" \/>\n<meta property=\"og:description\" content=\"Bienvenue dans la Tourist Info! La nouvelle gare routi\u00e8re \u00e9labor\u00e9e par l&rsquo;architecte Fran\u00e7ois Valentiny, vous accueille pour d\u00e9couvrir Remich avec toutes ses facettes. Heures d&rsquo;ouverture 7\/7 : jusqu&rsquo;au 31.10.2025 | 09:30 &#8211; 18:00 01\/11\/2025 | ferm\u00e9 02\/11\/2025 &#8211; 28\/02\/2026 | 08:30 &#8211; 17:00 24\/12\/2025 &#8211; 04\/01\/2026 | ferm\u00e9 01\/03\/2026 &#8211; 31\/10\/2026 | 09:30 &#8211; 18:00... Lire la suite \u00bb\" \/>\n<meta property=\"og:url\" content=\"https:\/\/visitremich.lu\/la-ville\/tourist-info\/\" \/>\n<meta property=\"og:site_name\" content=\"Visit Remich\" \/>\n<meta property=\"article:modified_time\" content=\"2025-11-24T07:32:10+00:00\" \/>\n<meta property=\"og:image\" content=\"https:\/\/visitremich.lu\/wp-content\/uploads\/sites\/2\/2018\/05\/image1.jpg\" \/>\n\t<meta property=\"og:image:width\" content=\"1280\" \/>\n\t<meta property=\"og:image:height\" content=\"720\" \/>\n\t<meta property=\"og:image:type\" content=\"image\/jpeg\" \/>\n<meta name=\"twitter:card\" content=\"summary_large_image\" \/>\n<meta name=\"twitter:label1\" content=\"Dur\u00e9e de lecture estim\u00e9e\" \/>\n\t<meta name=\"twitter:data1\" content=\"1 minute\" \/>\n<script type=\"application\/ld+json\" class=\"yoast-schema-graph\">{\"@context\":\"https:\/\/schema.org\",\"@graph\":[{\"@type\":\"WebPage\",\"@id\":\"https:\/\/visitremich.lu\/la-ville\/tourist-info\/\",\"url\":\"https:\/\/visitremich.lu\/la-ville\/tourist-info\/\",\"name\":\"Tourist Info - Visit Remich\",\"isPartOf\":{\"@id\":\"https:\/\/visitremich.lu\/de\/#website\"},\"primaryImageOfPage\":{\"@id\":\"https:\/\/visitremich.lu\/la-ville\/tourist-info\/#primaryimage\"},\"image\":{\"@id\":\"https:\/\/visitremich.lu\/la-ville\/tourist-info\/#primaryimage\"},\"thumbnailUrl\":\"https:\/\/visitremich.lu\/wp-content\/uploads\/sites\/2\/2018\/05\/image1.jpg\",\"datePublished\":\"2018-05-25T08:37:21+00:00\",\"dateModified\":\"2025-11-24T07:32:10+00:00\",\"breadcrumb\":{\"@id\":\"https:\/\/visitremich.lu\/la-ville\/tourist-info\/#breadcrumb\"},\"inLanguage\":\"fr-FR\",\"potentialAction\":[{\"@type\":\"ReadAction\",\"target\":[\"https:\/\/visitremich.lu\/la-ville\/tourist-info\/\"]}]},{\"@type\":\"ImageObject\",\"inLanguage\":\"fr-FR\",\"@id\":\"https:\/\/visitremich.lu\/la-ville\/tourist-info\/#primaryimage\",\"url\":\"https:\/\/visitremich.lu\/wp-content\/uploads\/sites\/2\/2018\/05\/image1.jpg\",\"contentUrl\":\"https:\/\/visitremich.lu\/wp-content\/uploads\/sites\/2\/2018\/05\/image1.jpg\",\"width\":1280,\"height\":720},{\"@type\":\"BreadcrumbList\",\"@id\":\"https:\/\/visitremich.lu\/la-ville\/tourist-info\/#breadcrumb\",\"itemListElement\":[{\"@type\":\"ListItem\",\"position\":1,\"name\":\"Home\",\"item\":\"https:\/\/visitremich.lu\/de\/\"},{\"@type\":\"ListItem\",\"position\":2,\"name\":\"D&#8217;Stad\",\"item\":\"https:\/\/visitremich.lu\/lb\/la-ville\/\"},{\"@type\":\"ListItem\",\"position\":3,\"name\":\"Tourist Info\"}]},{\"@type\":\"WebSite\",\"@id\":\"https:\/\/visitremich.lu\/de\/#website\",\"url\":\"https:\/\/visitremich.lu\/de\/\",\"name\":\"Visit Remich\",\"description\":\"\",\"potentialAction\":[{\"@type\":\"SearchAction\",\"target\":{\"@type\":\"EntryPoint\",\"urlTemplate\":\"https:\/\/visitremich.lu\/de\/?s={search_term_string}\"},\"query-input\":{\"@type\":\"PropertyValueSpecification\",\"valueRequired\":true,\"valueName\":\"search_term_string\"}}],\"inLanguage\":\"fr-FR\"}]}<\/script>\n<!-- \/ Yoast SEO plugin. -->","yoast_head_json":{"title":"Tourist Info - Visit Remich","robots":{"index":"index","follow":"follow","max-snippet":"max-snippet:-1","max-image-preview":"max-image-preview:large","max-video-preview":"max-video-preview:-1"},"canonical":"https:\/\/visitremich.lu\/la-ville\/tourist-info\/","og_locale":"fr_FR","og_type":"article","og_title":"Tourist Info - Visit Remich","og_description":"Bienvenue dans la Tourist Info! La nouvelle gare routi\u00e8re \u00e9labor\u00e9e par l&rsquo;architecte Fran\u00e7ois Valentiny, vous accueille pour d\u00e9couvrir Remich avec toutes ses facettes. Heures d&rsquo;ouverture 7\/7 : jusqu&rsquo;au 31.10.2025 | 09:30 &#8211; 18:00 01\/11\/2025 | ferm\u00e9 02\/11\/2025 &#8211; 28\/02\/2026 | 08:30 &#8211; 17:00 24\/12\/2025 &#8211; 04\/01\/2026 | ferm\u00e9 01\/03\/2026 &#8211; 31\/10\/2026 | 09:30 &#8211; 18:00... Lire la suite \u00bb","og_url":"https:\/\/visitremich.lu\/la-ville\/tourist-info\/","og_site_name":"Visit Remich","article_modified_time":"2025-11-24T07:32:10+00:00","og_image":[{"width":1280,"height":720,"url":"https:\/\/visitremich.lu\/wp-content\/uploads\/sites\/2\/2018\/05\/image1.jpg","type":"image\/jpeg"}],"twitter_card":"summary_large_image","twitter_misc":{"Dur\u00e9e de lecture estim\u00e9e":"1 minute"},"schema":{"@context":"https:\/\/schema.org","@graph":[{"@type":"WebPage","@id":"https:\/\/visitremich.lu\/la-ville\/tourist-info\/","url":"https:\/\/visitremich.lu\/la-ville\/tourist-info\/","name":"Tourist Info - Visit Remich","isPartOf":{"@id":"https:\/\/visitremich.lu\/de\/#website"},"primaryImageOfPage":{"@id":"https:\/\/visitremich.lu\/la-ville\/tourist-info\/#primaryimage"},"image":{"@id":"https:\/\/visitremich.lu\/la-ville\/tourist-info\/#primaryimage"},"thumbnailUrl":"https:\/\/visitremich.lu\/wp-content\/uploads\/sites\/2\/2018\/05\/image1.jpg","datePublished":"2018-05-25T08:37:21+00:00","dateModified":"2025-11-24T07:32:10+00:00","breadcrumb":{"@id":"https:\/\/visitremich.lu\/la-ville\/tourist-info\/#breadcrumb"},"inLanguage":"fr-FR","potentialAction":[{"@type":"ReadAction","target":["https:\/\/visitremich.lu\/la-ville\/tourist-info\/"]}]},{"@type":"ImageObject","inLanguage":"fr-FR","@id":"https:\/\/visitremich.lu\/la-ville\/tourist-info\/#primaryimage","url":"https:\/\/visitremich.lu\/wp-content\/uploads\/sites\/2\/2018\/05\/image1.jpg","contentUrl":"https:\/\/visitremich.lu\/wp-content\/uploads\/sites\/2\/2018\/05\/image1.jpg","width":1280,"height":720},{"@type":"BreadcrumbList","@id":"https:\/\/visitremich.lu\/la-ville\/tourist-info\/#breadcrumb","itemListElement":[{"@type":"ListItem","position":1,"name":"Home","item":"https:\/\/visitremich.lu\/de\/"},{"@type":"ListItem","position":2,"name":"D&#8217;Stad","item":"https:\/\/visitremich.lu\/lb\/la-ville\/"},{"@type":"ListItem","position":3,"name":"Tourist Info"}]},{"@type":"WebSite","@id":"https:\/\/visitremich.lu\/de\/#website","url":"https:\/\/visitremich.lu\/de\/","name":"Visit Remich","description":"","potentialAction":[{"@type":"SearchAction","target":{"@type":"EntryPoint","urlTemplate":"https:\/\/visitremich.lu\/de\/?s={search_term_string}"},"query-input":{"@type":"PropertyValueSpecification","valueRequired":true,"valueName":"search_term_string"}}],"inLanguage":"fr-FR"}]}},"_links":{"self":[{"href":"https:\/\/visitremich.lu\/fr\/wp-json\/wp\/v2\/pages\/2826","targetHints":{"allow":["GET"]}}],"collection":[{"href":"https:\/\/visitremich.lu\/fr\/wp-json\/wp\/v2\/pages"}],"about":[{"href":"https:\/\/visitremich.lu\/fr\/wp-json\/wp\/v2\/types\/page"}],"author":[{"embeddable":true,"href":"https:\/\/visitremich.lu\/fr\/wp-json\/wp\/v2\/users\/2"}],"replies":[{"embeddable":true,"href":"https:\/\/visitremich.lu\/fr\/wp-json\/wp\/v2\/comments?post=2826"}],"version-history":[{"count":38,"href":"https:\/\/visitremich.lu\/fr\/wp-json\/wp\/v2\/pages\/2826\/revisions"}],"predecessor-version":[{"id":8417,"href":"https:\/\/visitremich.lu\/fr\/wp-json\/wp\/v2\/pages\/2826\/revisions\/8417"}],"up":[{"embeddable":true,"href":"https:\/\/visitremich.lu\/fr\/wp-json\/wp\/v2\/pages\/27"}],"wp:featuredmedia":[{"embeddable":true,"href":"https:\/\/visitremich.lu\/fr\/wp-json\/wp\/v2\/media\/2829"}],"wp:attachment":[{"href":"https:\/\/visitremich.lu\/fr\/wp-json\/wp\/v2\/media?parent=2826"}],"curies":[{"name":"wp","href":"https:\/\/api.w.org\/{rel}","templated":true}]}}