{"id":441,"date":"2016-04-20T15:29:01","date_gmt":"2016-04-20T15:29:01","guid":{"rendered":"http:\/\/visit.remich.lightbulb.lu\/?page_id=441"},"modified":"2026-03-11T17:17:35","modified_gmt":"2026-03-11T16:17:35","slug":"randonnees-velos","status":"publish","type":"page","link":"https:\/\/visitremich.lu\/en\/que-faire\/loisirs-et-sports\/randonnees-velos\/","title":{"rendered":"Biking"},"content":{"rendered":"","protected":false},"excerpt":{"rendered":"","protected":false},"author":2,"featured_media":622,"parent":64,"menu_order":11,"comment_status":"closed","ping_status":"closed","template":"page-activity.php","meta":{"_acf_changed":false,"footnotes":""},"class_list":["post-441","page","type-page","status-publish","has-post-thumbnail","hentry"],"acf":[],"yoast_head":"<!-- This site is optimized with the Yoast SEO plugin v26.7 - https:\/\/yoast.com\/wordpress\/plugins\/seo\/ -->\n<title>Biking - Visit Remich<\/title>\n<meta name=\"robots\" content=\"index, follow, max-snippet:-1, max-image-preview:large, max-video-preview:-1\" \/>\n<link rel=\"canonical\" href=\"https:\/\/visitremich.lu\/que-faire\/loisirs-et-sports\/randonnees-velos\/\" \/>\n<meta property=\"og:locale\" content=\"en_US\" \/>\n<meta property=\"og:type\" content=\"article\" \/>\n<meta property=\"og:title\" content=\"Biking - Visit Remich\" \/>\n<meta property=\"og:url\" content=\"https:\/\/visitremich.lu\/que-faire\/loisirs-et-sports\/randonnees-velos\/\" \/>\n<meta property=\"og:site_name\" content=\"Visit Remich\" \/>\n<meta property=\"article:modified_time\" content=\"2026-03-11T16:17:35+00:00\" \/>\n<meta property=\"og:image\" content=\"https:\/\/visitremich.lu\/wp-content\/uploads\/sites\/2\/2016\/05\/309B4905.jpg\" \/>\n\t<meta property=\"og:image:width\" content=\"2000\" \/>\n\t<meta property=\"og:image:height\" content=\"1333\" \/>\n\t<meta property=\"og:image:type\" content=\"image\/jpeg\" \/>\n<meta name=\"twitter:card\" content=\"summary_large_image\" \/>\n<meta name=\"twitter:label1\" content=\"Est. reading time\" \/>\n\t<meta name=\"twitter:data1\" content=\"1 minute\" \/>\n<script type=\"application\/ld+json\" class=\"yoast-schema-graph\">{\"@context\":\"https:\/\/schema.org\",\"@graph\":[{\"@type\":\"WebPage\",\"@id\":\"https:\/\/visitremich.lu\/que-faire\/loisirs-et-sports\/randonnees-velos\/\",\"url\":\"https:\/\/visitremich.lu\/que-faire\/loisirs-et-sports\/randonnees-velos\/\",\"name\":\"Biking - Visit Remich\",\"isPartOf\":{\"@id\":\"https:\/\/visitremich.lu\/de\/#website\"},\"primaryImageOfPage\":{\"@id\":\"https:\/\/visitremich.lu\/que-faire\/loisirs-et-sports\/randonnees-velos\/#primaryimage\"},\"image\":{\"@id\":\"https:\/\/visitremich.lu\/que-faire\/loisirs-et-sports\/randonnees-velos\/#primaryimage\"},\"thumbnailUrl\":\"https:\/\/visitremich.lu\/wp-content\/uploads\/sites\/2\/2016\/05\/309B4905.jpg\",\"datePublished\":\"2016-04-20T15:29:01+00:00\",\"dateModified\":\"2026-03-11T16:17:35+00:00\",\"breadcrumb\":{\"@id\":\"https:\/\/visitremich.lu\/que-faire\/loisirs-et-sports\/randonnees-velos\/#breadcrumb\"},\"inLanguage\":\"en-US\",\"potentialAction\":[{\"@type\":\"ReadAction\",\"target\":[\"https:\/\/visitremich.lu\/que-faire\/loisirs-et-sports\/randonnees-velos\/\"]}]},{\"@type\":\"ImageObject\",\"inLanguage\":\"en-US\",\"@id\":\"https:\/\/visitremich.lu\/que-faire\/loisirs-et-sports\/randonnees-velos\/#primaryimage\",\"url\":\"https:\/\/visitremich.lu\/wp-content\/uploads\/sites\/2\/2016\/05\/309B4905.jpg\",\"contentUrl\":\"https:\/\/visitremich.lu\/wp-content\/uploads\/sites\/2\/2016\/05\/309B4905.jpg\",\"width\":2000,\"height\":1333},{\"@type\":\"BreadcrumbList\",\"@id\":\"https:\/\/visitremich.lu\/que-faire\/loisirs-et-sports\/randonnees-velos\/#breadcrumb\",\"itemListElement\":[{\"@type\":\"ListItem\",\"position\":1,\"name\":\"Home\",\"item\":\"https:\/\/visitremich.lu\/de\/\"},{\"@type\":\"ListItem\",\"position\":2,\"name\":\"Erleben\",\"item\":\"https:\/\/visitremich.lu\/de\/que-faire\/\"},{\"@type\":\"ListItem\",\"position\":3,\"name\":\"Sports et loisirs\",\"item\":\"https:\/\/visitremich.lu\/fr\/que-faire\/loisirs-et-sports\/\"},{\"@type\":\"ListItem\",\"position\":4,\"name\":\"[:lb]V\u00eblo fueren[:fr]Randonn\u00e9es en v\u00e9los[:de]Radfahren[:en]Biking[:]\"}]},{\"@type\":\"WebSite\",\"@id\":\"https:\/\/visitremich.lu\/de\/#website\",\"url\":\"https:\/\/visitremich.lu\/de\/\",\"name\":\"Visit Remich\",\"description\":\"\",\"potentialAction\":[{\"@type\":\"SearchAction\",\"target\":{\"@type\":\"EntryPoint\",\"urlTemplate\":\"https:\/\/visitremich.lu\/de\/?s={search_term_string}\"},\"query-input\":{\"@type\":\"PropertyValueSpecification\",\"valueRequired\":true,\"valueName\":\"search_term_string\"}}],\"inLanguage\":\"en-US\"}]}<\/script>\n<!-- \/ Yoast SEO plugin. -->","yoast_head_json":{"title":"Biking - Visit Remich","robots":{"index":"index","follow":"follow","max-snippet":"max-snippet:-1","max-image-preview":"max-image-preview:large","max-video-preview":"max-video-preview:-1"},"canonical":"https:\/\/visitremich.lu\/que-faire\/loisirs-et-sports\/randonnees-velos\/","og_locale":"en_US","og_type":"article","og_title":"Biking - Visit Remich","og_url":"https:\/\/visitremich.lu\/que-faire\/loisirs-et-sports\/randonnees-velos\/","og_site_name":"Visit Remich","article_modified_time":"2026-03-11T16:17:35+00:00","og_image":[{"width":2000,"height":1333,"url":"https:\/\/visitremich.lu\/wp-content\/uploads\/sites\/2\/2016\/05\/309B4905.jpg","type":"image\/jpeg"}],"twitter_card":"summary_large_image","twitter_misc":{"Est. reading time":"1 minute"},"schema":{"@context":"https:\/\/schema.org","@graph":[{"@type":"WebPage","@id":"https:\/\/visitremich.lu\/que-faire\/loisirs-et-sports\/randonnees-velos\/","url":"https:\/\/visitremich.lu\/que-faire\/loisirs-et-sports\/randonnees-velos\/","name":"Biking - Visit Remich","isPartOf":{"@id":"https:\/\/visitremich.lu\/de\/#website"},"primaryImageOfPage":{"@id":"https:\/\/visitremich.lu\/que-faire\/loisirs-et-sports\/randonnees-velos\/#primaryimage"},"image":{"@id":"https:\/\/visitremich.lu\/que-faire\/loisirs-et-sports\/randonnees-velos\/#primaryimage"},"thumbnailUrl":"https:\/\/visitremich.lu\/wp-content\/uploads\/sites\/2\/2016\/05\/309B4905.jpg","datePublished":"2016-04-20T15:29:01+00:00","dateModified":"2026-03-11T16:17:35+00:00","breadcrumb":{"@id":"https:\/\/visitremich.lu\/que-faire\/loisirs-et-sports\/randonnees-velos\/#breadcrumb"},"inLanguage":"en-US","potentialAction":[{"@type":"ReadAction","target":["https:\/\/visitremich.lu\/que-faire\/loisirs-et-sports\/randonnees-velos\/"]}]},{"@type":"ImageObject","inLanguage":"en-US","@id":"https:\/\/visitremich.lu\/que-faire\/loisirs-et-sports\/randonnees-velos\/#primaryimage","url":"https:\/\/visitremich.lu\/wp-content\/uploads\/sites\/2\/2016\/05\/309B4905.jpg","contentUrl":"https:\/\/visitremich.lu\/wp-content\/uploads\/sites\/2\/2016\/05\/309B4905.jpg","width":2000,"height":1333},{"@type":"BreadcrumbList","@id":"https:\/\/visitremich.lu\/que-faire\/loisirs-et-sports\/randonnees-velos\/#breadcrumb","itemListElement":[{"@type":"ListItem","position":1,"name":"Home","item":"https:\/\/visitremich.lu\/de\/"},{"@type":"ListItem","position":2,"name":"Erleben","item":"https:\/\/visitremich.lu\/de\/que-faire\/"},{"@type":"ListItem","position":3,"name":"Sports et loisirs","item":"https:\/\/visitremich.lu\/fr\/que-faire\/loisirs-et-sports\/"},{"@type":"ListItem","position":4,"name":"[:lb]V\u00eblo fueren[:fr]Randonn\u00e9es en v\u00e9los[:de]Radfahren[:en]Biking[:]"}]},{"@type":"WebSite","@id":"https:\/\/visitremich.lu\/de\/#website","url":"https:\/\/visitremich.lu\/de\/","name":"Visit Remich","description":"","potentialAction":[{"@type":"SearchAction","target":{"@type":"EntryPoint","urlTemplate":"https:\/\/visitremich.lu\/de\/?s={search_term_string}"},"query-input":{"@type":"PropertyValueSpecification","valueRequired":true,"valueName":"search_term_string"}}],"inLanguage":"en-US"}]}},"_links":{"self":[{"href":"https:\/\/visitremich.lu\/en\/wp-json\/wp\/v2\/pages\/441","targetHints":{"allow":["GET"]}}],"collection":[{"href":"https:\/\/visitremich.lu\/en\/wp-json\/wp\/v2\/pages"}],"about":[{"href":"https:\/\/visitremich.lu\/en\/wp-json\/wp\/v2\/types\/page"}],"author":[{"embeddable":true,"href":"https:\/\/visitremich.lu\/en\/wp-json\/wp\/v2\/users\/2"}],"replies":[{"embeddable":true,"href":"https:\/\/visitremich.lu\/en\/wp-json\/wp\/v2\/comments?post=441"}],"version-history":[{"count":5,"href":"https:\/\/visitremich.lu\/en\/wp-json\/wp\/v2\/pages\/441\/revisions"}],"predecessor-version":[{"id":1002,"href":"https:\/\/visitremich.lu\/en\/wp-json\/wp\/v2\/pages\/441\/revisions\/1002"}],"up":[{"embeddable":true,"href":"https:\/\/visitremich.lu\/en\/wp-json\/wp\/v2\/pages\/64"}],"wp:featuredmedia":[{"embeddable":true,"href":"https:\/\/visitremich.lu\/en\/wp-json\/wp\/v2\/media\/622"}],"wp:attachment":[{"href":"https:\/\/visitremich.lu\/en\/wp-json\/wp\/v2\/media?parent=441"}],"curies":[{"name":"wp","href":"https:\/\/api.w.org\/{rel}","templated":true}]}}