{"id":94,"date":"2016-03-31T14:05:47","date_gmt":"2016-03-31T14:05:47","guid":{"rendered":"http:\/\/visit.remich.lightbulb.lu\/?page_id=94"},"modified":"2026-02-25T14:19:13","modified_gmt":"2026-02-25T13:19:13","slug":"syndicat-dinitiative","status":"publish","type":"page","link":"https:\/\/visitremich.lu\/de\/la-ville\/syndicat-dinitiative\/","title":{"rendered":"Syndicat d&#8217;Initiative"},"content":{"rendered":"<p>Das Fremdenverkehrsamt der Stadt Remich ist f\u00fcr eine Vielzahl von Aktivit\u00e4ten verantwortlich, die im Laufe des Jahres stattfinden. Seine Hauptaufgabe liegt in der F\u00f6rderung von Remich und der Anziehung von Besuchern in die Stadt.<\/p>\n<p><img loading=\"lazy\" decoding=\"async\" class=\"size-medium wp-image-6367 alignleft\" src=\"https:\/\/visitremich.lu\/wp-content\/uploads\/sites\/2\/2023\/12\/AE_0818-200x300.jpg\" alt=\"\" width=\"200\" height=\"300\" srcset=\"https:\/\/visitremich.lu\/wp-content\/uploads\/sites\/2\/2023\/12\/AE_0818-200x300.jpg 200w, https:\/\/visitremich.lu\/wp-content\/uploads\/sites\/2\/2023\/12\/AE_0818-683x1024.jpg 683w, https:\/\/visitremich.lu\/wp-content\/uploads\/sites\/2\/2023\/12\/AE_0818.jpg 1334w\" sizes=\"auto, (max-width: 200px) 100vw, 200px\" \/>Das Syndicat organisiert eine Vielzahl von Veranstaltungen, die mittlerweile feste Institutionen in Remich und in der Region geworden sind. Beispiele hierf\u00fcr sind das beliebte &#8222;Bacchusfescht&#8220; am 15. August, der Nikolas der mit dem Schiff am 1. Sonntag im Dezember kommt, die \u201cOstereier-Suche&#8220; am Ostersonntag oder die F\u00eate de la Musique.<\/p>\n<p>Eine der Hauptattraktionen von Remich ist der Minigolfplatz entlang der sch\u00f6nen Promenade der Stadt. Letzterer z\u00e4hlt zu den gr\u00f6\u00dften Minigolfpl\u00e4tzen in der Gro\u00dfregion und wird vom Syndicat d\u2019Initiative betrieben. Seit 2009 gibt es eine 250 m lange Minicar-Rennstrecke als Erg\u00e4nzung zu den Attraktionen der Stadt. Im April 2016 wurde ein Springbrunnen in Form eines freistehenden Wasserhahns hinzugef\u00fcgt, der das ansprechende und moderne Bild des Minigolf- und Minicar-Gel\u00e4ndes komplettiert hat. Seit seiner Einweihung wurde der Wasserhahnbrunnen unz\u00e4hlige Male fotografiert.<\/p>\n<p>Sie k\u00f6nnen hier auch eine Runde Cornhole spielen, ein Fahrrad mieten oder eine unserer beliebten Weinwanderungen buchen. Eine gro\u00dfartige M\u00f6glichkeit, die Region zu erkunden, Sport zu treiben und au\u00dfergew\u00f6hnliche Weine zu entdecken.<\/p>\n<p>Das Syndicat d\u2019Initiative legt besonderen Wert auf Kundenservice, angefangen von der Bereitstellung von Informationen und Ratschl\u00e4gen bis hin zur Begr\u00fc\u00dfung der Besucher. Weitere Informationen finden Sie im Info Center &#8222;Centre visit Remich&#8220;, das sich im Erdgeschoss des wei\u00dfen, eleganten Geb\u00e4udes befindet, das vom renommierten luxemburgischen Architekten Fran\u00e7ois Valentiny geschaffen wurde.<\/p>\n<h3><b class=\"\">Geschichte und Hintergrund des Syndikats<\/b><\/h3>\n<p>Das Syndicat d\u2019Initiative et de Tourisme der Stadt Remich wurde 1965 gegr\u00fcndet und ist eine gemeinn\u00fctzige Organisation. Als solche sind wir auf Freiwillige angewiesen, die mit ihrer Zeit, ihren F\u00e4higkeiten und ihrer Unterst\u00fctzung zur Planung und Durchf\u00fchrung unserer Veranstaltungen beitragen. Wenn Sie Mitglied oder Freiwillige\/r werden m\u00f6chten, schreiben Sie uns einfach eine E-Mail an <a class=\"\" title=\"mailto:syndrem@pt.lu\" href=\"mailto:syndrem@pt.lu\" target=\"_new\" rel=\"noopener noreferrer\">syndrem@pt.lu<\/a>.<\/p>\n<p>Es sind keine besonderen Voraussetzungen erforderlich. Bringen Sie einfach Ihren Willen und Ihre gute Laune mit und schlie\u00dfen Sie sich unserem freundlichen und kompetenten Team an. Wir freuen uns ueber jede helfende Hand.<\/p>\n<div class=\"\"><\/div>\n","protected":false},"excerpt":{"rendered":"<p>Das Fremdenverkehrsamt der Stadt Remich ist f\u00fcr eine Vielzahl von Aktivit\u00e4ten verantwortlich, die im Laufe des Jahres stattfinden. Seine Hauptaufgabe liegt in der F\u00f6rderung von Remich und der Anziehung von Besuchern in die Stadt. Das Syndicat organisiert eine Vielzahl von Veranstaltungen, die mittlerweile feste Institutionen in Remich und in der Region geworden sind. Beispiele hierf\u00fcr&#8230;  <a class=\"excerpt-read-more\" href=\"https:\/\/visitremich.lu\/de\/la-ville\/syndicat-dinitiative\/\" title=\"LesenSyndicat d&#8217;Initiative\">Mehr lesen &raquo;<\/a><\/p>\n","protected":false},"author":1,"featured_media":6382,"parent":27,"menu_order":5,"comment_status":"closed","ping_status":"closed","template":"page-with-sidebar.php","meta":{"_acf_changed":false,"footnotes":""},"class_list":["post-94","page","type-page","status-publish","has-post-thumbnail","hentry"],"acf":[],"yoast_head":"<!-- This site is optimized with the Yoast SEO plugin v26.7 - https:\/\/yoast.com\/wordpress\/plugins\/seo\/ -->\n<title>Syndicat d&#039;Initiative - Visit Remich<\/title>\n<meta name=\"robots\" content=\"index, follow, max-snippet:-1, max-image-preview:large, max-video-preview:-1\" \/>\n<link rel=\"canonical\" href=\"https:\/\/visitremich.lu\/la-ville\/syndicat-dinitiative\/\" \/>\n<meta property=\"og:locale\" content=\"de_DE\" \/>\n<meta property=\"og:type\" content=\"article\" \/>\n<meta property=\"og:title\" content=\"Syndicat d&#039;Initiative - Visit Remich\" \/>\n<meta property=\"og:description\" content=\"Das Fremdenverkehrsamt der Stadt Remich ist f\u00fcr eine Vielzahl von Aktivit\u00e4ten verantwortlich, die im Laufe des Jahres stattfinden. Seine Hauptaufgabe liegt in der F\u00f6rderung von Remich und der Anziehung von Besuchern in die Stadt. Das Syndicat organisiert eine Vielzahl von Veranstaltungen, die mittlerweile feste Institutionen in Remich und in der Region geworden sind. Beispiele hierf\u00fcr... Mehr lesen &raquo;\" \/>\n<meta property=\"og:url\" content=\"https:\/\/visitremich.lu\/la-ville\/syndicat-dinitiative\/\" \/>\n<meta property=\"og:site_name\" content=\"Visit Remich\" \/>\n<meta property=\"article:modified_time\" content=\"2026-02-25T13:19:13+00:00\" \/>\n<meta property=\"og:image\" content=\"https:\/\/visitremich.lu\/wp-content\/uploads\/sites\/2\/2023\/12\/Drone-Remich-5-1024x576.png\" \/>\n\t<meta property=\"og:image:width\" content=\"1024\" \/>\n\t<meta property=\"og:image:height\" content=\"576\" \/>\n\t<meta property=\"og:image:type\" content=\"image\/png\" \/>\n<meta name=\"twitter:card\" content=\"summary_large_image\" \/>\n<meta name=\"twitter:label1\" content=\"Gesch\u00e4tzte Lesezeit\" \/>\n\t<meta name=\"twitter:data1\" content=\"3\u00a0Minuten\" \/>\n<script type=\"application\/ld+json\" class=\"yoast-schema-graph\">{\"@context\":\"https:\/\/schema.org\",\"@graph\":[{\"@type\":\"WebPage\",\"@id\":\"https:\/\/visitremich.lu\/la-ville\/syndicat-dinitiative\/\",\"url\":\"https:\/\/visitremich.lu\/la-ville\/syndicat-dinitiative\/\",\"name\":\"Syndicat d'Initiative - Visit Remich\",\"isPartOf\":{\"@id\":\"https:\/\/visitremich.lu\/de\/#website\"},\"primaryImageOfPage\":{\"@id\":\"https:\/\/visitremich.lu\/la-ville\/syndicat-dinitiative\/#primaryimage\"},\"image\":{\"@id\":\"https:\/\/visitremich.lu\/la-ville\/syndicat-dinitiative\/#primaryimage\"},\"thumbnailUrl\":\"https:\/\/visitremich.lu\/wp-content\/uploads\/sites\/2\/2023\/12\/Drone-Remich-5.png\",\"datePublished\":\"2016-03-31T14:05:47+00:00\",\"dateModified\":\"2026-02-25T13:19:13+00:00\",\"breadcrumb\":{\"@id\":\"https:\/\/visitremich.lu\/la-ville\/syndicat-dinitiative\/#breadcrumb\"},\"inLanguage\":\"de\",\"potentialAction\":[{\"@type\":\"ReadAction\",\"target\":[\"https:\/\/visitremich.lu\/la-ville\/syndicat-dinitiative\/\"]}]},{\"@type\":\"ImageObject\",\"inLanguage\":\"de\",\"@id\":\"https:\/\/visitremich.lu\/la-ville\/syndicat-dinitiative\/#primaryimage\",\"url\":\"https:\/\/visitremich.lu\/wp-content\/uploads\/sites\/2\/2023\/12\/Drone-Remich-5.png\",\"contentUrl\":\"https:\/\/visitremich.lu\/wp-content\/uploads\/sites\/2\/2023\/12\/Drone-Remich-5.png\",\"width\":2000,\"height\":1125},{\"@type\":\"BreadcrumbList\",\"@id\":\"https:\/\/visitremich.lu\/la-ville\/syndicat-dinitiative\/#breadcrumb\",\"itemListElement\":[{\"@type\":\"ListItem\",\"position\":1,\"name\":\"Home\",\"item\":\"https:\/\/visitremich.lu\/de\/\"},{\"@type\":\"ListItem\",\"position\":2,\"name\":\"D&#8217;Stad\",\"item\":\"https:\/\/visitremich.lu\/lb\/la-ville\/\"},{\"@type\":\"ListItem\",\"position\":3,\"name\":\"Syndicat d&#8217;Initiative\"}]},{\"@type\":\"WebSite\",\"@id\":\"https:\/\/visitremich.lu\/de\/#website\",\"url\":\"https:\/\/visitremich.lu\/de\/\",\"name\":\"Visit Remich\",\"description\":\"\",\"potentialAction\":[{\"@type\":\"SearchAction\",\"target\":{\"@type\":\"EntryPoint\",\"urlTemplate\":\"https:\/\/visitremich.lu\/de\/?s={search_term_string}\"},\"query-input\":{\"@type\":\"PropertyValueSpecification\",\"valueRequired\":true,\"valueName\":\"search_term_string\"}}],\"inLanguage\":\"de\"}]}<\/script>\n<!-- \/ Yoast SEO plugin. -->","yoast_head_json":{"title":"Syndicat d'Initiative - Visit Remich","robots":{"index":"index","follow":"follow","max-snippet":"max-snippet:-1","max-image-preview":"max-image-preview:large","max-video-preview":"max-video-preview:-1"},"canonical":"https:\/\/visitremich.lu\/la-ville\/syndicat-dinitiative\/","og_locale":"de_DE","og_type":"article","og_title":"Syndicat d'Initiative - Visit Remich","og_description":"Das Fremdenverkehrsamt der Stadt Remich ist f\u00fcr eine Vielzahl von Aktivit\u00e4ten verantwortlich, die im Laufe des Jahres stattfinden. Seine Hauptaufgabe liegt in der F\u00f6rderung von Remich und der Anziehung von Besuchern in die Stadt. Das Syndicat organisiert eine Vielzahl von Veranstaltungen, die mittlerweile feste Institutionen in Remich und in der Region geworden sind. Beispiele hierf\u00fcr... Mehr lesen &raquo;","og_url":"https:\/\/visitremich.lu\/la-ville\/syndicat-dinitiative\/","og_site_name":"Visit Remich","article_modified_time":"2026-02-25T13:19:13+00:00","og_image":[{"width":1024,"height":576,"url":"https:\/\/visitremich.lu\/wp-content\/uploads\/sites\/2\/2023\/12\/Drone-Remich-5-1024x576.png","type":"image\/png"}],"twitter_card":"summary_large_image","twitter_misc":{"Gesch\u00e4tzte Lesezeit":"3\u00a0Minuten"},"schema":{"@context":"https:\/\/schema.org","@graph":[{"@type":"WebPage","@id":"https:\/\/visitremich.lu\/la-ville\/syndicat-dinitiative\/","url":"https:\/\/visitremich.lu\/la-ville\/syndicat-dinitiative\/","name":"Syndicat d'Initiative - Visit Remich","isPartOf":{"@id":"https:\/\/visitremich.lu\/de\/#website"},"primaryImageOfPage":{"@id":"https:\/\/visitremich.lu\/la-ville\/syndicat-dinitiative\/#primaryimage"},"image":{"@id":"https:\/\/visitremich.lu\/la-ville\/syndicat-dinitiative\/#primaryimage"},"thumbnailUrl":"https:\/\/visitremich.lu\/wp-content\/uploads\/sites\/2\/2023\/12\/Drone-Remich-5.png","datePublished":"2016-03-31T14:05:47+00:00","dateModified":"2026-02-25T13:19:13+00:00","breadcrumb":{"@id":"https:\/\/visitremich.lu\/la-ville\/syndicat-dinitiative\/#breadcrumb"},"inLanguage":"de","potentialAction":[{"@type":"ReadAction","target":["https:\/\/visitremich.lu\/la-ville\/syndicat-dinitiative\/"]}]},{"@type":"ImageObject","inLanguage":"de","@id":"https:\/\/visitremich.lu\/la-ville\/syndicat-dinitiative\/#primaryimage","url":"https:\/\/visitremich.lu\/wp-content\/uploads\/sites\/2\/2023\/12\/Drone-Remich-5.png","contentUrl":"https:\/\/visitremich.lu\/wp-content\/uploads\/sites\/2\/2023\/12\/Drone-Remich-5.png","width":2000,"height":1125},{"@type":"BreadcrumbList","@id":"https:\/\/visitremich.lu\/la-ville\/syndicat-dinitiative\/#breadcrumb","itemListElement":[{"@type":"ListItem","position":1,"name":"Home","item":"https:\/\/visitremich.lu\/de\/"},{"@type":"ListItem","position":2,"name":"D&#8217;Stad","item":"https:\/\/visitremich.lu\/lb\/la-ville\/"},{"@type":"ListItem","position":3,"name":"Syndicat d&#8217;Initiative"}]},{"@type":"WebSite","@id":"https:\/\/visitremich.lu\/de\/#website","url":"https:\/\/visitremich.lu\/de\/","name":"Visit Remich","description":"","potentialAction":[{"@type":"SearchAction","target":{"@type":"EntryPoint","urlTemplate":"https:\/\/visitremich.lu\/de\/?s={search_term_string}"},"query-input":{"@type":"PropertyValueSpecification","valueRequired":true,"valueName":"search_term_string"}}],"inLanguage":"de"}]}},"_links":{"self":[{"href":"https:\/\/visitremich.lu\/de\/wp-json\/wp\/v2\/pages\/94","targetHints":{"allow":["GET"]}}],"collection":[{"href":"https:\/\/visitremich.lu\/de\/wp-json\/wp\/v2\/pages"}],"about":[{"href":"https:\/\/visitremich.lu\/de\/wp-json\/wp\/v2\/types\/page"}],"author":[{"embeddable":true,"href":"https:\/\/visitremich.lu\/de\/wp-json\/wp\/v2\/users\/1"}],"replies":[{"embeddable":true,"href":"https:\/\/visitremich.lu\/de\/wp-json\/wp\/v2\/comments?post=94"}],"version-history":[{"count":30,"href":"https:\/\/visitremich.lu\/de\/wp-json\/wp\/v2\/pages\/94\/revisions"}],"predecessor-version":[{"id":8494,"href":"https:\/\/visitremich.lu\/de\/wp-json\/wp\/v2\/pages\/94\/revisions\/8494"}],"up":[{"embeddable":true,"href":"https:\/\/visitremich.lu\/de\/wp-json\/wp\/v2\/pages\/27"}],"wp:featuredmedia":[{"embeddable":true,"href":"https:\/\/visitremich.lu\/de\/wp-json\/wp\/v2\/media\/6382"}],"wp:attachment":[{"href":"https:\/\/visitremich.lu\/de\/wp-json\/wp\/v2\/media?parent=94"}],"curies":[{"name":"wp","href":"https:\/\/api.w.org\/{rel}","templated":true}]}}