{"id":92,"date":"2016-03-31T14:05:20","date_gmt":"2016-03-31T14:05:20","guid":{"rendered":"http:\/\/visit.remich.lightbulb.lu\/?page_id=92"},"modified":"2024-09-10T14:22:42","modified_gmt":"2024-09-10T13:22:42","slug":"introductioun","status":"publish","type":"page","link":"https:\/\/visitremich.lu\/de\/la-ville\/introductioun\/","title":{"rendered":"Willkommen"},"content":{"rendered":"<p>Remich, in der Antike unter dem Namen Remacum bekannt, war fr\u00fcher ein bedeutender Ort f\u00fcr Fischer und Schiffer. Allerdings wurde die Stadt w\u00e4hrend der letzten Jahrhunderte immer wieder von Eroberern zerst\u00f6rt, so dass sie durch Verteidigungsanlagen befestigt wurde, deren \u00dcberreste noch heute zu besichtigen sind.<\/p>\n<p>Heute ist Remich eine kleine Touristenstadt, die sich auf der europ\u00e4ischen Verkehrsachse Saarbr\u00fccken-Luxemburg befindet. Ein romantisches Panorama von Weinbergen und W\u00e4ldern umgibt die Stadt wie ein Amphitheater mit der Mosel als B\u00fchnenraum. Die 3 Kilometer lange und von Kirschb\u00e4umen und Linden ges\u00e4umte Uferpromenade bietet dem Spazierg\u00e4nger Erholung. F\u00fcr Abwechselung sorgt die rege internationale Binnenschifffahrt sowie im Sommer auch zahlreiche Yachten, die das Bild beleben und Urlaubstimmung aufkommen lassen.<\/p>\n<p>Besondere Aufmerksamkeit erweckt der Bacchus-Brunnen, der vom bekannten luxemburgischen K\u00fcnstler Will Lofy entworfen wurde. B\u00e4nke laden gerade bei warmem Wetter zum Verweilen und Schauen ein.\u00a0\u00dcbrigens findet unter dem Namen Bacchusfest jedes Jahr am 15. August ein gro\u00dfer internationaler Flohmarkt mit attraktivem Rahmenprogramm auf der Promenade \u201eEsplanade\u201c statt.<\/p>\n<p>Es gibt aber auch bei einem Spaziergang abseits der Hauptpromenade einiges zu entdecken. Die \u00a0zahlreichen charmanten G\u00e4sschen und lauschigen Eckchen erz\u00e4hlen manch spannende Geschichte \u00fcber Remichs Bewohner und deren Leben.<\/p>\n<p>Durch die Pforte St Nicolas, die zu Ehren des Schutzpatrons der Fischer und Schiffer erbaut wurde, erreicht der Besucher die \u201erue St Cunibert\u201c, wo das Geburtshaus des gleichnamigen heiligen Kunibert\u00a0 steht, der im 7. Jahrhundert Bischof von K\u00f6ln war.\u00a0Die n\u00e4chste Station auf Ihrer Entdeckungsreise durch das Herz von Remich sind dann die Fu\u00dfg\u00e4ngerzone in der \u201erue Macher\u201c, kleinere Pl\u00e4tze, Font\u00e4nen und die abseitigen, schattigen G\u00e4sschen, die so eng sind, dass man sie nur im \u201eG\u00e4nsemarsch\u201c durchstreifen kann.\u00a0Vom Turm der Remicher Dekanatskirche, das als nationales Denkmal eingestuft ist, schweift der Blick \u00fcber die Stadt mit seinen Park- und Sportanlagen, dem Kinderspielplatz und der Kulturb\u00fchne hin\u00fcber ins Moseltal.<\/p>\n<p>Auf dem Fluss sind Touristenschiffe zu beobachten, die zu einer Ausflugsfahrt ins Dreil\u00e4ndereck einladen. Am Schiffsanleger und Busbahnhof \u00a0befinden sich auch das Informationsb\u00fcro f\u00fcr Touristen mit dem Fahrradverleih Rent-a-Bike Miselerland, einem Kinderspielplatz und eine der gr\u00f6\u00dften Minigolfanlagen in \u00a0der Gro\u00dfregion.\u00a0In der N\u00e4he befindet sich auch das moderne Freibad mit beheiztem Olympiaschwimmbecken und Kinderbereich.\u00a0Sportliche Besucher radeln eine variable Strecke auf dem Moselradweg oder sind auf dem anspruchsvollen Fitnessparcours im nahen Stadtwald unterwegs.<\/p>\n<p>W\u00e4hrend der Sommersaison finden regelm\u00e4\u00dfig Wiesen-und Grillfeste statt. Remich hat eine abwechselungsreiche Hotel-und Restaurantkultur mit sch\u00f6nen Terrassen und gepflegter Gastronomie.\u00a0Wegen seiner idealen Lage im Dreil\u00e4ndereck erreicht der Besucher im Umkreis von \u00a040 Kilometern andere kulturell interessante St\u00e4dte wie die Hauptstadt des Gro\u00dfherzogtums Luxemburg oder Trier, Saarburg und Sierck-les-Bains, wohin ein Ausflug sich ganz sicher lohnt.<\/p>\n<p>Der Standort Remich bietet also mit seiner zentralen Lage den perfekten Ausgangsort f\u00fcr Ihre Ausfl\u00fcge.\u00a0Neben dem Weinbauinstitut (Institut Viti-vinicole) laden die zahlreichen Winzerbetriebe und Kellereien zu einer Weinverkostung ihrer besten und vielfach preisgekr\u00f6nten Produkte ein. Die Kellerei Caves St Martin bietet die Besichtigung seiner in den Felsen gehauenen Lagerst\u00e4tten an.<\/p>\n<p>Nicht zuletzt wegen all dieser Glanzlichter tr\u00e4gt Remich zu Recht das Pr\u00e4dikat: Perle der Mosel.<\/p>\n","protected":false},"excerpt":{"rendered":"<p>Remich, in der Antike unter dem Namen Remacum bekannt, war fr\u00fcher ein bedeutender Ort f\u00fcr Fischer und Schiffer. Allerdings wurde die Stadt w\u00e4hrend der letzten Jahrhunderte immer wieder von Eroberern zerst\u00f6rt, so dass sie durch Verteidigungsanlagen befestigt wurde, deren \u00dcberreste noch heute zu besichtigen sind. Heute ist Remich eine kleine Touristenstadt, die sich auf der&#8230;  <a class=\"excerpt-read-more\" href=\"https:\/\/visitremich.lu\/de\/la-ville\/introductioun\/\" title=\"LesenWillkommen\">Mehr lesen &raquo;<\/a><\/p>\n","protected":false},"author":1,"featured_media":501,"parent":27,"menu_order":1,"comment_status":"closed","ping_status":"closed","template":"page-with-sidebar.php","meta":{"_acf_changed":false,"footnotes":""},"class_list":["post-92","page","type-page","status-publish","has-post-thumbnail","hentry"],"acf":[],"yoast_head":"<!-- This site is optimized with the Yoast SEO plugin v26.7 - https:\/\/yoast.com\/wordpress\/plugins\/seo\/ -->\n<title>Willkommen - Visit Remich<\/title>\n<meta name=\"robots\" content=\"index, follow, max-snippet:-1, max-image-preview:large, max-video-preview:-1\" \/>\n<link rel=\"canonical\" href=\"https:\/\/visitremich.lu\/lb\/la-ville\/introductioun\/\" \/>\n<meta property=\"og:locale\" content=\"de_DE\" \/>\n<meta property=\"og:type\" content=\"article\" \/>\n<meta property=\"og:title\" content=\"Willkommen - Visit Remich\" \/>\n<meta property=\"og:description\" content=\"Remich, in der Antike unter dem Namen Remacum bekannt, war fr\u00fcher ein bedeutender Ort f\u00fcr Fischer und Schiffer. Allerdings wurde die Stadt w\u00e4hrend der letzten Jahrhunderte immer wieder von Eroberern zerst\u00f6rt, so dass sie durch Verteidigungsanlagen befestigt wurde, deren \u00dcberreste noch heute zu besichtigen sind. Heute ist Remich eine kleine Touristenstadt, die sich auf der... Mehr lesen &raquo;\" \/>\n<meta property=\"og:url\" content=\"https:\/\/visitremich.lu\/lb\/la-ville\/introductioun\/\" \/>\n<meta property=\"og:site_name\" content=\"Visit Remich\" \/>\n<meta property=\"article:modified_time\" content=\"2024-09-10T13:22:42+00:00\" \/>\n<meta property=\"og:image\" content=\"https:\/\/visitremich.lu\/wp-content\/uploads\/sites\/2\/2016\/03\/309B4773.jpg\" \/>\n\t<meta property=\"og:image:width\" content=\"2000\" \/>\n\t<meta property=\"og:image:height\" content=\"1333\" \/>\n\t<meta property=\"og:image:type\" content=\"image\/jpeg\" \/>\n<meta name=\"twitter:card\" content=\"summary_large_image\" \/>\n<meta name=\"twitter:label1\" content=\"Gesch\u00e4tzte Lesezeit\" \/>\n\t<meta name=\"twitter:data1\" content=\"3\u00a0Minuten\" \/>\n<script type=\"application\/ld+json\" class=\"yoast-schema-graph\">{\"@context\":\"https:\/\/schema.org\",\"@graph\":[{\"@type\":\"WebPage\",\"@id\":\"https:\/\/visitremich.lu\/lb\/la-ville\/introductioun\/\",\"url\":\"https:\/\/visitremich.lu\/lb\/la-ville\/introductioun\/\",\"name\":\"Willkommen - Visit Remich\",\"isPartOf\":{\"@id\":\"https:\/\/visitremich.lu\/de\/#website\"},\"primaryImageOfPage\":{\"@id\":\"https:\/\/visitremich.lu\/lb\/la-ville\/introductioun\/#primaryimage\"},\"image\":{\"@id\":\"https:\/\/visitremich.lu\/lb\/la-ville\/introductioun\/#primaryimage\"},\"thumbnailUrl\":\"https:\/\/visitremich.lu\/wp-content\/uploads\/sites\/2\/2016\/03\/309B4773.jpg\",\"datePublished\":\"2016-03-31T14:05:20+00:00\",\"dateModified\":\"2024-09-10T13:22:42+00:00\",\"breadcrumb\":{\"@id\":\"https:\/\/visitremich.lu\/lb\/la-ville\/introductioun\/#breadcrumb\"},\"inLanguage\":\"de\",\"potentialAction\":[{\"@type\":\"ReadAction\",\"target\":[\"https:\/\/visitremich.lu\/lb\/la-ville\/introductioun\/\"]}]},{\"@type\":\"ImageObject\",\"inLanguage\":\"de\",\"@id\":\"https:\/\/visitremich.lu\/lb\/la-ville\/introductioun\/#primaryimage\",\"url\":\"https:\/\/visitremich.lu\/wp-content\/uploads\/sites\/2\/2016\/03\/309B4773.jpg\",\"contentUrl\":\"https:\/\/visitremich.lu\/wp-content\/uploads\/sites\/2\/2016\/03\/309B4773.jpg\",\"width\":2000,\"height\":1333},{\"@type\":\"BreadcrumbList\",\"@id\":\"https:\/\/visitremich.lu\/lb\/la-ville\/introductioun\/#breadcrumb\",\"itemListElement\":[{\"@type\":\"ListItem\",\"position\":1,\"name\":\"Home\",\"item\":\"https:\/\/visitremich.lu\/de\/\"},{\"@type\":\"ListItem\",\"position\":2,\"name\":\"D&#8217;Stad\",\"item\":\"https:\/\/visitremich.lu\/lb\/la-ville\/\"},{\"@type\":\"ListItem\",\"position\":3,\"name\":\"Moien\"}]},{\"@type\":\"WebSite\",\"@id\":\"https:\/\/visitremich.lu\/de\/#website\",\"url\":\"https:\/\/visitremich.lu\/de\/\",\"name\":\"Visit Remich\",\"description\":\"\",\"potentialAction\":[{\"@type\":\"SearchAction\",\"target\":{\"@type\":\"EntryPoint\",\"urlTemplate\":\"https:\/\/visitremich.lu\/de\/?s={search_term_string}\"},\"query-input\":{\"@type\":\"PropertyValueSpecification\",\"valueRequired\":true,\"valueName\":\"search_term_string\"}}],\"inLanguage\":\"de\"}]}<\/script>\n<!-- \/ Yoast SEO plugin. -->","yoast_head_json":{"title":"Willkommen - Visit Remich","robots":{"index":"index","follow":"follow","max-snippet":"max-snippet:-1","max-image-preview":"max-image-preview:large","max-video-preview":"max-video-preview:-1"},"canonical":"https:\/\/visitremich.lu\/lb\/la-ville\/introductioun\/","og_locale":"de_DE","og_type":"article","og_title":"Willkommen - Visit Remich","og_description":"Remich, in der Antike unter dem Namen Remacum bekannt, war fr\u00fcher ein bedeutender Ort f\u00fcr Fischer und Schiffer. Allerdings wurde die Stadt w\u00e4hrend der letzten Jahrhunderte immer wieder von Eroberern zerst\u00f6rt, so dass sie durch Verteidigungsanlagen befestigt wurde, deren \u00dcberreste noch heute zu besichtigen sind. Heute ist Remich eine kleine Touristenstadt, die sich auf der... Mehr lesen &raquo;","og_url":"https:\/\/visitremich.lu\/lb\/la-ville\/introductioun\/","og_site_name":"Visit Remich","article_modified_time":"2024-09-10T13:22:42+00:00","og_image":[{"width":2000,"height":1333,"url":"https:\/\/visitremich.lu\/wp-content\/uploads\/sites\/2\/2016\/03\/309B4773.jpg","type":"image\/jpeg"}],"twitter_card":"summary_large_image","twitter_misc":{"Gesch\u00e4tzte Lesezeit":"3\u00a0Minuten"},"schema":{"@context":"https:\/\/schema.org","@graph":[{"@type":"WebPage","@id":"https:\/\/visitremich.lu\/lb\/la-ville\/introductioun\/","url":"https:\/\/visitremich.lu\/lb\/la-ville\/introductioun\/","name":"Willkommen - Visit Remich","isPartOf":{"@id":"https:\/\/visitremich.lu\/de\/#website"},"primaryImageOfPage":{"@id":"https:\/\/visitremich.lu\/lb\/la-ville\/introductioun\/#primaryimage"},"image":{"@id":"https:\/\/visitremich.lu\/lb\/la-ville\/introductioun\/#primaryimage"},"thumbnailUrl":"https:\/\/visitremich.lu\/wp-content\/uploads\/sites\/2\/2016\/03\/309B4773.jpg","datePublished":"2016-03-31T14:05:20+00:00","dateModified":"2024-09-10T13:22:42+00:00","breadcrumb":{"@id":"https:\/\/visitremich.lu\/lb\/la-ville\/introductioun\/#breadcrumb"},"inLanguage":"de","potentialAction":[{"@type":"ReadAction","target":["https:\/\/visitremich.lu\/lb\/la-ville\/introductioun\/"]}]},{"@type":"ImageObject","inLanguage":"de","@id":"https:\/\/visitremich.lu\/lb\/la-ville\/introductioun\/#primaryimage","url":"https:\/\/visitremich.lu\/wp-content\/uploads\/sites\/2\/2016\/03\/309B4773.jpg","contentUrl":"https:\/\/visitremich.lu\/wp-content\/uploads\/sites\/2\/2016\/03\/309B4773.jpg","width":2000,"height":1333},{"@type":"BreadcrumbList","@id":"https:\/\/visitremich.lu\/lb\/la-ville\/introductioun\/#breadcrumb","itemListElement":[{"@type":"ListItem","position":1,"name":"Home","item":"https:\/\/visitremich.lu\/de\/"},{"@type":"ListItem","position":2,"name":"D&#8217;Stad","item":"https:\/\/visitremich.lu\/lb\/la-ville\/"},{"@type":"ListItem","position":3,"name":"Moien"}]},{"@type":"WebSite","@id":"https:\/\/visitremich.lu\/de\/#website","url":"https:\/\/visitremich.lu\/de\/","name":"Visit Remich","description":"","potentialAction":[{"@type":"SearchAction","target":{"@type":"EntryPoint","urlTemplate":"https:\/\/visitremich.lu\/de\/?s={search_term_string}"},"query-input":{"@type":"PropertyValueSpecification","valueRequired":true,"valueName":"search_term_string"}}],"inLanguage":"de"}]}},"_links":{"self":[{"href":"https:\/\/visitremich.lu\/de\/wp-json\/wp\/v2\/pages\/92","targetHints":{"allow":["GET"]}}],"collection":[{"href":"https:\/\/visitremich.lu\/de\/wp-json\/wp\/v2\/pages"}],"about":[{"href":"https:\/\/visitremich.lu\/de\/wp-json\/wp\/v2\/types\/page"}],"author":[{"embeddable":true,"href":"https:\/\/visitremich.lu\/de\/wp-json\/wp\/v2\/users\/1"}],"replies":[{"embeddable":true,"href":"https:\/\/visitremich.lu\/de\/wp-json\/wp\/v2\/comments?post=92"}],"version-history":[{"count":12,"href":"https:\/\/visitremich.lu\/de\/wp-json\/wp\/v2\/pages\/92\/revisions"}],"predecessor-version":[{"id":3577,"href":"https:\/\/visitremich.lu\/de\/wp-json\/wp\/v2\/pages\/92\/revisions\/3577"}],"up":[{"embeddable":true,"href":"https:\/\/visitremich.lu\/de\/wp-json\/wp\/v2\/pages\/27"}],"wp:featuredmedia":[{"embeddable":true,"href":"https:\/\/visitremich.lu\/de\/wp-json\/wp\/v2\/media\/501"}],"wp:attachment":[{"href":"https:\/\/visitremich.lu\/de\/wp-json\/wp\/v2\/media?parent=92"}],"curies":[{"name":"wp","href":"https:\/\/api.w.org\/{rel}","templated":true}]}}