{"id":75,"date":"2016-03-31T11:31:33","date_gmt":"2016-03-31T11:31:33","guid":{"rendered":"http:\/\/visit.remich.lightbulb.lu\/?page_id=75"},"modified":"2017-12-01T11:04:46","modified_gmt":"2017-12-01T10:04:46","slug":"sun-days","status":"publish","type":"page","link":"https:\/\/visitremich.lu\/de\/que-faire\/sun-days\/","title":{"rendered":"Summer Days"},"content":{"rendered":"<p><em>Der Sommer ist aktiv in Remich, Perle der Mosel, und die geplanten Events und Freizeitaktivit\u00e4ten an den Wochenenden in unserem malerischen Moselst\u00e4dtchen zeugen daf\u00fcr.<\/em><\/p>\n<p><em>Dazu geh\u00f6ren Highlights wie das Sportevent \u201eIronman Moselle\u201c in Juni, sowie der \u201eSemi-Marathonlauf \u2013 Route du Vin\u201c entlang der Mosel im September. Umrahmt werden diese absoluten H\u00f6hepunkte durch die Aktionen der Horeca- und <\/em><em>Winzerbetriebe, der Gesch\u00e4ftsleute, die regelm\u00e4\u00dfig stattfindenden\u00a0 \u00a0Kinderanimationen und Konzerte auf dem Dr F. Kons-Platz sowie die zahlreichen von den lokalen Vereinen organisierten Volksfeste am \u201eGr\u00e9in\u201c direkt am Moselufer.<\/em><\/p>\n","protected":false},"excerpt":{"rendered":"<p>Der Sommer ist aktiv in Remich, Perle der Mosel, und die geplanten Events und Freizeitaktivit\u00e4ten an den Wochenenden in unserem malerischen Moselst\u00e4dtchen zeugen daf\u00fcr. Dazu geh\u00f6ren Highlights wie das Sportevent \u201eIronman Moselle\u201c in Juni, sowie der \u201eSemi-Marathonlauf \u2013 Route du Vin\u201c entlang der Mosel im September. Umrahmt werden diese absoluten H\u00f6hepunkte durch die Aktionen der&#8230;  <a class=\"excerpt-read-more\" href=\"https:\/\/visitremich.lu\/de\/que-faire\/sun-days\/\" title=\"LesenSummer Days\">Mehr lesen &raquo;<\/a><\/p>\n","protected":false},"author":1,"featured_media":426,"parent":32,"menu_order":6,"comment_status":"closed","ping_status":"closed","template":"page-activities-list.php","meta":{"_acf_changed":false,"footnotes":""},"class_list":["post-75","page","type-page","status-publish","has-post-thumbnail","hentry"],"acf":[],"yoast_head":"<!-- This site is optimized with the Yoast SEO plugin v26.7 - https:\/\/yoast.com\/wordpress\/plugins\/seo\/ -->\n<title>Summer Days - Visit Remich<\/title>\n<meta name=\"robots\" content=\"index, follow, max-snippet:-1, max-image-preview:large, max-video-preview:-1\" \/>\n<link rel=\"canonical\" href=\"https:\/\/visitremich.lu\/lb\/que-faire\/sun-days\/\" \/>\n<meta property=\"og:locale\" content=\"de_DE\" \/>\n<meta property=\"og:type\" content=\"article\" \/>\n<meta property=\"og:title\" content=\"Summer Days - Visit Remich\" \/>\n<meta property=\"og:description\" content=\"Der Sommer ist aktiv in Remich, Perle der Mosel, und die geplanten Events und Freizeitaktivit\u00e4ten an den Wochenenden in unserem malerischen Moselst\u00e4dtchen zeugen daf\u00fcr. Dazu geh\u00f6ren Highlights wie das Sportevent \u201eIronman Moselle\u201c in Juni, sowie der \u201eSemi-Marathonlauf \u2013 Route du Vin\u201c entlang der Mosel im September. Umrahmt werden diese absoluten H\u00f6hepunkte durch die Aktionen der... Mehr lesen &raquo;\" \/>\n<meta property=\"og:url\" content=\"https:\/\/visitremich.lu\/lb\/que-faire\/sun-days\/\" \/>\n<meta property=\"og:site_name\" content=\"Visit Remich\" \/>\n<meta property=\"article:modified_time\" content=\"2017-12-01T10:04:46+00:00\" \/>\n<meta property=\"og:image\" content=\"https:\/\/visitremich.lu\/wp-content\/uploads\/sites\/2\/2016\/03\/Routeduvin2014__02-1.jpg\" \/>\n\t<meta property=\"og:image:width\" content=\"2000\" \/>\n\t<meta property=\"og:image:height\" content=\"359\" \/>\n\t<meta property=\"og:image:type\" content=\"image\/jpeg\" \/>\n<meta name=\"twitter:card\" content=\"summary_large_image\" \/>\n<script type=\"application\/ld+json\" class=\"yoast-schema-graph\">{\"@context\":\"https:\/\/schema.org\",\"@graph\":[{\"@type\":\"WebPage\",\"@id\":\"https:\/\/visitremich.lu\/lb\/que-faire\/sun-days\/\",\"url\":\"https:\/\/visitremich.lu\/lb\/que-faire\/sun-days\/\",\"name\":\"Summer Days - Visit Remich\",\"isPartOf\":{\"@id\":\"https:\/\/visitremich.lu\/de\/#website\"},\"primaryImageOfPage\":{\"@id\":\"https:\/\/visitremich.lu\/lb\/que-faire\/sun-days\/#primaryimage\"},\"image\":{\"@id\":\"https:\/\/visitremich.lu\/lb\/que-faire\/sun-days\/#primaryimage\"},\"thumbnailUrl\":\"https:\/\/visitremich.lu\/wp-content\/uploads\/sites\/2\/2016\/03\/Routeduvin2014__02-1.jpg\",\"datePublished\":\"2016-03-31T11:31:33+00:00\",\"dateModified\":\"2017-12-01T10:04:46+00:00\",\"breadcrumb\":{\"@id\":\"https:\/\/visitremich.lu\/lb\/que-faire\/sun-days\/#breadcrumb\"},\"inLanguage\":\"de\",\"potentialAction\":[{\"@type\":\"ReadAction\",\"target\":[\"https:\/\/visitremich.lu\/lb\/que-faire\/sun-days\/\"]}]},{\"@type\":\"ImageObject\",\"inLanguage\":\"de\",\"@id\":\"https:\/\/visitremich.lu\/lb\/que-faire\/sun-days\/#primaryimage\",\"url\":\"https:\/\/visitremich.lu\/wp-content\/uploads\/sites\/2\/2016\/03\/Routeduvin2014__02-1.jpg\",\"contentUrl\":\"https:\/\/visitremich.lu\/wp-content\/uploads\/sites\/2\/2016\/03\/Routeduvin2014__02-1.jpg\",\"width\":2000,\"height\":359},{\"@type\":\"BreadcrumbList\",\"@id\":\"https:\/\/visitremich.lu\/lb\/que-faire\/sun-days\/#breadcrumb\",\"itemListElement\":[{\"@type\":\"ListItem\",\"position\":1,\"name\":\"Home\",\"item\":\"https:\/\/visitremich.lu\/de\/\"},{\"@type\":\"ListItem\",\"position\":2,\"name\":\"Erleben\",\"item\":\"https:\/\/visitremich.lu\/de\/que-faire\/\"},{\"@type\":\"ListItem\",\"position\":3,\"name\":\"Summer Days\"}]},{\"@type\":\"WebSite\",\"@id\":\"https:\/\/visitremich.lu\/de\/#website\",\"url\":\"https:\/\/visitremich.lu\/de\/\",\"name\":\"Visit Remich\",\"description\":\"\",\"potentialAction\":[{\"@type\":\"SearchAction\",\"target\":{\"@type\":\"EntryPoint\",\"urlTemplate\":\"https:\/\/visitremich.lu\/de\/?s={search_term_string}\"},\"query-input\":{\"@type\":\"PropertyValueSpecification\",\"valueRequired\":true,\"valueName\":\"search_term_string\"}}],\"inLanguage\":\"de\"}]}<\/script>\n<!-- \/ Yoast SEO plugin. -->","yoast_head_json":{"title":"Summer Days - Visit Remich","robots":{"index":"index","follow":"follow","max-snippet":"max-snippet:-1","max-image-preview":"max-image-preview:large","max-video-preview":"max-video-preview:-1"},"canonical":"https:\/\/visitremich.lu\/lb\/que-faire\/sun-days\/","og_locale":"de_DE","og_type":"article","og_title":"Summer Days - Visit Remich","og_description":"Der Sommer ist aktiv in Remich, Perle der Mosel, und die geplanten Events und Freizeitaktivit\u00e4ten an den Wochenenden in unserem malerischen Moselst\u00e4dtchen zeugen daf\u00fcr. Dazu geh\u00f6ren Highlights wie das Sportevent \u201eIronman Moselle\u201c in Juni, sowie der \u201eSemi-Marathonlauf \u2013 Route du Vin\u201c entlang der Mosel im September. Umrahmt werden diese absoluten H\u00f6hepunkte durch die Aktionen der... Mehr lesen &raquo;","og_url":"https:\/\/visitremich.lu\/lb\/que-faire\/sun-days\/","og_site_name":"Visit Remich","article_modified_time":"2017-12-01T10:04:46+00:00","og_image":[{"width":2000,"height":359,"url":"https:\/\/visitremich.lu\/wp-content\/uploads\/sites\/2\/2016\/03\/Routeduvin2014__02-1.jpg","type":"image\/jpeg"}],"twitter_card":"summary_large_image","schema":{"@context":"https:\/\/schema.org","@graph":[{"@type":"WebPage","@id":"https:\/\/visitremich.lu\/lb\/que-faire\/sun-days\/","url":"https:\/\/visitremich.lu\/lb\/que-faire\/sun-days\/","name":"Summer Days - Visit Remich","isPartOf":{"@id":"https:\/\/visitremich.lu\/de\/#website"},"primaryImageOfPage":{"@id":"https:\/\/visitremich.lu\/lb\/que-faire\/sun-days\/#primaryimage"},"image":{"@id":"https:\/\/visitremich.lu\/lb\/que-faire\/sun-days\/#primaryimage"},"thumbnailUrl":"https:\/\/visitremich.lu\/wp-content\/uploads\/sites\/2\/2016\/03\/Routeduvin2014__02-1.jpg","datePublished":"2016-03-31T11:31:33+00:00","dateModified":"2017-12-01T10:04:46+00:00","breadcrumb":{"@id":"https:\/\/visitremich.lu\/lb\/que-faire\/sun-days\/#breadcrumb"},"inLanguage":"de","potentialAction":[{"@type":"ReadAction","target":["https:\/\/visitremich.lu\/lb\/que-faire\/sun-days\/"]}]},{"@type":"ImageObject","inLanguage":"de","@id":"https:\/\/visitremich.lu\/lb\/que-faire\/sun-days\/#primaryimage","url":"https:\/\/visitremich.lu\/wp-content\/uploads\/sites\/2\/2016\/03\/Routeduvin2014__02-1.jpg","contentUrl":"https:\/\/visitremich.lu\/wp-content\/uploads\/sites\/2\/2016\/03\/Routeduvin2014__02-1.jpg","width":2000,"height":359},{"@type":"BreadcrumbList","@id":"https:\/\/visitremich.lu\/lb\/que-faire\/sun-days\/#breadcrumb","itemListElement":[{"@type":"ListItem","position":1,"name":"Home","item":"https:\/\/visitremich.lu\/de\/"},{"@type":"ListItem","position":2,"name":"Erleben","item":"https:\/\/visitremich.lu\/de\/que-faire\/"},{"@type":"ListItem","position":3,"name":"Summer Days"}]},{"@type":"WebSite","@id":"https:\/\/visitremich.lu\/de\/#website","url":"https:\/\/visitremich.lu\/de\/","name":"Visit Remich","description":"","potentialAction":[{"@type":"SearchAction","target":{"@type":"EntryPoint","urlTemplate":"https:\/\/visitremich.lu\/de\/?s={search_term_string}"},"query-input":{"@type":"PropertyValueSpecification","valueRequired":true,"valueName":"search_term_string"}}],"inLanguage":"de"}]}},"_links":{"self":[{"href":"https:\/\/visitremich.lu\/de\/wp-json\/wp\/v2\/pages\/75","targetHints":{"allow":["GET"]}}],"collection":[{"href":"https:\/\/visitremich.lu\/de\/wp-json\/wp\/v2\/pages"}],"about":[{"href":"https:\/\/visitremich.lu\/de\/wp-json\/wp\/v2\/types\/page"}],"author":[{"embeddable":true,"href":"https:\/\/visitremich.lu\/de\/wp-json\/wp\/v2\/users\/1"}],"replies":[{"embeddable":true,"href":"https:\/\/visitremich.lu\/de\/wp-json\/wp\/v2\/comments?post=75"}],"version-history":[{"count":7,"href":"https:\/\/visitremich.lu\/de\/wp-json\/wp\/v2\/pages\/75\/revisions"}],"predecessor-version":[{"id":2681,"href":"https:\/\/visitremich.lu\/de\/wp-json\/wp\/v2\/pages\/75\/revisions\/2681"}],"up":[{"embeddable":true,"href":"https:\/\/visitremich.lu\/de\/wp-json\/wp\/v2\/pages\/32"}],"wp:featuredmedia":[{"embeddable":true,"href":"https:\/\/visitremich.lu\/de\/wp-json\/wp\/v2\/media\/426"}],"wp:attachment":[{"href":"https:\/\/visitremich.lu\/de\/wp-json\/wp\/v2\/media?parent=75"}],"curies":[{"name":"wp","href":"https:\/\/api.w.org\/{rel}","templated":true}]}}