{"id":429,"date":"2016-04-20T11:22:44","date_gmt":"2016-04-20T11:22:44","guid":{"rendered":"http:\/\/visit.remich.lightbulb.lu\/?page_id=429"},"modified":"2019-09-26T12:35:12","modified_gmt":"2019-09-26T11:35:12","slug":"office-regional-du-tourisme","status":"publish","type":"page","link":"https:\/\/visitremich.lu\/de\/la-ville\/office-regional-du-tourisme\/","title":{"rendered":"Office R\u00e9gional du Tourisme"},"content":{"rendered":"<p><span class=\"text-blue\"><strong><span style=\"font-size: x-large\">\u201eSimply unplugged\u201c in der Region Luxemburger Mosel<\/span><\/strong><\/span><\/p>\n<p>Das Miselerland l\u00e4dt dazu ein, sich fallen zu lassen. Die Mosel verl\u00e4uft als romantische Grenze zwischen dem Gro\u00dfherzogtum Luxemburg und Deutschland. Rechts und links des Flusses liegen die Weinberge, in denen die Trauben f\u00fcr den herrlichen Moselwein reifen. Erleben Sie diese Region in aller Ruhe per Schiff, mit dem Rad oder zu Fu\u00df. Das bezaubernde Hinterland \u2013 nur wenige Kilometer vom Fluss entfernt \u2013 warten ebenfalls mit herrlichen Landschaften darauf, zu Fu\u00df, per Fahrrad oder vielleicht sogar per Traktor entdeckt zu werden. Wandern Sie durch Streuobstwiesen, bummeln Sie durch\u00a0 beschauliche D\u00f6rfer und atmen Sie in den offenen Fels- und Wiesenlandschaften richtig durch.<\/p>\n<p>Weitere Informationen \u00fcber die Region finden Sie unter <a href=\"http:\/\/www.visitmoselle.lu\">www.visitmoselle.lu<\/a><\/p>\n<p>Photo credit: S. Luca<\/p>\n","protected":false},"excerpt":{"rendered":"<p>\u201eSimply unplugged\u201c in der Region Luxemburger Mosel Das Miselerland l\u00e4dt dazu ein, sich fallen zu lassen. Die Mosel verl\u00e4uft als romantische Grenze zwischen dem Gro\u00dfherzogtum Luxemburg und Deutschland. Rechts und links des Flusses liegen die Weinberge, in denen die Trauben f\u00fcr den herrlichen Moselwein reifen. Erleben Sie diese Region in aller Ruhe per Schiff, mit&#8230;  <a class=\"excerpt-read-more\" href=\"https:\/\/visitremich.lu\/de\/la-ville\/office-regional-du-tourisme\/\" title=\"LesenOffice R\u00e9gional du Tourisme\">Mehr lesen &raquo;<\/a><\/p>\n","protected":false},"author":2,"featured_media":650,"parent":27,"menu_order":6,"comment_status":"closed","ping_status":"closed","template":"page-with-sidebar.php","meta":{"_acf_changed":false,"footnotes":""},"class_list":["post-429","page","type-page","status-publish","has-post-thumbnail","hentry"],"acf":[],"yoast_head":"<!-- This site is optimized with the Yoast SEO plugin v26.7 - https:\/\/yoast.com\/wordpress\/plugins\/seo\/ -->\n<title>Office R\u00e9gional du Tourisme - Visit Remich<\/title>\n<meta name=\"robots\" content=\"index, follow, max-snippet:-1, max-image-preview:large, max-video-preview:-1\" \/>\n<link rel=\"canonical\" href=\"https:\/\/visitremich.lu\/lb\/la-ville\/office-regional-du-tourisme\/\" \/>\n<meta property=\"og:locale\" content=\"de_DE\" \/>\n<meta property=\"og:type\" content=\"article\" \/>\n<meta property=\"og:title\" content=\"Office R\u00e9gional du Tourisme - Visit Remich\" \/>\n<meta property=\"og:description\" content=\"\u201eSimply unplugged\u201c in der Region Luxemburger Mosel Das Miselerland l\u00e4dt dazu ein, sich fallen zu lassen. Die Mosel verl\u00e4uft als romantische Grenze zwischen dem Gro\u00dfherzogtum Luxemburg und Deutschland. Rechts und links des Flusses liegen die Weinberge, in denen die Trauben f\u00fcr den herrlichen Moselwein reifen. Erleben Sie diese Region in aller Ruhe per Schiff, mit... Mehr lesen &raquo;\" \/>\n<meta property=\"og:url\" content=\"https:\/\/visitremich.lu\/lb\/la-ville\/office-regional-du-tourisme\/\" \/>\n<meta property=\"og:site_name\" content=\"Visit Remich\" \/>\n<meta property=\"article:modified_time\" content=\"2019-09-26T11:35:12+00:00\" \/>\n<meta property=\"og:image\" content=\"https:\/\/visitremich.lu\/wp-content\/uploads\/sites\/2\/2016\/05\/Vue-de-la-r\u00e9gion-Moselle-en-Montgolfi\u00e8re-\u00a9-S.-LUCA.jpg\" \/>\n\t<meta property=\"og:image:width\" content=\"2000\" \/>\n\t<meta property=\"og:image:height\" content=\"1325\" \/>\n\t<meta property=\"og:image:type\" content=\"image\/jpeg\" \/>\n<meta name=\"twitter:card\" content=\"summary_large_image\" \/>\n<meta name=\"twitter:label1\" content=\"Gesch\u00e4tzte Lesezeit\" \/>\n\t<meta name=\"twitter:data1\" content=\"1\u00a0Minute\" \/>\n<script type=\"application\/ld+json\" class=\"yoast-schema-graph\">{\"@context\":\"https:\/\/schema.org\",\"@graph\":[{\"@type\":\"WebPage\",\"@id\":\"https:\/\/visitremich.lu\/lb\/la-ville\/office-regional-du-tourisme\/\",\"url\":\"https:\/\/visitremich.lu\/lb\/la-ville\/office-regional-du-tourisme\/\",\"name\":\"Office R\u00e9gional du Tourisme - Visit Remich\",\"isPartOf\":{\"@id\":\"https:\/\/visitremich.lu\/de\/#website\"},\"primaryImageOfPage\":{\"@id\":\"https:\/\/visitremich.lu\/lb\/la-ville\/office-regional-du-tourisme\/#primaryimage\"},\"image\":{\"@id\":\"https:\/\/visitremich.lu\/lb\/la-ville\/office-regional-du-tourisme\/#primaryimage\"},\"thumbnailUrl\":\"https:\/\/visitremich.lu\/wp-content\/uploads\/sites\/2\/2016\/05\/Vue-de-la-r\u00e9gion-Moselle-en-Montgolfi\u00e8re-\u00a9-S.-LUCA.jpg\",\"datePublished\":\"2016-04-20T11:22:44+00:00\",\"dateModified\":\"2019-09-26T11:35:12+00:00\",\"breadcrumb\":{\"@id\":\"https:\/\/visitremich.lu\/lb\/la-ville\/office-regional-du-tourisme\/#breadcrumb\"},\"inLanguage\":\"de\",\"potentialAction\":[{\"@type\":\"ReadAction\",\"target\":[\"https:\/\/visitremich.lu\/lb\/la-ville\/office-regional-du-tourisme\/\"]}]},{\"@type\":\"ImageObject\",\"inLanguage\":\"de\",\"@id\":\"https:\/\/visitremich.lu\/lb\/la-ville\/office-regional-du-tourisme\/#primaryimage\",\"url\":\"https:\/\/visitremich.lu\/wp-content\/uploads\/sites\/2\/2016\/05\/Vue-de-la-r\u00e9gion-Moselle-en-Montgolfi\u00e8re-\u00a9-S.-LUCA.jpg\",\"contentUrl\":\"https:\/\/visitremich.lu\/wp-content\/uploads\/sites\/2\/2016\/05\/Vue-de-la-r\u00e9gion-Moselle-en-Montgolfi\u00e8re-\u00a9-S.-LUCA.jpg\",\"width\":2000,\"height\":1325},{\"@type\":\"BreadcrumbList\",\"@id\":\"https:\/\/visitremich.lu\/lb\/la-ville\/office-regional-du-tourisme\/#breadcrumb\",\"itemListElement\":[{\"@type\":\"ListItem\",\"position\":1,\"name\":\"Home\",\"item\":\"https:\/\/visitremich.lu\/de\/\"},{\"@type\":\"ListItem\",\"position\":2,\"name\":\"D&#8217;Stad\",\"item\":\"https:\/\/visitremich.lu\/lb\/la-ville\/\"},{\"@type\":\"ListItem\",\"position\":3,\"name\":\"Office R\u00e9gional du Tourisme\"}]},{\"@type\":\"WebSite\",\"@id\":\"https:\/\/visitremich.lu\/de\/#website\",\"url\":\"https:\/\/visitremich.lu\/de\/\",\"name\":\"Visit Remich\",\"description\":\"\",\"potentialAction\":[{\"@type\":\"SearchAction\",\"target\":{\"@type\":\"EntryPoint\",\"urlTemplate\":\"https:\/\/visitremich.lu\/de\/?s={search_term_string}\"},\"query-input\":{\"@type\":\"PropertyValueSpecification\",\"valueRequired\":true,\"valueName\":\"search_term_string\"}}],\"inLanguage\":\"de\"}]}<\/script>\n<!-- \/ Yoast SEO plugin. -->","yoast_head_json":{"title":"Office R\u00e9gional du Tourisme - Visit Remich","robots":{"index":"index","follow":"follow","max-snippet":"max-snippet:-1","max-image-preview":"max-image-preview:large","max-video-preview":"max-video-preview:-1"},"canonical":"https:\/\/visitremich.lu\/lb\/la-ville\/office-regional-du-tourisme\/","og_locale":"de_DE","og_type":"article","og_title":"Office R\u00e9gional du Tourisme - Visit Remich","og_description":"\u201eSimply unplugged\u201c in der Region Luxemburger Mosel Das Miselerland l\u00e4dt dazu ein, sich fallen zu lassen. Die Mosel verl\u00e4uft als romantische Grenze zwischen dem Gro\u00dfherzogtum Luxemburg und Deutschland. Rechts und links des Flusses liegen die Weinberge, in denen die Trauben f\u00fcr den herrlichen Moselwein reifen. Erleben Sie diese Region in aller Ruhe per Schiff, mit... Mehr lesen &raquo;","og_url":"https:\/\/visitremich.lu\/lb\/la-ville\/office-regional-du-tourisme\/","og_site_name":"Visit Remich","article_modified_time":"2019-09-26T11:35:12+00:00","og_image":[{"width":2000,"height":1325,"url":"https:\/\/visitremich.lu\/wp-content\/uploads\/sites\/2\/2016\/05\/Vue-de-la-r\u00e9gion-Moselle-en-Montgolfi\u00e8re-\u00a9-S.-LUCA.jpg","type":"image\/jpeg"}],"twitter_card":"summary_large_image","twitter_misc":{"Gesch\u00e4tzte Lesezeit":"1\u00a0Minute"},"schema":{"@context":"https:\/\/schema.org","@graph":[{"@type":"WebPage","@id":"https:\/\/visitremich.lu\/lb\/la-ville\/office-regional-du-tourisme\/","url":"https:\/\/visitremich.lu\/lb\/la-ville\/office-regional-du-tourisme\/","name":"Office R\u00e9gional du Tourisme - Visit Remich","isPartOf":{"@id":"https:\/\/visitremich.lu\/de\/#website"},"primaryImageOfPage":{"@id":"https:\/\/visitremich.lu\/lb\/la-ville\/office-regional-du-tourisme\/#primaryimage"},"image":{"@id":"https:\/\/visitremich.lu\/lb\/la-ville\/office-regional-du-tourisme\/#primaryimage"},"thumbnailUrl":"https:\/\/visitremich.lu\/wp-content\/uploads\/sites\/2\/2016\/05\/Vue-de-la-r\u00e9gion-Moselle-en-Montgolfi\u00e8re-\u00a9-S.-LUCA.jpg","datePublished":"2016-04-20T11:22:44+00:00","dateModified":"2019-09-26T11:35:12+00:00","breadcrumb":{"@id":"https:\/\/visitremich.lu\/lb\/la-ville\/office-regional-du-tourisme\/#breadcrumb"},"inLanguage":"de","potentialAction":[{"@type":"ReadAction","target":["https:\/\/visitremich.lu\/lb\/la-ville\/office-regional-du-tourisme\/"]}]},{"@type":"ImageObject","inLanguage":"de","@id":"https:\/\/visitremich.lu\/lb\/la-ville\/office-regional-du-tourisme\/#primaryimage","url":"https:\/\/visitremich.lu\/wp-content\/uploads\/sites\/2\/2016\/05\/Vue-de-la-r\u00e9gion-Moselle-en-Montgolfi\u00e8re-\u00a9-S.-LUCA.jpg","contentUrl":"https:\/\/visitremich.lu\/wp-content\/uploads\/sites\/2\/2016\/05\/Vue-de-la-r\u00e9gion-Moselle-en-Montgolfi\u00e8re-\u00a9-S.-LUCA.jpg","width":2000,"height":1325},{"@type":"BreadcrumbList","@id":"https:\/\/visitremich.lu\/lb\/la-ville\/office-regional-du-tourisme\/#breadcrumb","itemListElement":[{"@type":"ListItem","position":1,"name":"Home","item":"https:\/\/visitremich.lu\/de\/"},{"@type":"ListItem","position":2,"name":"D&#8217;Stad","item":"https:\/\/visitremich.lu\/lb\/la-ville\/"},{"@type":"ListItem","position":3,"name":"Office R\u00e9gional du Tourisme"}]},{"@type":"WebSite","@id":"https:\/\/visitremich.lu\/de\/#website","url":"https:\/\/visitremich.lu\/de\/","name":"Visit Remich","description":"","potentialAction":[{"@type":"SearchAction","target":{"@type":"EntryPoint","urlTemplate":"https:\/\/visitremich.lu\/de\/?s={search_term_string}"},"query-input":{"@type":"PropertyValueSpecification","valueRequired":true,"valueName":"search_term_string"}}],"inLanguage":"de"}]}},"_links":{"self":[{"href":"https:\/\/visitremich.lu\/de\/wp-json\/wp\/v2\/pages\/429","targetHints":{"allow":["GET"]}}],"collection":[{"href":"https:\/\/visitremich.lu\/de\/wp-json\/wp\/v2\/pages"}],"about":[{"href":"https:\/\/visitremich.lu\/de\/wp-json\/wp\/v2\/types\/page"}],"author":[{"embeddable":true,"href":"https:\/\/visitremich.lu\/de\/wp-json\/wp\/v2\/users\/2"}],"replies":[{"embeddable":true,"href":"https:\/\/visitremich.lu\/de\/wp-json\/wp\/v2\/comments?post=429"}],"version-history":[{"count":10,"href":"https:\/\/visitremich.lu\/de\/wp-json\/wp\/v2\/pages\/429\/revisions"}],"predecessor-version":[{"id":1301,"href":"https:\/\/visitremich.lu\/de\/wp-json\/wp\/v2\/pages\/429\/revisions\/1301"}],"up":[{"embeddable":true,"href":"https:\/\/visitremich.lu\/de\/wp-json\/wp\/v2\/pages\/27"}],"wp:featuredmedia":[{"embeddable":true,"href":"https:\/\/visitremich.lu\/de\/wp-json\/wp\/v2\/media\/650"}],"wp:attachment":[{"href":"https:\/\/visitremich.lu\/de\/wp-json\/wp\/v2\/media?parent=429"}],"curies":[{"name":"wp","href":"https:\/\/api.w.org\/{rel}","templated":true}]}}