{"id":411,"date":"2016-04-15T09:26:21","date_gmt":"2016-04-15T09:26:21","guid":{"rendered":"http:\/\/visit.remich.lightbulb.lu\/?page_id=411"},"modified":"2026-03-24T08:30:33","modified_gmt":"2026-03-24T07:30:33","slug":"piscine","status":"publish","type":"page","link":"https:\/\/visitremich.lu\/de\/que-faire\/loisirs-et-sports\/piscine\/","title":{"rendered":"Freibad"},"content":{"rendered":"<p class=\"qtranxs-available-languages-message qtranxs-available-languages-message-de\">Leider ist der Eintrag nur auf <a href=\"https:\/\/visitremich.lu\/lb\/wp-json\/wp\/v2\/pages\/411\" class=\"qtranxs-available-language-link qtranxs-available-language-link-lb\" title=\"LB\">LB<\/a> und <a href=\"https:\/\/visitremich.lu\/fr\/wp-json\/wp\/v2\/pages\/411\" class=\"qtranxs-available-language-link qtranxs-available-language-link-fr\" title=\"FR\">FR<\/a> verf\u00fcgbar. Der Inhalt wird in der Standard-Sprache dieser Website angezeigt. Sie k\u00f6nnen einen Link anklicken, um zu einer anderen verf\u00fcgbaren Sprache zu wechseln.<\/p>\n<img loading=\"lazy\" decoding=\"async\" class=\"alignnone wp-image-8090 \" src=\"https:\/\/visitremich.lu\/wp-content\/uploads\/sites\/2\/2025\/07\/Panneau_dresscode_2025-1024x761.png\" alt=\"\" width=\"813\" height=\"604\" srcset=\"https:\/\/visitremich.lu\/wp-content\/uploads\/sites\/2\/2025\/07\/Panneau_dresscode_2025-1024x761.png 1024w, https:\/\/visitremich.lu\/wp-content\/uploads\/sites\/2\/2025\/07\/Panneau_dresscode_2025-300x223.png 300w, https:\/\/visitremich.lu\/wp-content\/uploads\/sites\/2\/2025\/07\/Panneau_dresscode_2025.png 1162w\" sizes=\"auto, (max-width: 813px) 100vw, 813px\" \/>\n<p>Test<\/p>\n","protected":false},"excerpt":{"rendered":"<p>Leider ist der Eintrag nur auf LB und FR verf\u00fcgbar. Der Inhalt wird in der Standard-Sprache dieser Website angezeigt. Sie k\u00f6nnen einen Link anklicken, um zu einer anderen verf\u00fcgbaren Sprache zu wechseln. Test<\/p>\n","protected":false},"author":2,"featured_media":7420,"parent":64,"menu_order":8,"comment_status":"closed","ping_status":"closed","template":"page-activity.php","meta":{"_acf_changed":false,"footnotes":""},"class_list":["post-411","page","type-page","status-publish","has-post-thumbnail","hentry"],"acf":[],"yoast_head":"<!-- This site is optimized with the Yoast SEO plugin v26.7 - https:\/\/yoast.com\/wordpress\/plugins\/seo\/ -->\n<title>Freibad - Visit Remich<\/title>\n<meta name=\"robots\" content=\"index, follow, max-snippet:-1, max-image-preview:large, max-video-preview:-1\" \/>\n<link rel=\"canonical\" href=\"https:\/\/visitremich.lu\/que-faire\/loisirs-et-sports\/piscine\/\" \/>\n<meta property=\"og:locale\" content=\"de_DE\" \/>\n<meta property=\"og:type\" content=\"article\" \/>\n<meta property=\"og:title\" content=\"Freibad - Visit Remich\" \/>\n<meta property=\"og:description\" content=\"Leider ist der Eintrag nur auf LB und FR verf\u00fcgbar. Der Inhalt wird in der Standard-Sprache dieser Website angezeigt. Sie k\u00f6nnen einen Link anklicken, um zu einer anderen verf\u00fcgbaren Sprache zu wechseln. Test\" \/>\n<meta property=\"og:url\" content=\"https:\/\/visitremich.lu\/que-faire\/loisirs-et-sports\/piscine\/\" \/>\n<meta property=\"og:site_name\" content=\"Visit Remich\" \/>\n<meta property=\"article:modified_time\" content=\"2026-03-24T07:30:33+00:00\" \/>\n<meta property=\"og:image\" content=\"https:\/\/visitremich.lu\/wp-content\/uploads\/sites\/2\/2025\/03\/Foto-11.05.22-09-20-59.jpg\" \/>\n\t<meta property=\"og:image:width\" content=\"2000\" \/>\n\t<meta property=\"og:image:height\" content=\"1500\" \/>\n\t<meta property=\"og:image:type\" content=\"image\/jpeg\" \/>\n<meta name=\"twitter:card\" content=\"summary_large_image\" \/>\n<meta name=\"twitter:label1\" content=\"Gesch\u00e4tzte Lesezeit\" \/>\n\t<meta name=\"twitter:data1\" content=\"1\u00a0Minute\" \/>\n<script type=\"application\/ld+json\" class=\"yoast-schema-graph\">{\"@context\":\"https:\/\/schema.org\",\"@graph\":[{\"@type\":\"WebPage\",\"@id\":\"https:\/\/visitremich.lu\/que-faire\/loisirs-et-sports\/piscine\/\",\"url\":\"https:\/\/visitremich.lu\/que-faire\/loisirs-et-sports\/piscine\/\",\"name\":\"Freibad - Visit Remich\",\"isPartOf\":{\"@id\":\"https:\/\/visitremich.lu\/de\/#website\"},\"primaryImageOfPage\":{\"@id\":\"https:\/\/visitremich.lu\/que-faire\/loisirs-et-sports\/piscine\/#primaryimage\"},\"image\":{\"@id\":\"https:\/\/visitremich.lu\/que-faire\/loisirs-et-sports\/piscine\/#primaryimage\"},\"thumbnailUrl\":\"https:\/\/visitremich.lu\/wp-content\/uploads\/sites\/2\/2025\/03\/Foto-11.05.22-09-20-59.jpg\",\"datePublished\":\"2016-04-15T09:26:21+00:00\",\"dateModified\":\"2026-03-24T07:30:33+00:00\",\"breadcrumb\":{\"@id\":\"https:\/\/visitremich.lu\/que-faire\/loisirs-et-sports\/piscine\/#breadcrumb\"},\"inLanguage\":\"de\",\"potentialAction\":[{\"@type\":\"ReadAction\",\"target\":[\"https:\/\/visitremich.lu\/que-faire\/loisirs-et-sports\/piscine\/\"]}]},{\"@type\":\"ImageObject\",\"inLanguage\":\"de\",\"@id\":\"https:\/\/visitremich.lu\/que-faire\/loisirs-et-sports\/piscine\/#primaryimage\",\"url\":\"https:\/\/visitremich.lu\/wp-content\/uploads\/sites\/2\/2025\/03\/Foto-11.05.22-09-20-59.jpg\",\"contentUrl\":\"https:\/\/visitremich.lu\/wp-content\/uploads\/sites\/2\/2025\/03\/Foto-11.05.22-09-20-59.jpg\",\"width\":2000,\"height\":1500},{\"@type\":\"BreadcrumbList\",\"@id\":\"https:\/\/visitremich.lu\/que-faire\/loisirs-et-sports\/piscine\/#breadcrumb\",\"itemListElement\":[{\"@type\":\"ListItem\",\"position\":1,\"name\":\"Home\",\"item\":\"https:\/\/visitremich.lu\/de\/\"},{\"@type\":\"ListItem\",\"position\":2,\"name\":\"Erleben\",\"item\":\"https:\/\/visitremich.lu\/de\/que-faire\/\"},{\"@type\":\"ListItem\",\"position\":3,\"name\":\"Sports et loisirs\",\"item\":\"https:\/\/visitremich.lu\/fr\/que-faire\/loisirs-et-sports\/\"},{\"@type\":\"ListItem\",\"position\":4,\"name\":\"Schw\u00e4mm\"}]},{\"@type\":\"WebSite\",\"@id\":\"https:\/\/visitremich.lu\/de\/#website\",\"url\":\"https:\/\/visitremich.lu\/de\/\",\"name\":\"Visit Remich\",\"description\":\"\",\"potentialAction\":[{\"@type\":\"SearchAction\",\"target\":{\"@type\":\"EntryPoint\",\"urlTemplate\":\"https:\/\/visitremich.lu\/de\/?s={search_term_string}\"},\"query-input\":{\"@type\":\"PropertyValueSpecification\",\"valueRequired\":true,\"valueName\":\"search_term_string\"}}],\"inLanguage\":\"de\"}]}<\/script>\n<!-- \/ Yoast SEO plugin. -->","yoast_head_json":{"title":"Freibad - Visit Remich","robots":{"index":"index","follow":"follow","max-snippet":"max-snippet:-1","max-image-preview":"max-image-preview:large","max-video-preview":"max-video-preview:-1"},"canonical":"https:\/\/visitremich.lu\/que-faire\/loisirs-et-sports\/piscine\/","og_locale":"de_DE","og_type":"article","og_title":"Freibad - Visit Remich","og_description":"Leider ist der Eintrag nur auf LB und FR verf\u00fcgbar. Der Inhalt wird in der Standard-Sprache dieser Website angezeigt. Sie k\u00f6nnen einen Link anklicken, um zu einer anderen verf\u00fcgbaren Sprache zu wechseln. Test","og_url":"https:\/\/visitremich.lu\/que-faire\/loisirs-et-sports\/piscine\/","og_site_name":"Visit Remich","article_modified_time":"2026-03-24T07:30:33+00:00","og_image":[{"width":2000,"height":1500,"url":"https:\/\/visitremich.lu\/wp-content\/uploads\/sites\/2\/2025\/03\/Foto-11.05.22-09-20-59.jpg","type":"image\/jpeg"}],"twitter_card":"summary_large_image","twitter_misc":{"Gesch\u00e4tzte Lesezeit":"1\u00a0Minute"},"schema":{"@context":"https:\/\/schema.org","@graph":[{"@type":"WebPage","@id":"https:\/\/visitremich.lu\/que-faire\/loisirs-et-sports\/piscine\/","url":"https:\/\/visitremich.lu\/que-faire\/loisirs-et-sports\/piscine\/","name":"Freibad - Visit Remich","isPartOf":{"@id":"https:\/\/visitremich.lu\/de\/#website"},"primaryImageOfPage":{"@id":"https:\/\/visitremich.lu\/que-faire\/loisirs-et-sports\/piscine\/#primaryimage"},"image":{"@id":"https:\/\/visitremich.lu\/que-faire\/loisirs-et-sports\/piscine\/#primaryimage"},"thumbnailUrl":"https:\/\/visitremich.lu\/wp-content\/uploads\/sites\/2\/2025\/03\/Foto-11.05.22-09-20-59.jpg","datePublished":"2016-04-15T09:26:21+00:00","dateModified":"2026-03-24T07:30:33+00:00","breadcrumb":{"@id":"https:\/\/visitremich.lu\/que-faire\/loisirs-et-sports\/piscine\/#breadcrumb"},"inLanguage":"de","potentialAction":[{"@type":"ReadAction","target":["https:\/\/visitremich.lu\/que-faire\/loisirs-et-sports\/piscine\/"]}]},{"@type":"ImageObject","inLanguage":"de","@id":"https:\/\/visitremich.lu\/que-faire\/loisirs-et-sports\/piscine\/#primaryimage","url":"https:\/\/visitremich.lu\/wp-content\/uploads\/sites\/2\/2025\/03\/Foto-11.05.22-09-20-59.jpg","contentUrl":"https:\/\/visitremich.lu\/wp-content\/uploads\/sites\/2\/2025\/03\/Foto-11.05.22-09-20-59.jpg","width":2000,"height":1500},{"@type":"BreadcrumbList","@id":"https:\/\/visitremich.lu\/que-faire\/loisirs-et-sports\/piscine\/#breadcrumb","itemListElement":[{"@type":"ListItem","position":1,"name":"Home","item":"https:\/\/visitremich.lu\/de\/"},{"@type":"ListItem","position":2,"name":"Erleben","item":"https:\/\/visitremich.lu\/de\/que-faire\/"},{"@type":"ListItem","position":3,"name":"Sports et loisirs","item":"https:\/\/visitremich.lu\/fr\/que-faire\/loisirs-et-sports\/"},{"@type":"ListItem","position":4,"name":"Schw\u00e4mm"}]},{"@type":"WebSite","@id":"https:\/\/visitremich.lu\/de\/#website","url":"https:\/\/visitremich.lu\/de\/","name":"Visit Remich","description":"","potentialAction":[{"@type":"SearchAction","target":{"@type":"EntryPoint","urlTemplate":"https:\/\/visitremich.lu\/de\/?s={search_term_string}"},"query-input":{"@type":"PropertyValueSpecification","valueRequired":true,"valueName":"search_term_string"}}],"inLanguage":"de"}]}},"_links":{"self":[{"href":"https:\/\/visitremich.lu\/de\/wp-json\/wp\/v2\/pages\/411","targetHints":{"allow":["GET"]}}],"collection":[{"href":"https:\/\/visitremich.lu\/de\/wp-json\/wp\/v2\/pages"}],"about":[{"href":"https:\/\/visitremich.lu\/de\/wp-json\/wp\/v2\/types\/page"}],"author":[{"embeddable":true,"href":"https:\/\/visitremich.lu\/de\/wp-json\/wp\/v2\/users\/2"}],"replies":[{"embeddable":true,"href":"https:\/\/visitremich.lu\/de\/wp-json\/wp\/v2\/comments?post=411"}],"version-history":[{"count":12,"href":"https:\/\/visitremich.lu\/de\/wp-json\/wp\/v2\/pages\/411\/revisions"}],"predecessor-version":[{"id":8285,"href":"https:\/\/visitremich.lu\/de\/wp-json\/wp\/v2\/pages\/411\/revisions\/8285"}],"up":[{"embeddable":true,"href":"https:\/\/visitremich.lu\/de\/wp-json\/wp\/v2\/pages\/64"}],"wp:featuredmedia":[{"embeddable":true,"href":"https:\/\/visitremich.lu\/de\/wp-json\/wp\/v2\/media\/7420"}],"wp:attachment":[{"href":"https:\/\/visitremich.lu\/de\/wp-json\/wp\/v2\/media?parent=411"}],"curies":[{"name":"wp","href":"https:\/\/api.w.org\/{rel}","templated":true}]}}