{"id":27,"date":"2016-03-30T12:37:03","date_gmt":"2016-03-30T12:37:03","guid":{"rendered":"http:\/\/visit.remich.lightbulb.lu\/?page_id=27"},"modified":"2016-05-03T13:17:44","modified_gmt":"2016-05-03T13:17:44","slug":"la-ville","status":"publish","type":"page","link":"https:\/\/visitremich.lu\/de\/la-ville\/","title":{"rendered":"Die Stadt"},"content":{"rendered":"<p class=\"qtranxs-available-languages-message qtranxs-available-languages-message-de\">Leider ist der Eintrag nur auf <a href=\"https:\/\/visitremich.lu\/lb\/wp-json\/wp\/v2\/pages\/27\" class=\"qtranxs-available-language-link qtranxs-available-language-link-lb\" title=\"LB\">LB<\/a> und <a href=\"https:\/\/visitremich.lu\/fr\/wp-json\/wp\/v2\/pages\/27\" class=\"qtranxs-available-language-link qtranxs-available-language-link-fr\" title=\"FR\">FR<\/a> verf\u00fcgbar. Der Inhalt wird in der Standard-Sprache dieser Website angezeigt. Sie k\u00f6nnen einen Link anklicken, um zu einer anderen verf\u00fcgbaren Sprache zu wechseln.<\/p>\n<p>&nbsp;<\/p>\n<p>&nbsp;<\/p>\n<p>&nbsp;<\/p>\n","protected":false},"excerpt":{"rendered":"<p>Leider ist der Eintrag nur auf LB und FR verf\u00fcgbar. Der Inhalt wird in der Standard-Sprache dieser Website angezeigt. Sie k\u00f6nnen einen Link anklicken, um zu einer anderen verf\u00fcgbaren Sprache zu wechseln. &nbsp; &nbsp; &nbsp;<\/p>\n","protected":false},"author":1,"featured_media":147,"parent":0,"menu_order":2,"comment_status":"closed","ping_status":"closed","template":"page-full-width.php","meta":{"_acf_changed":false,"footnotes":""},"class_list":["post-27","page","type-page","status-publish","has-post-thumbnail","hentry"],"acf":[],"yoast_head":"<!-- This site is optimized with the Yoast SEO plugin v26.7 - https:\/\/yoast.com\/wordpress\/plugins\/seo\/ -->\n<title>Die Stadt - Visit Remich<\/title>\n<meta name=\"robots\" content=\"index, follow, max-snippet:-1, max-image-preview:large, max-video-preview:-1\" \/>\n<link rel=\"canonical\" href=\"https:\/\/visitremich.lu\/lb\/la-ville\/\" \/>\n<meta property=\"og:locale\" content=\"de_DE\" \/>\n<meta property=\"og:type\" content=\"article\" \/>\n<meta property=\"og:title\" content=\"Die Stadt - Visit Remich\" \/>\n<meta property=\"og:description\" content=\"Leider ist der Eintrag nur auf LB und FR verf\u00fcgbar. Der Inhalt wird in der Standard-Sprache dieser Website angezeigt. Sie k\u00f6nnen einen Link anklicken, um zu einer anderen verf\u00fcgbaren Sprache zu wechseln. &nbsp; &nbsp; &nbsp;\" \/>\n<meta property=\"og:url\" content=\"https:\/\/visitremich.lu\/lb\/la-ville\/\" \/>\n<meta property=\"og:site_name\" content=\"Visit Remich\" \/>\n<meta property=\"article:modified_time\" content=\"2016-05-03T13:17:44+00:00\" \/>\n<meta property=\"og:image\" content=\"https:\/\/visitremich.lu\/wp-content\/uploads\/sites\/2\/2016\/03\/309B4537.jpg\" \/>\n\t<meta property=\"og:image:width\" content=\"2000\" \/>\n\t<meta property=\"og:image:height\" content=\"1333\" \/>\n\t<meta property=\"og:image:type\" content=\"image\/jpeg\" \/>\n<meta name=\"twitter:card\" content=\"summary_large_image\" \/>\n<script type=\"application\/ld+json\" class=\"yoast-schema-graph\">{\"@context\":\"https:\/\/schema.org\",\"@graph\":[{\"@type\":\"WebPage\",\"@id\":\"https:\/\/visitremich.lu\/lb\/la-ville\/\",\"url\":\"https:\/\/visitremich.lu\/lb\/la-ville\/\",\"name\":\"Die Stadt - Visit Remich\",\"isPartOf\":{\"@id\":\"https:\/\/visitremich.lu\/de\/#website\"},\"primaryImageOfPage\":{\"@id\":\"https:\/\/visitremich.lu\/lb\/la-ville\/#primaryimage\"},\"image\":{\"@id\":\"https:\/\/visitremich.lu\/lb\/la-ville\/#primaryimage\"},\"thumbnailUrl\":\"https:\/\/visitremich.lu\/wp-content\/uploads\/sites\/2\/2016\/03\/309B4537.jpg\",\"datePublished\":\"2016-03-30T12:37:03+00:00\",\"dateModified\":\"2016-05-03T13:17:44+00:00\",\"breadcrumb\":{\"@id\":\"https:\/\/visitremich.lu\/lb\/la-ville\/#breadcrumb\"},\"inLanguage\":\"de\",\"potentialAction\":[{\"@type\":\"ReadAction\",\"target\":[\"https:\/\/visitremich.lu\/lb\/la-ville\/\"]}]},{\"@type\":\"ImageObject\",\"inLanguage\":\"de\",\"@id\":\"https:\/\/visitremich.lu\/lb\/la-ville\/#primaryimage\",\"url\":\"https:\/\/visitremich.lu\/wp-content\/uploads\/sites\/2\/2016\/03\/309B4537.jpg\",\"contentUrl\":\"https:\/\/visitremich.lu\/wp-content\/uploads\/sites\/2\/2016\/03\/309B4537.jpg\",\"width\":2000,\"height\":1333},{\"@type\":\"BreadcrumbList\",\"@id\":\"https:\/\/visitremich.lu\/lb\/la-ville\/#breadcrumb\",\"itemListElement\":[{\"@type\":\"ListItem\",\"position\":1,\"name\":\"Home\",\"item\":\"https:\/\/visitremich.lu\/de\/\"},{\"@type\":\"ListItem\",\"position\":2,\"name\":\"D&#8217;Stad\"}]},{\"@type\":\"WebSite\",\"@id\":\"https:\/\/visitremich.lu\/de\/#website\",\"url\":\"https:\/\/visitremich.lu\/de\/\",\"name\":\"Visit Remich\",\"description\":\"\",\"potentialAction\":[{\"@type\":\"SearchAction\",\"target\":{\"@type\":\"EntryPoint\",\"urlTemplate\":\"https:\/\/visitremich.lu\/de\/?s={search_term_string}\"},\"query-input\":{\"@type\":\"PropertyValueSpecification\",\"valueRequired\":true,\"valueName\":\"search_term_string\"}}],\"inLanguage\":\"de\"}]}<\/script>\n<!-- \/ Yoast SEO plugin. -->","yoast_head_json":{"title":"Die Stadt - Visit Remich","robots":{"index":"index","follow":"follow","max-snippet":"max-snippet:-1","max-image-preview":"max-image-preview:large","max-video-preview":"max-video-preview:-1"},"canonical":"https:\/\/visitremich.lu\/lb\/la-ville\/","og_locale":"de_DE","og_type":"article","og_title":"Die Stadt - Visit Remich","og_description":"Leider ist der Eintrag nur auf LB und FR verf\u00fcgbar. Der Inhalt wird in der Standard-Sprache dieser Website angezeigt. Sie k\u00f6nnen einen Link anklicken, um zu einer anderen verf\u00fcgbaren Sprache zu wechseln. &nbsp; &nbsp; &nbsp;","og_url":"https:\/\/visitremich.lu\/lb\/la-ville\/","og_site_name":"Visit Remich","article_modified_time":"2016-05-03T13:17:44+00:00","og_image":[{"width":2000,"height":1333,"url":"https:\/\/visitremich.lu\/wp-content\/uploads\/sites\/2\/2016\/03\/309B4537.jpg","type":"image\/jpeg"}],"twitter_card":"summary_large_image","schema":{"@context":"https:\/\/schema.org","@graph":[{"@type":"WebPage","@id":"https:\/\/visitremich.lu\/lb\/la-ville\/","url":"https:\/\/visitremich.lu\/lb\/la-ville\/","name":"Die Stadt - Visit Remich","isPartOf":{"@id":"https:\/\/visitremich.lu\/de\/#website"},"primaryImageOfPage":{"@id":"https:\/\/visitremich.lu\/lb\/la-ville\/#primaryimage"},"image":{"@id":"https:\/\/visitremich.lu\/lb\/la-ville\/#primaryimage"},"thumbnailUrl":"https:\/\/visitremich.lu\/wp-content\/uploads\/sites\/2\/2016\/03\/309B4537.jpg","datePublished":"2016-03-30T12:37:03+00:00","dateModified":"2016-05-03T13:17:44+00:00","breadcrumb":{"@id":"https:\/\/visitremich.lu\/lb\/la-ville\/#breadcrumb"},"inLanguage":"de","potentialAction":[{"@type":"ReadAction","target":["https:\/\/visitremich.lu\/lb\/la-ville\/"]}]},{"@type":"ImageObject","inLanguage":"de","@id":"https:\/\/visitremich.lu\/lb\/la-ville\/#primaryimage","url":"https:\/\/visitremich.lu\/wp-content\/uploads\/sites\/2\/2016\/03\/309B4537.jpg","contentUrl":"https:\/\/visitremich.lu\/wp-content\/uploads\/sites\/2\/2016\/03\/309B4537.jpg","width":2000,"height":1333},{"@type":"BreadcrumbList","@id":"https:\/\/visitremich.lu\/lb\/la-ville\/#breadcrumb","itemListElement":[{"@type":"ListItem","position":1,"name":"Home","item":"https:\/\/visitremich.lu\/de\/"},{"@type":"ListItem","position":2,"name":"D&#8217;Stad"}]},{"@type":"WebSite","@id":"https:\/\/visitremich.lu\/de\/#website","url":"https:\/\/visitremich.lu\/de\/","name":"Visit Remich","description":"","potentialAction":[{"@type":"SearchAction","target":{"@type":"EntryPoint","urlTemplate":"https:\/\/visitremich.lu\/de\/?s={search_term_string}"},"query-input":{"@type":"PropertyValueSpecification","valueRequired":true,"valueName":"search_term_string"}}],"inLanguage":"de"}]}},"_links":{"self":[{"href":"https:\/\/visitremich.lu\/de\/wp-json\/wp\/v2\/pages\/27","targetHints":{"allow":["GET"]}}],"collection":[{"href":"https:\/\/visitremich.lu\/de\/wp-json\/wp\/v2\/pages"}],"about":[{"href":"https:\/\/visitremich.lu\/de\/wp-json\/wp\/v2\/types\/page"}],"author":[{"embeddable":true,"href":"https:\/\/visitremich.lu\/de\/wp-json\/wp\/v2\/users\/1"}],"replies":[{"embeddable":true,"href":"https:\/\/visitremich.lu\/de\/wp-json\/wp\/v2\/comments?post=27"}],"version-history":[{"count":10,"href":"https:\/\/visitremich.lu\/de\/wp-json\/wp\/v2\/pages\/27\/revisions"}],"predecessor-version":[{"id":653,"href":"https:\/\/visitremich.lu\/de\/wp-json\/wp\/v2\/pages\/27\/revisions\/653"}],"wp:featuredmedia":[{"embeddable":true,"href":"https:\/\/visitremich.lu\/de\/wp-json\/wp\/v2\/media\/147"}],"wp:attachment":[{"href":"https:\/\/visitremich.lu\/de\/wp-json\/wp\/v2\/media?parent=27"}],"curies":[{"name":"wp","href":"https:\/\/api.w.org\/{rel}","templated":true}]}}