{"id":2,"date":"2016-03-10T09:14:31","date_gmt":"2016-03-10T09:14:31","guid":{"rendered":"http:\/\/visit.remich.lightbulb.lu\/?page_id=2"},"modified":"2025-01-21T08:49:17","modified_gmt":"2025-01-21T07:49:17","slug":"sample-page","status":"publish","type":"page","link":"https:\/\/visitremich.lu\/de\/","title":{"rendered":"Remich, Perle der Mosel"},"content":{"rendered":"<div id=\"video-embed-149\" class=\"lightbulb-video-embed-container\"><iframe loading=\"lazy\" title=\"visit Remich \u2013 Begebt euch auf eine Entdeckungstour mit Lis\" src=\"https:\/\/www.youtube.com\/embed\/RpOb2nStQ6M?feature=oembed\" width=\"500\" height=\"281\" frameborder=\"0\" allowfullscreen=\"allowfullscreen\"><\/iframe><\/div>\n<p>Remich, die Perle der Mosel, ist eine kleine touristische Ortschaft im Dreil\u00e4ndereck zwischen Deutschland, Frankreich und Luxemburg. Ein herrliches Panorama aus Weinbergen und dichten W\u00e4ldern umgibt die Stadt wie ein Amphitheater.<\/p>\n<p>Entlang der Mosel f\u00fchrt ein 3 km langer Spazierweg unter Linden- und Kirschb\u00e4umen, der zum Flanieren einl\u00e4dt. Gem\u00fctliche Terrassen, Weinproben der besten luxemburgischen Weine, eine Schiffrundfahrt auf der Mosel\u2026 Remich bietet zahlreiche Aktivit\u00e4ten f\u00fcr Klein und Gro\u00df.<\/p>\n","protected":false},"excerpt":{"rendered":"<p>Remich, die Perle der Mosel, ist eine kleine touristische Ortschaft im Dreil\u00e4ndereck zwischen Deutschland, Frankreich und Luxemburg. Ein herrliches Panorama aus Weinbergen und dichten W\u00e4ldern umgibt die Stadt wie ein Amphitheater. Entlang der Mosel f\u00fchrt ein 3 km langer Spazierweg unter Linden- und Kirschb\u00e4umen, der zum Flanieren einl\u00e4dt. Gem\u00fctliche Terrassen, Weinproben der besten luxemburgischen Weine,&#8230;  <a class=\"excerpt-read-more\" href=\"https:\/\/visitremich.lu\/de\/\" title=\"LesenRemich, Perle der Mosel\">Mehr lesen &raquo;<\/a><\/p>\n","protected":false},"author":1,"featured_media":118,"parent":0,"menu_order":1,"comment_status":"closed","ping_status":"open","template":"page-home.php","meta":{"_acf_changed":false,"footnotes":""},"class_list":["post-2","page","type-page","status-publish","has-post-thumbnail","hentry"],"acf":[],"yoast_head":"<!-- This site is optimized with the Yoast SEO plugin v26.7 - https:\/\/yoast.com\/wordpress\/plugins\/seo\/ -->\n<title>Remich, Perle der Mosel - Visit Remich<\/title>\n<meta name=\"robots\" content=\"index, follow, max-snippet:-1, max-image-preview:large, max-video-preview:-1\" \/>\n<link rel=\"canonical\" href=\"https:\/\/visitremich.lu\/de\/\" \/>\n<meta property=\"og:locale\" content=\"de_DE\" \/>\n<meta property=\"og:type\" content=\"article\" \/>\n<meta property=\"og:title\" content=\"Remich, Perle der Mosel - Visit Remich\" \/>\n<meta property=\"og:description\" content=\"Remich, die Perle der Mosel, ist eine kleine touristische Ortschaft im Dreil\u00e4ndereck zwischen Deutschland, Frankreich und Luxemburg. Ein herrliches Panorama aus Weinbergen und dichten W\u00e4ldern umgibt die Stadt wie ein Amphitheater. Entlang der Mosel f\u00fchrt ein 3 km langer Spazierweg unter Linden- und Kirschb\u00e4umen, der zum Flanieren einl\u00e4dt. Gem\u00fctliche Terrassen, Weinproben der besten luxemburgischen Weine,... Mehr lesen &raquo;\" \/>\n<meta property=\"og:url\" content=\"https:\/\/visitremich.lu\/de\/\" \/>\n<meta property=\"og:site_name\" content=\"Visit Remich\" \/>\n<meta property=\"article:modified_time\" content=\"2025-01-21T07:49:17+00:00\" \/>\n<meta property=\"og:image\" content=\"https:\/\/visitremich.lu\/wp-content\/uploads\/sites\/2\/2016\/03\/featured-home.jpg\" \/>\n\t<meta property=\"og:image:width\" content=\"1800\" \/>\n\t<meta property=\"og:image:height\" content=\"662\" \/>\n\t<meta property=\"og:image:type\" content=\"image\/jpeg\" \/>\n<meta name=\"twitter:card\" content=\"summary_large_image\" \/>\n<script type=\"application\/ld+json\" class=\"yoast-schema-graph\">{\"@context\":\"https:\/\/schema.org\",\"@graph\":[{\"@type\":\"WebPage\",\"@id\":\"https:\/\/visitremich.lu\/de\/\",\"url\":\"https:\/\/visitremich.lu\/de\/\",\"name\":\"Remich, Perle der Mosel - Visit Remich\",\"isPartOf\":{\"@id\":\"https:\/\/visitremich.lu\/de\/#website\"},\"primaryImageOfPage\":{\"@id\":\"https:\/\/visitremich.lu\/de\/#primaryimage\"},\"image\":{\"@id\":\"https:\/\/visitremich.lu\/de\/#primaryimage\"},\"thumbnailUrl\":\"https:\/\/visitremich.lu\/wp-content\/uploads\/sites\/2\/2016\/03\/featured-home.jpg\",\"datePublished\":\"2016-03-10T09:14:31+00:00\",\"dateModified\":\"2025-01-21T07:49:17+00:00\",\"breadcrumb\":{\"@id\":\"https:\/\/visitremich.lu\/de\/#breadcrumb\"},\"inLanguage\":\"de\",\"potentialAction\":[{\"@type\":\"ReadAction\",\"target\":[\"https:\/\/visitremich.lu\/de\/\"]}]},{\"@type\":\"ImageObject\",\"inLanguage\":\"de\",\"@id\":\"https:\/\/visitremich.lu\/de\/#primaryimage\",\"url\":\"https:\/\/visitremich.lu\/wp-content\/uploads\/sites\/2\/2016\/03\/featured-home.jpg\",\"contentUrl\":\"https:\/\/visitremich.lu\/wp-content\/uploads\/sites\/2\/2016\/03\/featured-home.jpg\",\"width\":1800,\"height\":662},{\"@type\":\"BreadcrumbList\",\"@id\":\"https:\/\/visitremich.lu\/de\/#breadcrumb\",\"itemListElement\":[{\"@type\":\"ListItem\",\"position\":1,\"name\":\"Home\",\"item\":\"https:\/\/visitremich.lu\/de\/\"},{\"@type\":\"ListItem\",\"position\":2,\"name\":\"Remich, Perle der Mosel\"}]},{\"@type\":\"WebSite\",\"@id\":\"https:\/\/visitremich.lu\/de\/#website\",\"url\":\"https:\/\/visitremich.lu\/de\/\",\"name\":\"Visit Remich\",\"description\":\"\",\"potentialAction\":[{\"@type\":\"SearchAction\",\"target\":{\"@type\":\"EntryPoint\",\"urlTemplate\":\"https:\/\/visitremich.lu\/de\/?s={search_term_string}\"},\"query-input\":{\"@type\":\"PropertyValueSpecification\",\"valueRequired\":true,\"valueName\":\"search_term_string\"}}],\"inLanguage\":\"de\"}]}<\/script>\n<!-- \/ Yoast SEO plugin. -->","yoast_head_json":{"title":"Remich, Perle der Mosel - Visit Remich","robots":{"index":"index","follow":"follow","max-snippet":"max-snippet:-1","max-image-preview":"max-image-preview:large","max-video-preview":"max-video-preview:-1"},"canonical":"https:\/\/visitremich.lu\/de\/","og_locale":"de_DE","og_type":"article","og_title":"Remich, Perle der Mosel - Visit Remich","og_description":"Remich, die Perle der Mosel, ist eine kleine touristische Ortschaft im Dreil\u00e4ndereck zwischen Deutschland, Frankreich und Luxemburg. Ein herrliches Panorama aus Weinbergen und dichten W\u00e4ldern umgibt die Stadt wie ein Amphitheater. Entlang der Mosel f\u00fchrt ein 3 km langer Spazierweg unter Linden- und Kirschb\u00e4umen, der zum Flanieren einl\u00e4dt. Gem\u00fctliche Terrassen, Weinproben der besten luxemburgischen Weine,... Mehr lesen &raquo;","og_url":"https:\/\/visitremich.lu\/de\/","og_site_name":"Visit Remich","article_modified_time":"2025-01-21T07:49:17+00:00","og_image":[{"width":1800,"height":662,"url":"https:\/\/visitremich.lu\/wp-content\/uploads\/sites\/2\/2016\/03\/featured-home.jpg","type":"image\/jpeg"}],"twitter_card":"summary_large_image","schema":{"@context":"https:\/\/schema.org","@graph":[{"@type":"WebPage","@id":"https:\/\/visitremich.lu\/de\/","url":"https:\/\/visitremich.lu\/de\/","name":"Remich, Perle der Mosel - Visit Remich","isPartOf":{"@id":"https:\/\/visitremich.lu\/de\/#website"},"primaryImageOfPage":{"@id":"https:\/\/visitremich.lu\/de\/#primaryimage"},"image":{"@id":"https:\/\/visitremich.lu\/de\/#primaryimage"},"thumbnailUrl":"https:\/\/visitremich.lu\/wp-content\/uploads\/sites\/2\/2016\/03\/featured-home.jpg","datePublished":"2016-03-10T09:14:31+00:00","dateModified":"2025-01-21T07:49:17+00:00","breadcrumb":{"@id":"https:\/\/visitremich.lu\/de\/#breadcrumb"},"inLanguage":"de","potentialAction":[{"@type":"ReadAction","target":["https:\/\/visitremich.lu\/de\/"]}]},{"@type":"ImageObject","inLanguage":"de","@id":"https:\/\/visitremich.lu\/de\/#primaryimage","url":"https:\/\/visitremich.lu\/wp-content\/uploads\/sites\/2\/2016\/03\/featured-home.jpg","contentUrl":"https:\/\/visitremich.lu\/wp-content\/uploads\/sites\/2\/2016\/03\/featured-home.jpg","width":1800,"height":662},{"@type":"BreadcrumbList","@id":"https:\/\/visitremich.lu\/de\/#breadcrumb","itemListElement":[{"@type":"ListItem","position":1,"name":"Home","item":"https:\/\/visitremich.lu\/de\/"},{"@type":"ListItem","position":2,"name":"Remich, Perle der Mosel"}]},{"@type":"WebSite","@id":"https:\/\/visitremich.lu\/de\/#website","url":"https:\/\/visitremich.lu\/de\/","name":"Visit Remich","description":"","potentialAction":[{"@type":"SearchAction","target":{"@type":"EntryPoint","urlTemplate":"https:\/\/visitremich.lu\/de\/?s={search_term_string}"},"query-input":{"@type":"PropertyValueSpecification","valueRequired":true,"valueName":"search_term_string"}}],"inLanguage":"de"}]}},"_links":{"self":[{"href":"https:\/\/visitremich.lu\/de\/wp-json\/wp\/v2\/pages\/2","targetHints":{"allow":["GET"]}}],"collection":[{"href":"https:\/\/visitremich.lu\/de\/wp-json\/wp\/v2\/pages"}],"about":[{"href":"https:\/\/visitremich.lu\/de\/wp-json\/wp\/v2\/types\/page"}],"author":[{"embeddable":true,"href":"https:\/\/visitremich.lu\/de\/wp-json\/wp\/v2\/users\/1"}],"replies":[{"embeddable":true,"href":"https:\/\/visitremich.lu\/de\/wp-json\/wp\/v2\/comments?post=2"}],"version-history":[{"count":20,"href":"https:\/\/visitremich.lu\/de\/wp-json\/wp\/v2\/pages\/2\/revisions"}],"predecessor-version":[{"id":7068,"href":"https:\/\/visitremich.lu\/de\/wp-json\/wp\/v2\/pages\/2\/revisions\/7068"}],"wp:featuredmedia":[{"embeddable":true,"href":"https:\/\/visitremich.lu\/de\/wp-json\/wp\/v2\/media\/118"}],"wp:attachment":[{"href":"https:\/\/visitremich.lu\/de\/wp-json\/wp\/v2\/media?parent=2"}],"curies":[{"name":"wp","href":"https:\/\/api.w.org\/{rel}","templated":true}]}}